{"id":5507,"date":"2025-12-01T09:34:36","date_gmt":"2025-12-01T09:34:36","guid":{"rendered":"https:\/\/rcm-agrimeccanica.it\/?post_type=product&#038;p=5507"},"modified":"2025-12-05T08:57:31","modified_gmt":"2025-12-05T08:57:31","slug":"souffleurs-pour-excavateur-mod-spe","status":"publish","type":"product","link":"https:\/\/rcm-agrimeccanica.it\/fr\/produit\/souffleurs-pour-excavateur-mod-spe\/","title":{"rendered":"Souffleurs pour excavateur &#8211; mod. SPE"},"content":{"rendered":"<div class=\"wpb-content-wrapper\">[vc_row][vc_column][vc_column_text css=\u00a0\u00bb\u00a0\u00bb]\n<div id=\"content-block\" class=\"col-md-8 h-100\">\n<div class=\"col-md-12 descrizione w-100 px-0\">\n<div class=\"py-3\">\n<p style=\"text-align: justify;\">Le souffleur est con\u00e7u pour ceux qui recherchent des performances professionnelles, une efficacit\u00e9 maximale et une fiabilit\u00e9 m\u00eame dans les conditions les plus difficiles. Id\u00e9al pour les jardiniers, les agents d&rsquo;entretien et les utilisateurs exigeants, il offre une puissance de soufflage sup\u00e9rieure pour travailler plus rapidement. Il est \u00e9quip\u00e9 d&rsquo;un moteur haute performance qui garantit un volume d&rsquo;air \u00e9lev\u00e9 pour l&rsquo;\u00e9limination instantan\u00e9e des feuilles, des d\u00e9bris, de l&rsquo;herbe coup\u00e9e et des r\u00e9sidus lourds. Le jet d&rsquo;air est concentr\u00e9 pour augmenter la pr\u00e9cision dans les zones difficiles et ses composants sont renforc\u00e9s pour une longue dur\u00e9e de vie. L&rsquo;utilisation du souffleur est parfaite pour les grands jardins, les parcs et les espaces publics. Id\u00e9al pour les travaux intensifs et professionnels, il garantit des performances sup\u00e9rieures m\u00eame sur les feuilles mouill\u00e9es, le gravier et les salet\u00e9s difficiles.<\/p>\n<\/div>\n<\/div>\n<\/div>\n[\/vc_column_text][vc_empty_space height=\u00a0\u00bb25px\u00a0\u00bb]\t<div class=\"thb_title  style13  \" id=\"thb-title-69ed8c4e59181\">\n\t\t<div class=\"thb_title_inner\">\n\t\t\t\n\t\t\t\t\t\t<h2>SPECIFICHE TECNICHE<\/h2>\n\t\t\t\n\t\t\t\t\t<\/div>\n\t\t\t\t\t\t\t<\/div>\n\t[vc_column_text css=\u00a0\u00bb\u00a0\u00bb]<div class=\"wptb-table-container wptb-table-5498\" data-wptb-horizontal-scroll-status=\"true\"><div class=\"wptb-table-container-matrix\" id=\"wptb-table-id-5498\" data-wptb-version=\"2.0.6\" data-wptb-pro-status=\"false\"><table class=\"wptb-preview-table wptb-element-main-table_setting-5498\" style=\"border-spacing: 3px 3px; border-collapse: collapse !important; min-width: 1088px; \" data-border-spacing-columns=\"3\" data-border-spacing-rows=\"3\" data-reconstraction=\"1\" data-wptb-table-directives=\"eyJpbm5lckJvcmRlcnMiOnsiYWN0aXZlIjoiYWxsIiwiYm9yZGVyV2lkdGgiOjAsImJvcmRlclJhZGl1c2VzIjp7ImFsbCI6MCwicm93IjowLCJjb2x1bW4iOjB9fX0=\" data-wptb-responsive-directives=\"eyJyZXNwb25zaXZlRW5hYmxlZCI6dHJ1ZSwicmVzcG9uc2l2ZU1vZGUiOiJhdXRvIiwicmVsYXRpdmVXaWR0aCI6IndpbmRvdyIsInByZXNlcnZlUm93Q29sb3IiOmZhbHNlLCJoZWFkZXJGdWxseU1lcmdlZCI6ZmFsc2UsImJyZWFrcG9pbnRzIjp7ImRlc2t0b3AiOnsibmFtZSI6ImRlc2t0b3AiLCJ3aWR0aCI6MTAyNH0sInRhYmxldCI6eyJuYW1lIjoidGFibGV0Iiwid2lkdGgiOjcwMH0sIm1vYmlsZSI6eyJuYW1lIjoibW9iaWxlIiwid2lkdGgiOjMwMH19LCJtb2RlT3B0aW9ucyI6eyJhdXRvIjp7ImRpc2FibGVkIjp7ImRlc2t0b3AiOmZhbHNlLCJ0YWJsZXQiOmZhbHNlLCJtb2JpbGUiOmZhbHNlfSwidG9wUm93QXNIZWFkZXIiOnsiZGVza3RvcCI6ZmFsc2UsInRhYmxldCI6dHJ1ZSwibW9iaWxlIjp0cnVlfSwicmVwZWF0TWVyZ2VkSGVhZGVyIjp7ImRlc2t0b3AiOnRydWUsInRhYmxldCI6dHJ1ZSwibW9iaWxlIjp0cnVlfSwic3RhdGljVG9wUm93Ijp7ImRlc2t0b3AiOmZhbHNlLCJ0YWJsZXQiOmZhbHNlLCJtb2JpbGUiOmZhbHNlfSwiY2VsbFN0YWNrRGlyZWN0aW9uIjp7ImRlc2t0b3AiOiJyb3ciLCJ0YWJsZXQiOiJyb3ciLCJtb2JpbGUiOiJyb3cifSwiY2VsbHNQZXJSb3ciOnsiZGVza3RvcCI6MSwidGFibGV0IjoyLCJtb2JpbGUiOjF9fX19\" data-wptb-cells-width-auto-count=\"8\" data-wptb-horizontal-scroll-status=\"1\" data-wptb-extra-styles=\"LyogRW50ZXIgeW91ciBjdXN0b20gQ1NTIHJ1bGVzIGhlcmUgKi8=\" data-wptb-pro-pagination-top-row-header=\"false\" data-wptb-rows-per-page=\"10\" data-wptb-pro-search-top-row-header=\"false\" data-wptb-searchbar-position=\"left\" role=\"table\" data-table-columns=\"8\" data-wptb-table-alignment=\"center\" data-wptb-td-width-auto=\"120\" data-wptb-table-tds-sum-max-width=\"1088\" data-wptb-header-background-color=\"rgb(254, 247, 48)\"><tbody data-global-font-color=\"rgb(0, 0, 0)\" data-global-link-color=\"rgb(0, 0, 0)\" data-global-font-size=\"15\"><tr class=\"wptb-row \" style=\"background-color: rgb(254, 247, 48); \"><td class=\"wptb-cell \" colspan=\"1\" rowspan=\"1\" style=\"padding: 8px; border-radius: 0px; \" data-y-index=\"0\" data-x-index=\"0\" data-wptb-css-td-auto-width=\"false\" data-wptb-css-td-auto-height=\"false\" data-wptb-cell-vertical-alignment=\"center\"><div class=\"wptb-text-container wptb-ph-element wptb-element-text-597\" style=\"color: rgb(74, 85, 104); font-size: 14px; \"><div style=\"position: relative;\"><p style=\"text-align: center;\" data-mce-style=\"text-align: center;\"><strong>Modello<\/strong><\/p><\/div><\/div><\/td><td class=\"wptb-cell \" colspan=\"1\" rowspan=\"1\" style=\"padding: 8px; border-radius: 0px; \" data-y-index=\"0\" data-x-index=\"1\" data-wptb-css-td-auto-width=\"false\" data-wptb-css-td-auto-height=\"false\" data-wptb-cell-vertical-alignment=\"center\"><div class=\"wptb-text-container wptb-ph-element wptb-element-text-598\" style=\"color: rgb(74, 85, 104); font-size: 14px; \"><div style=\"position: relative;\"><p style=\"text-align: center;\" data-mce-style=\"text-align: center;\"><strong>Larghezza<\/strong><\/p><\/div><\/div><\/td><td class=\"wptb-cell \" colspan=\"1\" rowspan=\"1\" style=\"padding: 8px; border-radius: 0px; \" data-y-index=\"0\" data-x-index=\"2\" data-wptb-css-td-auto-width=\"false\" data-wptb-css-td-auto-height=\"false\" data-wptb-cell-vertical-alignment=\"center\"><div class=\"wptb-text-container wptb-ph-element wptb-element-text-599\" style=\"color: rgb(74, 85, 104); font-size: 14px; \"><div style=\"position: relative;\"><p style=\"text-align: center;\" data-mce-style=\"text-align: center;\"><strong>Lunghezza&#65279;<\/strong><\/p><\/div><\/div><\/td><td class=\"wptb-cell \" colspan=\"1\" rowspan=\"1\" style=\"padding: 8px; border-radius: 0px; \" data-y-index=\"0\" data-x-index=\"3\" data-wptb-css-td-auto-width=\"false\" data-wptb-css-td-auto-height=\"false\" data-wptb-cell-vertical-alignment=\"center\"><div class=\"wptb-text-container wptb-ph-element wptb-element-text-600\" style=\"color: rgb(74, 85, 104); font-size: 15px; \"><div style=\"position: relative;\"><p style=\"text-align: center;\" data-mce-style=\"text-align: center;\"><strong>Altezza<\/strong><\/p><\/div><\/div><\/td><td class=\"wptb-cell \" colspan=\"1\" rowspan=\"1\" style=\"padding: 8px; border-radius: 0px; \" data-y-index=\"0\" data-x-index=\"4\" data-wptb-css-td-auto-width=\"false\" data-wptb-css-td-auto-height=\"false\" data-wptb-cell-vertical-alignment=\"center\"><div class=\"wptb-text-container wptb-ph-element wptb-element-text-601\" style=\"color: rgb(0, 0, 0); font-size: 1em; \"><div style=\"position: relative;\"><p style=\"text-align: center;\">Velocit&agrave; aria emessa<\/p><\/div><\/div><\/td><td class=\"wptb-cell \" colspan=\"1\" rowspan=\"1\" style=\"padding: 8px; border-radius: 0px; \" data-y-index=\"0\" data-x-index=\"5\" data-wptb-css-td-auto-width=\"false\" data-wptb-css-td-auto-height=\"false\" data-wptb-cell-vertical-alignment=\"center\"><div class=\"wptb-text-container wptb-ph-element wptb-element-text-602\" style=\"color: rgb(0, 0, 0); font-size: 1em; \"><div style=\"position: relative;\"><p style=\"text-align: center;\">Pressione sonora massima<\/p><\/div><\/div><\/td><td class=\"wptb-cell \" colspan=\"1\" rowspan=\"1\" style=\"padding: 8px; border-radius: 0px; \" data-y-index=\"0\" data-x-index=\"6\" data-wptb-css-td-auto-width=\"false\" data-wptb-css-td-auto-height=\"false\" data-wptb-cell-vertical-alignment=\"center\"><div class=\"wptb-text-container wptb-ph-element wptb-element-text-603\" style=\"color: rgb(0, 0, 0); font-size: 1em; \"><div style=\"position: relative;\"><p style=\"text-align: center;\">Peso dell'escavatore min.-max.<\/p><\/div><\/div><\/td><td class=\"wptb-cell \" colspan=\"1\" rowspan=\"1\" style=\"padding: 8px; border-radius: 0px; \" data-y-index=\"0\" data-x-index=\"7\" data-wptb-css-td-auto-width=\"false\" data-wptb-css-td-auto-height=\"false\" data-wptb-cell-vertical-alignment=\"center\"><div class=\"wptb-text-container wptb-ph-element wptb-element-text-604\" style=\"color: rgb(74, 85, 104); font-size: 15px; \"><div style=\"position: relative;\"><p style=\"text-align: center;\" data-mce-style=\"text-align: center;\"><strong>Peso&#65279; della macchina<\/strong><\/p><\/div><\/div><\/td><\/tr><tr class=\"wptb-row \" style=\"\"><td class=\"wptb-cell \" colspan=\"1\" rowspan=\"1\" style=\"padding: 8px; border-radius: 0px; \" data-y-index=\"1\" data-x-index=\"0\" data-wptb-css-td-auto-width=\"false\" data-wptb-css-td-auto-height=\"false\" data-wptb-cell-vertical-alignment=\"center\"><div class=\"wptb-text-container wptb-ph-element wptb-element-text-605\" style=\"color: rgb(74, 85, 104); font-size: 15px; \"><div style=\"position: relative;\"><p style=\"text-align: center;\">SPE1<\/p><\/div><\/div><\/td><td class=\"wptb-cell \" colspan=\"1\" rowspan=\"1\" style=\"padding: 8px; border-radius: 0px; \" data-y-index=\"1\" data-x-index=\"1\" data-wptb-css-td-auto-width=\"false\" data-wptb-css-td-auto-height=\"false\" data-wptb-cell-vertical-alignment=\"center\"><div class=\"wptb-text-container wptb-ph-element wptb-element-text-606\" style=\"color: rgb(74, 85, 104); font-size: 15px; \"><div style=\"position: relative;\"><p style=\"text-align: center;\">156 cm<\/p><\/div><\/div><\/td><td class=\"wptb-cell \" colspan=\"1\" rowspan=\"1\" style=\"padding: 8px; border-radius: 0px; \" data-y-index=\"1\" data-x-index=\"2\" data-wptb-css-td-auto-width=\"false\" data-wptb-css-td-auto-height=\"false\" data-wptb-cell-vertical-alignment=\"center\"><div class=\"wptb-text-container wptb-ph-element wptb-element-text-607\" style=\"color: rgb(74, 85, 104); font-size: 15px; \"><div style=\"position: relative;\"><p style=\"text-align: center;\">45 cm<\/p><\/div><\/div><\/td><td class=\"wptb-cell \" colspan=\"1\" rowspan=\"1\" style=\"padding: 8px; border-radius: 0px; \" data-y-index=\"1\" data-x-index=\"3\" data-wptb-css-td-auto-width=\"false\" data-wptb-css-td-auto-height=\"false\" data-wptb-cell-vertical-alignment=\"center\"><div class=\"wptb-text-container wptb-ph-element wptb-element-text-608\" style=\"color: rgb(74, 85, 104); font-size: 15px; \"><div style=\"position: relative;\"><p style=\"text-align: center;\">49 cm<\/p><\/div><\/div><\/td><td class=\"wptb-cell \" colspan=\"1\" rowspan=\"1\" style=\"padding: 8px; border-radius: 0px; \" data-y-index=\"1\" data-x-index=\"4\" data-wptb-css-td-auto-width=\"false\" data-wptb-css-td-auto-height=\"false\" data-wptb-cell-vertical-alignment=\"center\"><div class=\"wptb-text-container wptb-ph-element wptb-element-text-609\" style=\"color: rgb(0, 0, 0); font-size: 1em; \"><div style=\"position: relative;\"><p style=\"text-align: center;\">&gt;180 Km\/h<\/p><\/div><\/div><\/td><td class=\"wptb-cell \" colspan=\"1\" rowspan=\"1\" style=\"padding: 8px; border-radius: 0px; \" data-y-index=\"1\" data-x-index=\"5\" data-wptb-css-td-auto-width=\"false\" data-wptb-css-td-auto-height=\"false\" data-wptb-cell-vertical-alignment=\"center\"><div class=\"wptb-text-container wptb-ph-element wptb-element-text-610\" style=\"color: rgb(0, 0, 0); font-size: 1em; \"><div style=\"position: relative;\"><p style=\"text-align: center;\">90 db<\/p><\/div><\/div><\/td><td class=\"wptb-cell \" colspan=\"1\" rowspan=\"1\" style=\"padding: 8px; border-radius: 0px; \" data-y-index=\"1\" data-x-index=\"6\" data-wptb-css-td-auto-width=\"false\" data-wptb-css-td-auto-height=\"false\" data-wptb-cell-vertical-alignment=\"center\"><div class=\"wptb-text-container wptb-ph-element wptb-element-text-611\" style=\"color: rgb(0, 0, 0); font-size: 1em; \"><div style=\"position: relative;\"><p style=\"text-align: center;\">15-35 qt<\/p><\/div><\/div><\/td><td class=\"wptb-cell \" colspan=\"1\" rowspan=\"1\" style=\"padding: 8px; border-radius: 0px; \" data-y-index=\"1\" data-x-index=\"7\" data-wptb-css-td-auto-width=\"false\" data-wptb-css-td-auto-height=\"false\" data-wptb-cell-vertical-alignment=\"center\"><div class=\"wptb-text-container wptb-ph-element wptb-element-text-612\" style=\"color: rgb(74, 85, 104); font-size: 15px; \"><div style=\"position: relative;\"><p style=\"text-align: center;\">53 Kg<\/p><\/div><\/div><\/td><\/tr><\/tbody><\/table><\/div><\/div>\n[\/vc_column_text][vc_empty_space height=\u00a0\u00bb5px\u00a0\u00bb][\/vc_column][\/vc_row]\n<\/div>","protected":false},"excerpt":{"rendered":"<p>Machine de soufflage innovante.<\/p>\n<p><a href=\"https:\/\/rcm-agrimeccanica.it\/fr\/contacts\/#contattaci\" rel=\"noopener\"><button class=\"single_add_to_cart_button button alt\" name=\"add-to-cart\" type=\"submit\" value=\"204\">Richiedi informazioni<\/button><\/a><\/p>\n","protected":false},"featured_media":5508,"template":"","meta":{"ngg_post_thumbnail":0},"product_cat":[386],"product_tag":[],"yoast_head":"<!-- This site is optimized with the Yoast SEO plugin v20.5 - https:\/\/yoast.com\/wordpress\/plugins\/seo\/ -->\n<title>Souffleurs pour excavateur - mod. SPE - RCM Agrimeccanica: Macchine agricole ed industriali<\/title>\n<meta name=\"description\" content=\"RCM Agrimeccanica: esperti in macchinari agricoli e industriali con oltre 30 anni di innovazione e qualit\u00e0 in Italia. Scopri le nostre soluzioni.\" \/>\n<meta name=\"robots\" content=\"index, follow, max-snippet:-1, max-image-preview:large, max-video-preview:-1\" \/>\n<link rel=\"canonical\" href=\"https:\/\/rcm-agrimeccanica.it\/en\/?post_type=product&p=5511\" \/>\n<meta property=\"og:locale\" content=\"fr_FR\" \/>\n<meta property=\"og:type\" content=\"article\" \/>\n<meta property=\"og:title\" content=\"Souffleurs pour excavateur - mod. SPE - RCM Agrimeccanica: Macchine agricole ed industriali\" \/>\n<meta property=\"og:description\" content=\"RCM Agrimeccanica: esperti in macchinari agricoli e industriali con oltre 30 anni di innovazione e qualit\u00e0 in Italia. Scopri le nostre soluzioni.\" \/>\n<meta property=\"og:url\" content=\"https:\/\/rcm-agrimeccanica.it\/en\/?post_type=product&amp;p=5511\" \/>\n<meta property=\"og:site_name\" content=\"RCM Agrimeccanica: Macchine agricole ed industriali\" \/>\n<meta property=\"article:modified_time\" content=\"2025-12-05T08:57:31+00:00\" \/>\n<meta property=\"og:image\" content=\"https:\/\/rcm-agrimeccanica.it\/wp-content\/uploads\/2025\/12\/SPE_1.jpg\" \/>\n\t<meta property=\"og:image:width\" content=\"500\" \/>\n\t<meta property=\"og:image:height\" content=\"374\" \/>\n\t<meta property=\"og:image:type\" content=\"image\/jpeg\" \/>\n<meta name=\"twitter:card\" content=\"summary_large_image\" \/>\n<meta name=\"twitter:label1\" content=\"Dur\u00e9e de lecture estim\u00e9e\" \/>\n\t<meta name=\"twitter:data1\" content=\"1 minute\" \/>\n<script type=\"application\/ld+json\" class=\"yoast-schema-graph\">{\"@context\":\"https:\/\/schema.org\",\"@graph\":[{\"@type\":\"WebPage\",\"@id\":\"https:\/\/rcm-agrimeccanica.it\/en\/?post_type=product&p=5511\",\"url\":\"https:\/\/rcm-agrimeccanica.it\/en\/?post_type=product&p=5511\",\"name\":\"Souffleurs pour excavateur - mod. SPE - RCM Agrimeccanica: Macchine agricole ed industriali\",\"isPartOf\":{\"@id\":\"https:\/\/rcm-agrimeccanica.it\/en\/#website\"},\"datePublished\":\"2025-12-01T09:34:36+00:00\",\"dateModified\":\"2025-12-05T08:57:31+00:00\",\"description\":\"RCM Agrimeccanica: esperti in macchinari agricoli e industriali con oltre 30 anni di innovazione e qualit\u00e0 in Italia. Scopri le nostre soluzioni.\",\"breadcrumb\":{\"@id\":\"https:\/\/rcm-agrimeccanica.it\/en\/?post_type=product&p=5511#breadcrumb\"},\"inLanguage\":\"fr-FR\",\"potentialAction\":[{\"@type\":\"ReadAction\",\"target\":[\"https:\/\/rcm-agrimeccanica.it\/en\/?post_type=product&p=5511\"]}]},{\"@type\":\"BreadcrumbList\",\"@id\":\"https:\/\/rcm-agrimeccanica.it\/en\/?post_type=product&p=5511#breadcrumb\",\"itemListElement\":[{\"@type\":\"ListItem\",\"position\":1,\"name\":\"Home\",\"item\":\"https:\/\/rcm-agrimeccanica.it\/fr\/\"},{\"@type\":\"ListItem\",\"position\":2,\"name\":\"Produits\",\"item\":\"https:\/\/rcm-agrimeccanica.it\/fr\/shop\/\"},{\"@type\":\"ListItem\",\"position\":3,\"name\":\"Souffleurs pour excavateur &#8211; mod. SPE\"}]},{\"@type\":\"WebSite\",\"@id\":\"https:\/\/rcm-agrimeccanica.it\/en\/#website\",\"url\":\"https:\/\/rcm-agrimeccanica.it\/en\/\",\"name\":\"RCM Agrimeccanica\",\"description\":\"\",\"alternateName\":\"RCM Agrimeccanica\",\"potentialAction\":[{\"@type\":\"SearchAction\",\"target\":{\"@type\":\"EntryPoint\",\"urlTemplate\":\"https:\/\/rcm-agrimeccanica.it\/en\/?s={search_term_string}\"},\"query-input\":\"required name=search_term_string\"}],\"inLanguage\":\"fr-FR\"}]}<\/script>\n<!-- \/ Yoast SEO plugin. -->","yoast_head_json":{"title":"Souffleurs pour excavateur - mod. SPE - RCM Agrimeccanica: Macchine agricole ed industriali","description":"RCM Agrimeccanica: esperti in macchinari agricoli e industriali con oltre 30 anni di innovazione e qualit\u00e0 in Italia. Scopri le nostre soluzioni.","robots":{"index":"index","follow":"follow","max-snippet":"max-snippet:-1","max-image-preview":"max-image-preview:large","max-video-preview":"max-video-preview:-1"},"canonical":"https:\/\/rcm-agrimeccanica.it\/en\/?post_type=product&p=5511","og_locale":"fr_FR","og_type":"article","og_title":"Souffleurs pour excavateur - mod. SPE - RCM Agrimeccanica: Macchine agricole ed industriali","og_description":"RCM Agrimeccanica: esperti in macchinari agricoli e industriali con oltre 30 anni di innovazione e qualit\u00e0 in Italia. Scopri le nostre soluzioni.","og_url":"https:\/\/rcm-agrimeccanica.it\/en\/?post_type=product&p=5511","og_site_name":"RCM Agrimeccanica: Macchine agricole ed industriali","article_modified_time":"2025-12-05T08:57:31+00:00","og_image":[{"width":500,"height":374,"url":"https:\/\/rcm-agrimeccanica.it\/wp-content\/uploads\/2025\/12\/SPE_1.jpg","type":"image\/jpeg"}],"twitter_card":"summary_large_image","twitter_misc":{"Dur\u00e9e de lecture estim\u00e9e":"1 minute"},"schema":{"@context":"https:\/\/schema.org","@graph":[{"@type":"WebPage","@id":"https:\/\/rcm-agrimeccanica.it\/en\/?post_type=product&p=5511","url":"https:\/\/rcm-agrimeccanica.it\/en\/?post_type=product&p=5511","name":"Souffleurs pour excavateur - mod. SPE - RCM Agrimeccanica: Macchine agricole ed industriali","isPartOf":{"@id":"https:\/\/rcm-agrimeccanica.it\/en\/#website"},"datePublished":"2025-12-01T09:34:36+00:00","dateModified":"2025-12-05T08:57:31+00:00","description":"RCM Agrimeccanica: esperti in macchinari agricoli e industriali con oltre 30 anni di innovazione e qualit\u00e0 in Italia. Scopri le nostre soluzioni.","breadcrumb":{"@id":"https:\/\/rcm-agrimeccanica.it\/en\/?post_type=product&p=5511#breadcrumb"},"inLanguage":"fr-FR","potentialAction":[{"@type":"ReadAction","target":["https:\/\/rcm-agrimeccanica.it\/en\/?post_type=product&p=5511"]}]},{"@type":"BreadcrumbList","@id":"https:\/\/rcm-agrimeccanica.it\/en\/?post_type=product&p=5511#breadcrumb","itemListElement":[{"@type":"ListItem","position":1,"name":"Home","item":"https:\/\/rcm-agrimeccanica.it\/fr\/"},{"@type":"ListItem","position":2,"name":"Produits","item":"https:\/\/rcm-agrimeccanica.it\/fr\/shop\/"},{"@type":"ListItem","position":3,"name":"Souffleurs pour excavateur &#8211; mod. SPE"}]},{"@type":"WebSite","@id":"https:\/\/rcm-agrimeccanica.it\/en\/#website","url":"https:\/\/rcm-agrimeccanica.it\/en\/","name":"RCM Agrimeccanica","description":"","alternateName":"RCM Agrimeccanica","potentialAction":[{"@type":"SearchAction","target":{"@type":"EntryPoint","urlTemplate":"https:\/\/rcm-agrimeccanica.it\/en\/?s={search_term_string}"},"query-input":"required name=search_term_string"}],"inLanguage":"fr-FR"}]}},"_links":{"self":[{"href":"https:\/\/rcm-agrimeccanica.it\/fr\/wp-json\/wp\/v3\/product\/5507"}],"collection":[{"href":"https:\/\/rcm-agrimeccanica.it\/fr\/wp-json\/wp\/v3\/product"}],"about":[{"href":"https:\/\/rcm-agrimeccanica.it\/fr\/wp-json\/wp\/v2\/types\/product"}],"wp:featuredmedia":[{"embeddable":true,"href":"https:\/\/rcm-agrimeccanica.it\/fr\/wp-json\/wp\/v2\/media\/5508"}],"wp:attachment":[{"href":"https:\/\/rcm-agrimeccanica.it\/fr\/wp-json\/wp\/v2\/media?parent=5507"}],"wp:term":[{"taxonomy":"product_cat","embeddable":true,"href":"https:\/\/rcm-agrimeccanica.it\/fr\/wp-json\/wp\/v2\/product_cat?post=5507"},{"taxonomy":"product_tag","embeddable":true,"href":"https:\/\/rcm-agrimeccanica.it\/fr\/wp-json\/wp\/v2\/product_tag?post=5507"}],"curies":[{"name":"wp","href":"https:\/\/api.w.org\/{rel}","templated":true}]}}