{"id":5442,"date":"2025-02-25T08:05:31","date_gmt":"2025-02-25T08:05:31","guid":{"rendered":"https:\/\/rcm-agrimeccanica.it\/?post_type=product&#038;p=5442"},"modified":"2025-03-04T09:47:23","modified_gmt":"2025-03-04T09:47:23","slug":"pince-extractrice-agricole","status":"publish","type":"product","link":"https:\/\/rcm-agrimeccanica.it\/fr\/produit\/pince-extractrice-agricole\/","title":{"rendered":"Pince extratrice agricole &#8211; mod. PEA"},"content":{"rendered":"<div class=\"wpb-content-wrapper\">[vc_row][vc_column][vc_column_text css=\u00a0\u00bb\u00a0\u00bb][\/vc_column_text][vc_empty_space][\/vc_column][\/vc_row][vc_row][vc_column][vc_column_text css=\u00a0\u00bb\u00a0\u00bb]Il s\u2019agit d\u2019une machine con\u00e7ue dans les moindres d\u00e9tails qui permet \u00e0 l\u2019op\u00e9rateur de travailler sans probl\u00e8mes de secousses du tracteur gr\u00e2ce \u00e0 l\u2019utilisation d\u2019un piston hydraulique qui actionne un pied d\u2019appui pour stabiliser la machine pendant la phase de travail.<br \/>\nLe grappin a des dimensions de travail g\u00e9n\u00e9reuses en termes de largeur et de hauteur, ce qui permet \u00e0 l\u2019op\u00e9rateur de travailler dans toutes les conditions sans variations structurelles.[\/vc_column_text][\/vc_column][\/vc_row][vc_row][vc_column][vc_empty_space][\/vc_column][\/vc_row][vc_row][vc_column]\t<div class=\"thb_title  style13  \" id=\"thb-title-69e3515a52e9b\">\n\t\t<div class=\"thb_title_inner\">\n\t\t\t\n\t\t\t\t\t\t<h2>SPECIFICHE TECNICHE<\/h2>\n\t\t\t\n\t\t\t\t\t<\/div>\n\t\t\t\t\t\t\t<\/div>\n\t[vc_column_text css=\u00a0\u00bb\u00a0\u00bb]<div class=\"wptb-table-container wptb-table-5431\"><div class=\"wptb-table-container-matrix\" id=\"wptb-table-id-5431\" data-wptb-version=\"2.0.6\" data-wptb-pro-status=\"false\"><table class=\"wptb-preview-table wptb-element-main-table_setting-5431\" style=\"border-spacing: 3px 3px; border-collapse:  !important; min-width: 928px; \" data-border-spacing-columns=\"3\" data-border-spacing-rows=\"3\" data-reconstraction=\"1\" data-wptb-table-directives=\"eyJpbm5lckJvcmRlcnMiOnsiYWN0aXZlIjoiYWxsIiwiYm9yZGVyV2lkdGgiOiIiLCJib3JkZXJSYWRpdXNlcyI6eyJhbGwiOmZhbHNlfX19\" data-wptb-responsive-directives=\"eyJyZXNwb25zaXZlRW5hYmxlZCI6dHJ1ZSwicmVzcG9uc2l2ZU1vZGUiOiJhdXRvIiwicHJlc2VydmVSb3dDb2xvciI6ZmFsc2UsInJlbGF0aXZlV2lkdGgiOiJ3aW5kb3ciLCJoZWFkZXJGdWxseU1lcmdlZCI6ZmFsc2UsIm1vZGVPcHRpb25zIjp7ImF1dG8iOnsiZGlzYWJsZWQiOnsiZGVza3RvcCI6ZmFsc2UsInRhYmxldCI6ZmFsc2UsIm1vYmlsZSI6ZmFsc2V9LCJ0b3BSb3dBc0hlYWRlciI6eyJkZXNrdG9wIjpmYWxzZSwidGFibGV0Ijp0cnVlLCJtb2JpbGUiOnRydWV9LCJyZXBlYXRNZXJnZWRIZWFkZXIiOnsiZGVza3RvcCI6dHJ1ZSwidGFibGV0Ijp0cnVlLCJtb2JpbGUiOnRydWV9LCJzdGF0aWNUb3BSb3ciOnsiZGVza3RvcCI6ZmFsc2UsInRhYmxldCI6ZmFsc2UsIm1vYmlsZSI6ZmFsc2V9LCJjZWxsU3RhY2tEaXJlY3Rpb24iOnsiZGVza3RvcCI6InJvdyIsInRhYmxldCI6InJvdyIsIm1vYmlsZSI6InJvdyJ9LCJjZWxsc1BlclJvdyI6eyJkZXNrdG9wIjoxLCJ0YWJsZXQiOjIsIm1vYmlsZSI6MX19fSwiYnJlYWtwb2ludHMiOnsiZGVza3RvcCI6eyJuYW1lIjoiZGVza3RvcCIsIndpZHRoIjoxMDI0fSwidGFibGV0Ijp7Im5hbWUiOiJ0YWJsZXQiLCJ3aWR0aCI6NzAwfSwibW9iaWxlIjp7Im5hbWUiOiJtb2JpbGUiLCJ3aWR0aCI6MzAwfX19\" data-wptb-cells-width-auto-count=\"8\" data-wptb-horizontal-scroll-status=\"false\" data-wptb-extra-styles=\"LyogRW50ZXIgeW91ciBjdXN0b20gQ1NTIHJ1bGVzIGhlcmUgKi8=\" data-wptb-pro-pagination-top-row-header=\"false\" data-wptb-rows-per-page=\"10\" data-wptb-pro-search-top-row-header=\"false\" data-wptb-searchbar-position=\"left\" role=\"table\" data-table-columns=\"8\" data-wptb-table-alignment=\"center\" data-wptb-table-tds-sum-max-width=\"928\" data-wptb-header-background-color=\"#FEF730FF\"><tbody data-global-font-color=\"#000000\" data-global-link-color=\"#000000\" data-global-font-size=\"15\"><tr class=\"wptb-row \" style=\"background-color: rgb(254, 247, 48); \"><td class=\"wptb-cell \" style=\"padding: 8px; \" data-y-index=\"0\" data-x-index=\"0\" data-sorted-vertical=\"ask-disabled\" data-wptb-css-td-auto-width=\"true\" data-wptb-cell-vertical-alignment=\"center\"><div class=\"wptb-text-container wptb-ph-element wptb-element-text-597\" style=\"color: rgb(74, 85, 104); font-size: 14px; \"><div style=\"position: relative;\"><p style=\"text-align: center;\" data-mce-style=\"text-align: center;\"><strong>Modello<\/strong><\/p>\n<\/div><\/div><\/td><td class=\"wptb-cell \" style=\"padding: 8px; \" data-y-index=\"0\" data-x-index=\"1\" data-wptb-css-td-auto-width=\"true\" data-wptb-cell-vertical-alignment=\"center\"><div class=\"wptb-text-container wptb-ph-element wptb-element-text-598\" style=\"color: rgb(74, 85, 104); font-size: 14px; \"><div style=\"position: relative;\"><p style=\"text-align: center;\" data-mce-style=\"text-align: center;\"><strong>Larghezza<\/strong><\/p>\n<\/div><\/div><\/td><td class=\"wptb-cell \" style=\"padding: 8px; \" data-y-index=\"0\" data-x-index=\"2\" data-wptb-css-td-auto-width=\"true\" data-wptb-cell-vertical-alignment=\"center\"><div class=\"wptb-text-container wptb-ph-element wptb-element-text-599\" style=\"color: rgb(74, 85, 104); font-size: 14px; \"><div style=\"position: relative;\"><p style=\"text-align: center;\" data-mce-style=\"text-align: center;\"><strong>Lunghezza&#65279;<\/strong><\/p>\n<\/div><\/div><\/td><td class=\"wptb-cell \" style=\"padding: 8px; \" data-y-index=\"0\" data-x-index=\"3\" data-wptb-css-td-auto-width=\"true\" data-wptb-cell-vertical-alignment=\"center\"><div class=\"wptb-text-container wptb-ph-element wptb-element-text-600\" style=\"color: rgb(74, 85, 104); font-size: 15px; \"><div style=\"position: relative;\"><p style=\"text-align: center;\" data-mce-style=\"text-align: center;\"><strong>Altezza<\/strong><\/p>\n<\/div><\/div><\/td><td class=\"wptb-cell \" style=\"padding: 8px; \" data-y-index=\"0\" data-x-index=\"4\" data-wptb-css-td-auto-width=\"true\" data-wptb-cell-vertical-alignment=\"center\"><div class=\"wptb-text-container wptb-ph-element wptb-element-text-601\" style=\"color: rgb(74, 85, 104); font-size: 15px; \"><div style=\"position: relative;\"><p style=\"text-align: center;\" data-mce-style=\"text-align: center;\"><strong>Larghezza di lavoro<\/strong><\/p>\n<\/div><\/div><\/td><td class=\"wptb-cell \" style=\"padding: 8px; \" data-y-index=\"0\" data-x-index=\"5\" data-wptb-css-td-auto-width=\"true\" data-wptb-cell-vertical-alignment=\"center\"><div class=\"wptb-text-container wptb-ph-element wptb-element-text-602\" style=\"color: rgb(74, 85, 104); font-size: 15px; \"><div style=\"position: relative;\"><p style=\"text-align: center;\" data-mce-style=\"text-align: center;\"><strong>Altezza di lavoro&#65279;<\/strong><\/p>\n<\/div><\/div><\/td><td class=\"wptb-cell \" style=\"padding: 8px; \" data-y-index=\"0\" data-x-index=\"6\" data-wptb-css-td-auto-width=\"true\" data-wptb-cell-vertical-alignment=\"center\"><div class=\"wptb-text-container wptb-ph-element wptb-element-text-603\" style=\"color: rgb(0, 0, 0); font-size: 15px; \"><div style=\"position: relative;\"><p>Pressione max. pistone<\/p>\n<\/div><\/div><\/td><td class=\"wptb-cell \" style=\"padding: 8px; \" data-y-index=\"0\" data-x-index=\"7\" data-wptb-css-td-auto-width=\"true\" data-wptb-cell-vertical-alignment=\"center\"><div class=\"wptb-text-container wptb-ph-element wptb-element-text-604\" style=\"color: rgb(74, 85, 104); font-size: 15px; \"><div style=\"position: relative;\"><p style=\"text-align: center;\" data-mce-style=\"text-align: center;\"><strong>Peso della macchina<\/strong><\/p>\n<\/div><\/div><\/td><\/tr><tr class=\"wptb-row \" style=\"\"><td class=\"wptb-cell \" style=\"padding: 8px; \" data-y-index=\"1\" data-x-index=\"0\" data-wptb-css-td-auto-width=\"true\" data-wptb-cell-vertical-alignment=\"center\"><div class=\"wptb-text-container wptb-ph-element wptb-element-text-605\" style=\"color: rgb(74, 85, 104); font-size: 15px; \"><div style=\"position: relative;\"><p style=\"text-align: center;\" data-mce-style=\"text-align: center;\">PEA1<\/p>\n<\/div><\/div><\/td><td class=\"wptb-cell \" style=\"padding: 8px; \" data-y-index=\"1\" data-x-index=\"1\" data-wptb-css-td-auto-width=\"true\" data-wptb-cell-vertical-alignment=\"center\"><div class=\"wptb-text-container wptb-ph-element wptb-element-text-606\" style=\"color: rgb(74, 85, 104); font-size: 15px; \"><div style=\"position: relative;\"><p style=\"text-align: center;\" data-mce-style=\"text-align: center;\">90 cm<\/p>\n<\/div><\/div><\/td><td class=\"wptb-cell \" style=\"padding: 8px; \" data-y-index=\"1\" data-x-index=\"2\" data-wptb-css-td-auto-width=\"true\" data-wptb-cell-vertical-alignment=\"center\"><div class=\"wptb-text-container wptb-ph-element wptb-element-text-607\" style=\"color: rgb(74, 85, 104); font-size: 15px; \"><div style=\"position: relative;\"><p style=\"text-align: center;\" data-mce-style=\"text-align: center;\">70 cm<\/p>\n<\/div><\/div><\/td><td class=\"wptb-cell \" style=\"padding: 8px; \" data-y-index=\"1\" data-x-index=\"3\" data-wptb-css-td-auto-width=\"true\" data-wptb-cell-vertical-alignment=\"center\"><div class=\"wptb-text-container wptb-ph-element wptb-element-text-608\" style=\"color: rgb(74, 85, 104); font-size: 15px; \"><div style=\"position: relative;\"><p style=\"text-align: center;\" data-mce-style=\"text-align: center;\">165 cm<\/p>\n<\/div><\/div><\/td><td class=\"wptb-cell \" style=\"padding: 8px; \" data-y-index=\"1\" data-x-index=\"4\" data-wptb-css-td-auto-width=\"true\" data-wptb-cell-vertical-alignment=\"center\"><div class=\"wptb-text-container wptb-ph-element wptb-element-text-609\" style=\"color: rgb(74, 85, 104); font-size: 15px; \"><div style=\"position: relative;\"><p style=\"text-align: center;\" data-mce-style=\"text-align: center;\">20 cm<\/p>\n<\/div><\/div><\/td><td class=\"wptb-cell \" style=\"padding: 8px; \" data-y-index=\"1\" data-x-index=\"5\" data-wptb-css-td-auto-width=\"true\" data-wptb-cell-vertical-alignment=\"center\"><div class=\"wptb-text-container wptb-ph-element wptb-element-text-610\" style=\"color: rgb(74, 85, 104); font-size: 15px; \"><div style=\"position: relative;\"><p style=\"text-align: center;\" data-mce-style=\"text-align: center;\">15 cm<\/p>\n<\/div><\/div><\/td><td class=\"wptb-cell \" style=\"padding: 8px; \" data-y-index=\"1\" data-x-index=\"6\" data-wptb-css-td-auto-width=\"true\" data-wptb-cell-vertical-alignment=\"center\"><div class=\"wptb-text-container wptb-ph-element wptb-element-text-611\" style=\"color: rgb(0, 0, 0); font-size: 15px; \"><div style=\"position: relative;\"><p style=\"text-align: center;\" data-mce-style=\"text-align: center;\">250 bar<\/p>\n<\/div><\/div><\/td><td class=\"wptb-cell \" style=\"padding: 8px; \" data-y-index=\"1\" data-x-index=\"7\" data-wptb-css-td-auto-width=\"true\" data-wptb-cell-vertical-alignment=\"center\"><div class=\"wptb-text-container wptb-ph-element wptb-element-text-612\" style=\"color: rgb(74, 85, 104); font-size: 15px; \"><div style=\"position: relative;\"><p style=\"text-align: center;\" data-mce-style=\"text-align: center;\">200 Kg<\/p>\n<\/div><\/div><\/td><\/tr><\/tbody><\/table><\/div><\/div>\n[\/vc_column_text][vc_empty_space height=\u00a0\u00bb5px\u00a0\u00bb]\t<div class=\"thb_title  style13  \" id=\"thb-title-69e3515a5635e\">\n\t\t<div class=\"thb_title_inner\">\n\t\t\t\n\t\t\t\t\t\t<h2>DOCUMENTATION ET CATALOGUES DES PRODUITS<\/h2>\n\t\t\t\n\t\t\t\t\t\t\t<a href=\"https:\/\/rcm-agrimeccanica.it\/wp-content\/uploads\/2025\/02\/PEA.pdf\" target=\"_blank\" class=\"thb_title_link\">TELECHARGEZ NOTRE BROCHURE <svg xmlns=\"http:\/\/www.w3.org\/2000\/svg\" xmlns:xlink=\"http:\/\/www.w3.org\/1999\/xlink\" x=\"0px\" y=\"0px\"\r\n\t width=\"30px\" height=\"18px\" viewBox=\"0 0 30 18\" enable-background=\"new 0 0 30 18\" xml:space=\"preserve\">\r\n<path class=\"handle\" d=\"M20.305,16.212c-0.407,0.409-0.407,1.071,0,1.479s1.068,0.408,1.476,0l7.914-7.952c0.408-0.409,0.408-1.071,0-1.481\r\n\tl-7.914-7.952c-0.407-0.409-1.068-0.409-1.476,0s-0.407,1.071,0,1.48l7.185,7.221L20.305,16.212z\"\/>\r\n<path class=\"bar\" fill-rule=\"evenodd\" clip-rule=\"evenodd\" d=\"M1,8h28.001c0.551,0,1,0.448,1,1c0,0.553-0.449,1-1,1H1c-0.553,0-1-0.447-1-1\r\n\tC0,8.448,0.447,8,1,8z\"\/>\r\n<\/svg>\r\n<\/a>\n\t\t\t\t\t<\/div>\n\t\t\t\t\t\t\t<\/div>\n\t[\/vc_column][\/vc_row]\n<\/div>","protected":false},"excerpt":{"rendered":"<p>La machine est fix\u00e9e \u00e0 l\u2019un de nos robustes ch\u00e2ssis et est adapt\u00e9e \u00e0 l\u2019arrachage des vignes et des poteaux, gr\u00e2ce \u00e0 un piston surdimensionn\u00e9 qui garantit un travail pr\u00e9cis et sans effort.<\/p>\n","protected":false},"featured_media":5443,"template":"","meta":{"ngg_post_thumbnail":0},"product_cat":[],"product_tag":[],"yoast_head":"<!-- This site is optimized with the Yoast SEO plugin v20.5 - https:\/\/yoast.com\/wordpress\/plugins\/seo\/ -->\n<title>Pince extratrice agricole - mod. PEA - RCM Agrimeccanica: Macchine agricole ed industriali<\/title>\n<meta name=\"description\" content=\"RCM Agrimeccanica: esperti in macchinari agricoli e industriali con oltre 30 anni di innovazione e qualit\u00e0 in Italia. Scopri le nostre soluzioni.\" \/>\n<meta name=\"robots\" content=\"index, follow, max-snippet:-1, max-image-preview:large, max-video-preview:-1\" \/>\n<link rel=\"canonical\" href=\"https:\/\/rcm-agrimeccanica.it\/fr\/product\/pince-extractrice-agricole\/\" \/>\n<meta property=\"og:locale\" content=\"fr_FR\" \/>\n<meta property=\"og:type\" content=\"article\" \/>\n<meta property=\"og:title\" content=\"Pince extratrice agricole - mod. PEA - RCM Agrimeccanica: Macchine agricole ed industriali\" \/>\n<meta property=\"og:description\" content=\"RCM Agrimeccanica: esperti in macchinari agricoli e industriali con oltre 30 anni di innovazione e qualit\u00e0 in Italia. Scopri le nostre soluzioni.\" \/>\n<meta property=\"og:url\" content=\"https:\/\/rcm-agrimeccanica.it\/fr\/product\/pince-extractrice-agricole\/\" \/>\n<meta property=\"og:site_name\" content=\"RCM Agrimeccanica: Macchine agricole ed industriali\" \/>\n<meta property=\"article:modified_time\" content=\"2025-03-04T09:47:23+00:00\" \/>\n<meta property=\"og:image\" content=\"https:\/\/rcm-agrimeccanica.it\/wp-content\/uploads\/2025\/02\/PEA_01.jpg\" \/>\n\t<meta property=\"og:image:width\" content=\"500\" \/>\n\t<meta property=\"og:image:height\" content=\"374\" \/>\n\t<meta property=\"og:image:type\" content=\"image\/jpeg\" \/>\n<meta name=\"twitter:card\" content=\"summary_large_image\" \/>\n<meta name=\"twitter:label1\" content=\"Dur\u00e9e de lecture estim\u00e9e\" \/>\n\t<meta name=\"twitter:data1\" content=\"1 minute\" \/>\n<script type=\"application\/ld+json\" class=\"yoast-schema-graph\">{\"@context\":\"https:\/\/schema.org\",\"@graph\":[{\"@type\":\"WebPage\",\"@id\":\"https:\/\/rcm-agrimeccanica.it\/fr\/product\/pince-extractrice-agricole\/\",\"url\":\"https:\/\/rcm-agrimeccanica.it\/fr\/product\/pince-extractrice-agricole\/\",\"name\":\"Pince extratrice agricole - mod. PEA - RCM Agrimeccanica: Macchine agricole ed industriali\",\"isPartOf\":{\"@id\":\"https:\/\/rcm-agrimeccanica.it\/en\/#website\"},\"datePublished\":\"2025-02-25T08:05:31+00:00\",\"dateModified\":\"2025-03-04T09:47:23+00:00\",\"description\":\"RCM Agrimeccanica: esperti in macchinari agricoli e industriali con oltre 30 anni di innovazione e qualit\u00e0 in Italia. Scopri le nostre soluzioni.\",\"breadcrumb\":{\"@id\":\"https:\/\/rcm-agrimeccanica.it\/fr\/product\/pince-extractrice-agricole\/#breadcrumb\"},\"inLanguage\":\"fr-FR\",\"potentialAction\":[{\"@type\":\"ReadAction\",\"target\":[\"https:\/\/rcm-agrimeccanica.it\/fr\/product\/pince-extractrice-agricole\/\"]}]},{\"@type\":\"BreadcrumbList\",\"@id\":\"https:\/\/rcm-agrimeccanica.it\/fr\/product\/pince-extractrice-agricole\/#breadcrumb\",\"itemListElement\":[{\"@type\":\"ListItem\",\"position\":1,\"name\":\"Home\",\"item\":\"https:\/\/rcm-agrimeccanica.it\/fr\/\"},{\"@type\":\"ListItem\",\"position\":2,\"name\":\"Produits\",\"item\":\"https:\/\/rcm-agrimeccanica.it\/fr\/shop\/\"},{\"@type\":\"ListItem\",\"position\":3,\"name\":\"Pince extratrice agricole &#8211; mod. PEA\"}]},{\"@type\":\"WebSite\",\"@id\":\"https:\/\/rcm-agrimeccanica.it\/en\/#website\",\"url\":\"https:\/\/rcm-agrimeccanica.it\/en\/\",\"name\":\"RCM Agrimeccanica\",\"description\":\"\",\"alternateName\":\"RCM Agrimeccanica\",\"potentialAction\":[{\"@type\":\"SearchAction\",\"target\":{\"@type\":\"EntryPoint\",\"urlTemplate\":\"https:\/\/rcm-agrimeccanica.it\/en\/?s={search_term_string}\"},\"query-input\":\"required name=search_term_string\"}],\"inLanguage\":\"fr-FR\"}]}<\/script>\n<!-- \/ Yoast SEO plugin. -->","yoast_head_json":{"title":"Pince extratrice agricole - mod. PEA - RCM Agrimeccanica: Macchine agricole ed industriali","description":"RCM Agrimeccanica: esperti in macchinari agricoli e industriali con oltre 30 anni di innovazione e qualit\u00e0 in Italia. Scopri le nostre soluzioni.","robots":{"index":"index","follow":"follow","max-snippet":"max-snippet:-1","max-image-preview":"max-image-preview:large","max-video-preview":"max-video-preview:-1"},"canonical":"https:\/\/rcm-agrimeccanica.it\/fr\/product\/pince-extractrice-agricole\/","og_locale":"fr_FR","og_type":"article","og_title":"Pince extratrice agricole - mod. PEA - RCM Agrimeccanica: Macchine agricole ed industriali","og_description":"RCM Agrimeccanica: esperti in macchinari agricoli e industriali con oltre 30 anni di innovazione e qualit\u00e0 in Italia. Scopri le nostre soluzioni.","og_url":"https:\/\/rcm-agrimeccanica.it\/fr\/product\/pince-extractrice-agricole\/","og_site_name":"RCM Agrimeccanica: Macchine agricole ed industriali","article_modified_time":"2025-03-04T09:47:23+00:00","og_image":[{"width":500,"height":374,"url":"https:\/\/rcm-agrimeccanica.it\/wp-content\/uploads\/2025\/02\/PEA_01.jpg","type":"image\/jpeg"}],"twitter_card":"summary_large_image","twitter_misc":{"Dur\u00e9e de lecture estim\u00e9e":"1 minute"},"schema":{"@context":"https:\/\/schema.org","@graph":[{"@type":"WebPage","@id":"https:\/\/rcm-agrimeccanica.it\/fr\/product\/pince-extractrice-agricole\/","url":"https:\/\/rcm-agrimeccanica.it\/fr\/product\/pince-extractrice-agricole\/","name":"Pince extratrice agricole - mod. PEA - RCM Agrimeccanica: Macchine agricole ed industriali","isPartOf":{"@id":"https:\/\/rcm-agrimeccanica.it\/en\/#website"},"datePublished":"2025-02-25T08:05:31+00:00","dateModified":"2025-03-04T09:47:23+00:00","description":"RCM Agrimeccanica: esperti in macchinari agricoli e industriali con oltre 30 anni di innovazione e qualit\u00e0 in Italia. Scopri le nostre soluzioni.","breadcrumb":{"@id":"https:\/\/rcm-agrimeccanica.it\/fr\/product\/pince-extractrice-agricole\/#breadcrumb"},"inLanguage":"fr-FR","potentialAction":[{"@type":"ReadAction","target":["https:\/\/rcm-agrimeccanica.it\/fr\/product\/pince-extractrice-agricole\/"]}]},{"@type":"BreadcrumbList","@id":"https:\/\/rcm-agrimeccanica.it\/fr\/product\/pince-extractrice-agricole\/#breadcrumb","itemListElement":[{"@type":"ListItem","position":1,"name":"Home","item":"https:\/\/rcm-agrimeccanica.it\/fr\/"},{"@type":"ListItem","position":2,"name":"Produits","item":"https:\/\/rcm-agrimeccanica.it\/fr\/shop\/"},{"@type":"ListItem","position":3,"name":"Pince extratrice agricole &#8211; mod. PEA"}]},{"@type":"WebSite","@id":"https:\/\/rcm-agrimeccanica.it\/en\/#website","url":"https:\/\/rcm-agrimeccanica.it\/en\/","name":"RCM Agrimeccanica","description":"","alternateName":"RCM Agrimeccanica","potentialAction":[{"@type":"SearchAction","target":{"@type":"EntryPoint","urlTemplate":"https:\/\/rcm-agrimeccanica.it\/en\/?s={search_term_string}"},"query-input":"required name=search_term_string"}],"inLanguage":"fr-FR"}]}},"_links":{"self":[{"href":"https:\/\/rcm-agrimeccanica.it\/fr\/wp-json\/wp\/v3\/product\/5442"}],"collection":[{"href":"https:\/\/rcm-agrimeccanica.it\/fr\/wp-json\/wp\/v3\/product"}],"about":[{"href":"https:\/\/rcm-agrimeccanica.it\/fr\/wp-json\/wp\/v2\/types\/product"}],"wp:featuredmedia":[{"embeddable":true,"href":"https:\/\/rcm-agrimeccanica.it\/fr\/wp-json\/wp\/v2\/media\/5443"}],"wp:attachment":[{"href":"https:\/\/rcm-agrimeccanica.it\/fr\/wp-json\/wp\/v2\/media?parent=5442"}],"wp:term":[{"taxonomy":"product_cat","embeddable":true,"href":"https:\/\/rcm-agrimeccanica.it\/fr\/wp-json\/wp\/v2\/product_cat?post=5442"},{"taxonomy":"product_tag","embeddable":true,"href":"https:\/\/rcm-agrimeccanica.it\/fr\/wp-json\/wp\/v2\/product_tag?post=5442"}],"curies":[{"name":"wp","href":"https:\/\/api.w.org\/{rel}","templated":true}]}}