{"id":4693,"date":"2023-02-07T17:01:57","date_gmt":"2023-02-07T17:01:57","guid":{"rendered":"https:\/\/rcm-agrimeccanica.it\/?post_type=product&#038;p=4693"},"modified":"2023-02-07T17:16:27","modified_gmt":"2023-02-07T17:16:27","slug":"balayeuse-avec-reservoir-de-collecte-pour-chariot-elevateur-mod-bcc","status":"publish","type":"product","link":"https:\/\/rcm-agrimeccanica.it\/fr\/produit\/balayeuse-avec-reservoir-de-collecte-pour-chariot-elevateur-mod-bcc\/","title":{"rendered":"Balayeuse avec r\u00e9servoir de collecte pour chariot \u00e9l\u00e9vateur &#8211; mod. BCC"},"content":{"rendered":"<p>La Balayeuse mod. \u00ab BCC \u00bb pour chariot \u00e9l\u00e9vateur est \u00e9quip\u00e9e de grandes brosses tr\u00e8s robustes,<br \/>\ncon\u00e7ue et construite pour balayer diff\u00e9rents types de mat\u00e9riaux (terre, sciure, boue, poussi\u00e8re, neige,<br \/>\nc\u00e9r\u00e9ales, paille, r\u00e9sidus de traitement industriel et bien plus encore) et nettoyer rapidement grandes surfaces<br \/>\n(cours, trottoirs, ateliers, etc.).<br \/>\nLa balayeuse est adaptable \u00e0 plusieurs types de chariots \u00e9l\u00e9vateurs avec suffisamment d\u2019huile pour la faire<br \/>\nfonctionner. Elle est construite avec des mat\u00e9riaux r\u00e9sistants qui lui conf\u00e8rent une grande r\u00e9sistance. Tr\u00e8s<br \/>\nfacile et tr\u00e8s rapide \u00e0 connecter aux fourches du chariot \u00e9l\u00e9vateur it est \u00e9quip\u00e9 de brosses en mat\u00e9riaux<br \/>\nplastique et en m\u00e9tal.<br \/>\nUn r\u00e9servoir de collecte sp\u00e9cial permet de recueillir les mat\u00e9riaux, puis de les vider en agissant sur un v\u00e9rin<br \/>\nhydraulique.<br \/>\nLa machine peut travailler inclin\u00e9e gr\u00e2ce \u00e0 une cr\u00e9maill\u00e8re qui permet de compenser l\u2019angle de travail de la<br \/>\nmachine par rapport au chariot \u00e9l\u00e9vateur sur lequel elle est appliqu\u00e9e.<\/p>\n","protected":false},"excerpt":{"rendered":"<p>La Balayeuse mod. \u00ab BCC \u00bb pour chariot \u00e9l\u00e9vateur est \u00e9quip\u00e9e de grandes brosses tr\u00e8s robustes, con\u00e7ue et construite pour balayer diff\u00e9rents types de mat\u00e9riaux (terre, sciure, boue, poussi\u00e8re, neige, c\u00e9r\u00e9ales, paille, r\u00e9sidus de traitement industriel et bien plus encore) et nettoyer rapidement grandes surfaces (cours, trottoirs, ateliers, etc.). La balayeuse est adaptable \u00e0 plusieurs&hellip;<\/p>\n","protected":false},"featured_media":4690,"template":"","meta":{"ngg_post_thumbnail":0},"product_cat":[373],"product_tag":[],"yoast_head":"<!-- This site is optimized with the Yoast SEO plugin v20.5 - https:\/\/yoast.com\/wordpress\/plugins\/seo\/ -->\n<title>Balayeuse avec r\u00e9servoir de collecte pour chariot \u00e9l\u00e9vateur - mod. BCC - RCM Agrimeccanica: Macchine agricole ed industriali<\/title>\n<meta name=\"description\" content=\"RCM Agrimeccanica: esperti in macchinari agricoli e industriali con oltre 30 anni di innovazione e qualit\u00e0 in Italia. Scopri le nostre soluzioni.\" \/>\n<meta name=\"robots\" content=\"index, follow, max-snippet:-1, max-image-preview:large, max-video-preview:-1\" \/>\n<link rel=\"canonical\" href=\"https:\/\/rcm-agrimeccanica.it\/fr\/product\/balayeuse-avec-reservoir-de-collecte-pour-chariot-elevateur-mod-bcc\/\" \/>\n<meta property=\"og:locale\" content=\"fr_FR\" \/>\n<meta property=\"og:type\" content=\"article\" \/>\n<meta property=\"og:title\" content=\"Balayeuse avec r\u00e9servoir de collecte pour chariot \u00e9l\u00e9vateur - mod. BCC - RCM Agrimeccanica: Macchine agricole ed industriali\" \/>\n<meta property=\"og:description\" content=\"RCM Agrimeccanica: esperti in macchinari agricoli e industriali con oltre 30 anni di innovazione e qualit\u00e0 in Italia. Scopri le nostre soluzioni.\" \/>\n<meta property=\"og:url\" content=\"https:\/\/rcm-agrimeccanica.it\/fr\/product\/balayeuse-avec-reservoir-de-collecte-pour-chariot-elevateur-mod-bcc\/\" \/>\n<meta property=\"og:site_name\" content=\"RCM Agrimeccanica: Macchine agricole ed industriali\" \/>\n<meta property=\"article:modified_time\" content=\"2023-02-07T17:16:27+00:00\" \/>\n<meta property=\"og:image\" content=\"https:\/\/rcm-agrimeccanica.it\/wp-content\/uploads\/2023\/02\/BCC_copertina.jpg\" \/>\n\t<meta property=\"og:image:width\" content=\"500\" \/>\n\t<meta property=\"og:image:height\" content=\"374\" \/>\n\t<meta property=\"og:image:type\" content=\"image\/jpeg\" \/>\n<meta name=\"twitter:card\" content=\"summary_large_image\" \/>\n<meta name=\"twitter:label1\" content=\"Dur\u00e9e de lecture estim\u00e9e\" \/>\n\t<meta name=\"twitter:data1\" content=\"1 minute\" \/>\n<script type=\"application\/ld+json\" class=\"yoast-schema-graph\">{\"@context\":\"https:\/\/schema.org\",\"@graph\":[{\"@type\":\"WebPage\",\"@id\":\"https:\/\/rcm-agrimeccanica.it\/fr\/product\/balayeuse-avec-reservoir-de-collecte-pour-chariot-elevateur-mod-bcc\/\",\"url\":\"https:\/\/rcm-agrimeccanica.it\/fr\/product\/balayeuse-avec-reservoir-de-collecte-pour-chariot-elevateur-mod-bcc\/\",\"name\":\"Balayeuse avec r\u00e9servoir de collecte pour chariot \u00e9l\u00e9vateur - mod. BCC - RCM Agrimeccanica: Macchine agricole ed industriali\",\"isPartOf\":{\"@id\":\"https:\/\/rcm-agrimeccanica.it\/en\/#website\"},\"datePublished\":\"2023-02-07T17:01:57+00:00\",\"dateModified\":\"2023-02-07T17:16:27+00:00\",\"description\":\"RCM Agrimeccanica: esperti in macchinari agricoli e industriali con oltre 30 anni di innovazione e qualit\u00e0 in Italia. Scopri le nostre soluzioni.\",\"breadcrumb\":{\"@id\":\"https:\/\/rcm-agrimeccanica.it\/fr\/product\/balayeuse-avec-reservoir-de-collecte-pour-chariot-elevateur-mod-bcc\/#breadcrumb\"},\"inLanguage\":\"fr-FR\",\"potentialAction\":[{\"@type\":\"ReadAction\",\"target\":[\"https:\/\/rcm-agrimeccanica.it\/fr\/product\/balayeuse-avec-reservoir-de-collecte-pour-chariot-elevateur-mod-bcc\/\"]}]},{\"@type\":\"BreadcrumbList\",\"@id\":\"https:\/\/rcm-agrimeccanica.it\/fr\/product\/balayeuse-avec-reservoir-de-collecte-pour-chariot-elevateur-mod-bcc\/#breadcrumb\",\"itemListElement\":[{\"@type\":\"ListItem\",\"position\":1,\"name\":\"Home\",\"item\":\"https:\/\/rcm-agrimeccanica.it\/fr\/\"},{\"@type\":\"ListItem\",\"position\":2,\"name\":\"Produits\",\"item\":\"https:\/\/rcm-agrimeccanica.it\/fr\/shop\/\"},{\"@type\":\"ListItem\",\"position\":3,\"name\":\"Balayeuse avec r\u00e9servoir de collecte pour chariot \u00e9l\u00e9vateur &#8211; mod. BCC\"}]},{\"@type\":\"WebSite\",\"@id\":\"https:\/\/rcm-agrimeccanica.it\/en\/#website\",\"url\":\"https:\/\/rcm-agrimeccanica.it\/en\/\",\"name\":\"RCM Agrimeccanica\",\"description\":\"\",\"alternateName\":\"RCM Agrimeccanica\",\"potentialAction\":[{\"@type\":\"SearchAction\",\"target\":{\"@type\":\"EntryPoint\",\"urlTemplate\":\"https:\/\/rcm-agrimeccanica.it\/en\/?s={search_term_string}\"},\"query-input\":\"required name=search_term_string\"}],\"inLanguage\":\"fr-FR\"}]}<\/script>\n<!-- \/ Yoast SEO plugin. -->","yoast_head_json":{"title":"Balayeuse avec r\u00e9servoir de collecte pour chariot \u00e9l\u00e9vateur - mod. BCC - RCM Agrimeccanica: Macchine agricole ed industriali","description":"RCM Agrimeccanica: esperti in macchinari agricoli e industriali con oltre 30 anni di innovazione e qualit\u00e0 in Italia. Scopri le nostre soluzioni.","robots":{"index":"index","follow":"follow","max-snippet":"max-snippet:-1","max-image-preview":"max-image-preview:large","max-video-preview":"max-video-preview:-1"},"canonical":"https:\/\/rcm-agrimeccanica.it\/fr\/product\/balayeuse-avec-reservoir-de-collecte-pour-chariot-elevateur-mod-bcc\/","og_locale":"fr_FR","og_type":"article","og_title":"Balayeuse avec r\u00e9servoir de collecte pour chariot \u00e9l\u00e9vateur - mod. BCC - RCM Agrimeccanica: Macchine agricole ed industriali","og_description":"RCM Agrimeccanica: esperti in macchinari agricoli e industriali con oltre 30 anni di innovazione e qualit\u00e0 in Italia. Scopri le nostre soluzioni.","og_url":"https:\/\/rcm-agrimeccanica.it\/fr\/product\/balayeuse-avec-reservoir-de-collecte-pour-chariot-elevateur-mod-bcc\/","og_site_name":"RCM Agrimeccanica: Macchine agricole ed industriali","article_modified_time":"2023-02-07T17:16:27+00:00","og_image":[{"width":500,"height":374,"url":"https:\/\/rcm-agrimeccanica.it\/wp-content\/uploads\/2023\/02\/BCC_copertina.jpg","type":"image\/jpeg"}],"twitter_card":"summary_large_image","twitter_misc":{"Dur\u00e9e de lecture estim\u00e9e":"1 minute"},"schema":{"@context":"https:\/\/schema.org","@graph":[{"@type":"WebPage","@id":"https:\/\/rcm-agrimeccanica.it\/fr\/product\/balayeuse-avec-reservoir-de-collecte-pour-chariot-elevateur-mod-bcc\/","url":"https:\/\/rcm-agrimeccanica.it\/fr\/product\/balayeuse-avec-reservoir-de-collecte-pour-chariot-elevateur-mod-bcc\/","name":"Balayeuse avec r\u00e9servoir de collecte pour chariot \u00e9l\u00e9vateur - mod. BCC - RCM Agrimeccanica: Macchine agricole ed industriali","isPartOf":{"@id":"https:\/\/rcm-agrimeccanica.it\/en\/#website"},"datePublished":"2023-02-07T17:01:57+00:00","dateModified":"2023-02-07T17:16:27+00:00","description":"RCM Agrimeccanica: esperti in macchinari agricoli e industriali con oltre 30 anni di innovazione e qualit\u00e0 in Italia. Scopri le nostre soluzioni.","breadcrumb":{"@id":"https:\/\/rcm-agrimeccanica.it\/fr\/product\/balayeuse-avec-reservoir-de-collecte-pour-chariot-elevateur-mod-bcc\/#breadcrumb"},"inLanguage":"fr-FR","potentialAction":[{"@type":"ReadAction","target":["https:\/\/rcm-agrimeccanica.it\/fr\/product\/balayeuse-avec-reservoir-de-collecte-pour-chariot-elevateur-mod-bcc\/"]}]},{"@type":"BreadcrumbList","@id":"https:\/\/rcm-agrimeccanica.it\/fr\/product\/balayeuse-avec-reservoir-de-collecte-pour-chariot-elevateur-mod-bcc\/#breadcrumb","itemListElement":[{"@type":"ListItem","position":1,"name":"Home","item":"https:\/\/rcm-agrimeccanica.it\/fr\/"},{"@type":"ListItem","position":2,"name":"Produits","item":"https:\/\/rcm-agrimeccanica.it\/fr\/shop\/"},{"@type":"ListItem","position":3,"name":"Balayeuse avec r\u00e9servoir de collecte pour chariot \u00e9l\u00e9vateur &#8211; mod. BCC"}]},{"@type":"WebSite","@id":"https:\/\/rcm-agrimeccanica.it\/en\/#website","url":"https:\/\/rcm-agrimeccanica.it\/en\/","name":"RCM Agrimeccanica","description":"","alternateName":"RCM Agrimeccanica","potentialAction":[{"@type":"SearchAction","target":{"@type":"EntryPoint","urlTemplate":"https:\/\/rcm-agrimeccanica.it\/en\/?s={search_term_string}"},"query-input":"required name=search_term_string"}],"inLanguage":"fr-FR"}]}},"_links":{"self":[{"href":"https:\/\/rcm-agrimeccanica.it\/fr\/wp-json\/wp\/v3\/product\/4693"}],"collection":[{"href":"https:\/\/rcm-agrimeccanica.it\/fr\/wp-json\/wp\/v3\/product"}],"about":[{"href":"https:\/\/rcm-agrimeccanica.it\/fr\/wp-json\/wp\/v2\/types\/product"}],"wp:featuredmedia":[{"embeddable":true,"href":"https:\/\/rcm-agrimeccanica.it\/fr\/wp-json\/wp\/v2\/media\/4690"}],"wp:attachment":[{"href":"https:\/\/rcm-agrimeccanica.it\/fr\/wp-json\/wp\/v2\/media?parent=4693"}],"wp:term":[{"taxonomy":"product_cat","embeddable":true,"href":"https:\/\/rcm-agrimeccanica.it\/fr\/wp-json\/wp\/v2\/product_cat?post=4693"},{"taxonomy":"product_tag","embeddable":true,"href":"https:\/\/rcm-agrimeccanica.it\/fr\/wp-json\/wp\/v2\/product_tag?post=4693"}],"curies":[{"name":"wp","href":"https:\/\/api.w.org\/{rel}","templated":true}]}}