{"id":4321,"date":"2022-09-23T09:31:40","date_gmt":"2022-09-23T09:31:40","guid":{"rendered":"https:\/\/rcm-agrimeccanica.it\/sviluppo\/?post_type=product&#038;p=4321"},"modified":"2023-11-23T16:15:44","modified_gmt":"2023-11-23T16:15:44","slug":"derouleur-de-dil-mod-svb","status":"publish","type":"product","link":"https:\/\/rcm-agrimeccanica.it\/fr\/produit\/derouleur-de-dil-mod-svb\/","title":{"rendered":"Derouleur de dil &#8211; mod. SVB"},"content":{"rendered":"<div class=\"wpb-content-wrapper\">[vc_row][vc_column][vc_column_text]https:\/\/youtu.be\/Tv49U2SDoBY[\/vc_column_text][\/vc_column][\/vc_row][vc_row][vc_column][vc_column_text]\u00c0 l\u2019int\u00e9rieur du groupe porte-fil, il y a des doubles but\u00e9es \u00e0 ressort avec des billes dans cinq positions diff\u00e9rentes le long du diam\u00e8tre de rotation.<\/p>\n<p>L\u2019utilisation du d\u00e9rouleur de fil est extr\u00eamement pratique; il suffit de positionner la bobine sur le groupe porte-fils en \u00e9largissant les supports sp\u00e9ciaux, puis en serrant les \u00e9crous \u00e0 oreilles de blocage de celui-ci.[\/vc_column_text][\/vc_column][\/vc_row][vc_row][vc_column][vc_empty_space][\/vc_column][\/vc_row][vc_row][vc_column]\t<div class=\"thb_title  style13  \" id=\"thb-title-69e73558c6dc8\">\n\t\t<div class=\"thb_title_inner\">\n\t\t\t\n\t\t\t\t\t\t<h2>CARACTERISTIQUES TECHNIQUES<\/h2>\n\t\t\t\n\t\t\t\t\t<\/div>\n\t\t\t\t\t\t\t<\/div>\n\t[vc_column_text]<div class=\"wptb-table-container wptb-table-1229\"><div class=\"wptb-table-container-matrix\" id=\"wptb-table-id-1229\" data-wptb-version=\"2.0.6\" data-wptb-pro-status=\"false\"><table class=\"wptb-preview-table wptb-table-preview-head wptb-element-main-table_setting-1802\" data-reconstraction=\"1\" data-wptb-adaptive-table=\"0\" data-wptb-table-tds-sum-max-width=\"696\" data-wptb-cells-width-auto-count=\"6\" style=\"display: table;\" data-table-columns=\"6\" role=\"table\" data-wptb-responsive-directives=\"eyJyZXNwb25zaXZlRW5hYmxlZCI6dHJ1ZSwicmVzcG9uc2l2ZU1vZGUiOiJhdXRvIiwicHJlc2VydmVSb3dDb2xvciI6ZmFsc2UsInJlbGF0aXZlV2lkdGgiOiJ3aW5kb3ciLCJoZWFkZXJGdWxseU1lcmdlZCI6ZmFsc2UsIm1vZGVPcHRpb25zIjp7ImF1dG8iOnsiZGlzYWJsZWQiOnsiZGVza3RvcCI6ZmFsc2UsInRhYmxldCI6ZmFsc2UsIm1vYmlsZSI6ZmFsc2V9LCJ0b3BSb3dBc0hlYWRlciI6eyJkZXNrdG9wIjpmYWxzZSwidGFibGV0Ijp0cnVlLCJtb2JpbGUiOnRydWV9LCJyZXBlYXRNZXJnZWRIZWFkZXIiOnsiZGVza3RvcCI6dHJ1ZSwidGFibGV0Ijp0cnVlLCJtb2JpbGUiOnRydWV9LCJzdGF0aWNUb3BSb3ciOnsiZGVza3RvcCI6ZmFsc2UsInRhYmxldCI6ZmFsc2UsIm1vYmlsZSI6ZmFsc2V9LCJjZWxsU3RhY2tEaXJlY3Rpb24iOnsiZGVza3RvcCI6InJvdyIsInRhYmxldCI6InJvdyIsIm1vYmlsZSI6InJvdyJ9LCJjZWxsc1BlclJvdyI6eyJkZXNrdG9wIjoxLCJ0YWJsZXQiOjIsIm1vYmlsZSI6MX19fSwiYnJlYWtwb2ludHMiOnsiZGVza3RvcCI6eyJuYW1lIjoiZGVza3RvcCIsIndpZHRoIjoxMDI0fSwidGFibGV0Ijp7Im5hbWUiOiJ0YWJsZXQiLCJ3aWR0aCI6NzAwfSwibW9iaWxlIjp7Im5hbWUiOiJtb2JpbGUiLCJ3aWR0aCI6MzAwfX19\" data-wptb-table-directives=\"eyJpbm5lckJvcmRlcnMiOnsiYWN0aXZlIjoiYWxsIiwiYm9yZGVyV2lkdGgiOiIiLCJib3JkZXJSYWRpdXNlcyI6eyJhbGwiOmZhbHNlfX19\" data-wptb-extra-styles=\"LyogRW50ZXIgeW91ciBjdXN0b20gQ1NTIHJ1bGVzIGhlcmUgKi8=\" data-wptb-horizontal-scroll-status=\"false\" data-wptb-header-background-color=\"#FEF730FF\"><tbody><tr class=\"wptb-row wptb-table-head\" style=\"background-color: rgb(254, 247, 48);\" data-wptb-bg-color=\"#DD9933\"><td class=\"wptb-cell\" data-x-index=\"0\" data-wptb-css-td-auto-width=\"true\" style=\"padding: 8px;\" data-y-index=\"0\" data-sorted-vertical=\"ask-disabled\"><div class=\"wptb-text-container wptb-ph-element wptb-element-text-26\" style=\"color: rgb(74, 85, 104); font-size: 14px;\"><div class=\"\" style=\"position: relative;\"><p style=\"text-align: center;\"><strong>Modello<\/strong><\/p><\/div><\/div><\/td><td class=\"wptb-cell\" style=\"padding: 8px;\" data-x-index=\"1\" data-y-index=\"0\" data-wptb-css-td-auto-width=\"true\"><div class=\"wptb-text-container wptb-ph-element wptb-element-text-3\" style=\"color: rgb(74, 85, 104); font-size: 14px;\"><div class=\"\" style=\"position: relative;\"><p style=\"text-align: center;\"><strong>Larghezza della macchina<br><\/strong><\/p><\/div><\/div><\/td><td class=\"wptb-cell\" style=\"padding: 8px;\" data-x-index=\"2\" data-y-index=\"0\" data-wptb-css-td-auto-width=\"true\"><div class=\"wptb-text-container wptb-ph-element wptb-element-text-29\" style=\"color: rgb(74, 85, 104); font-size: 14px;\"><div class=\"\" style=\"position: relative;\"><p style=\"text-align: center;\"><strong>Lunghezza della macchina<\/strong><\/p><\/div><\/div><\/td><td class=\"wptb-cell\" style=\"padding: 8px;\" data-x-index=\"3\" data-y-index=\"0\" data-wptb-css-td-auto-width=\"true\"><div class=\"wptb-text-container wptb-ph-element wptb-element-text-14\" style=\"color: rgb(74, 85, 104); font-size: 15px;\"><div class=\"\" style=\"position: relative;\"><p style=\"text-align: center;\"><strong>Altezza della macchina&#65279;<\/strong><\/p><\/div><\/div><\/td><td class=\"wptb-cell\" style=\"padding: 8px;\" data-x-index=\"4\" data-y-index=\"0\" data-wptb-css-td-auto-width=\"true\"><div class=\"wptb-text-container wptb-ph-element wptb-element-text-16\" style=\"color: rgb(74, 85, 104); font-size: 15px;\"><div class=\"\" style=\"position: relative;\"><p style=\"text-align: center;\"><strong>Rotoli<\/strong><\/p><\/div><\/div><\/td><td class=\"wptb-cell\" style=\"padding: 8px;\" data-x-index=\"5\" data-y-index=\"0\" data-wptb-css-td-auto-width=\"true\"><div class=\"wptb-text-container wptb-ph-element wptb-element-text-39\" style=\"color: rgb(74, 85, 104); font-size: 15px;\"><div class=\"\" style=\"position: relative;\"><p style=\"text-align: center;\"><strong>Peso<\/strong><\/p><\/div><\/div><\/td><\/tr><tr class=\"wptb-row\" data-wptb-bg-color=\"\"><td class=\"wptb-cell\" data-x-index=\"0\" data-wptb-css-td-auto-width=\"true\" style=\"padding: 8px;\" data-wptb-title-column=\"Position\" data-wptb-title-column-font-size=\"\" data-wptb-title-column-color=\"rgb(255, 255, 255)\" data-wptb-title-background-color=\"rgb(221, 153, 51)\" data-wptb-title-align=\"center\" data-y-index=\"1\"><div class=\"wptb-text-container wptb-ph-element wptb-element-text-27\" style=\"color: rgb(74, 85, 104); font-size: 15px;\"><div class=\"\" style=\"position: relative;\"><p style=\"text-align: center;\">SVB1<\/p><\/div><\/div><\/td><td class=\"wptb-cell\" style=\"padding: 8px;\" data-x-index=\"1\" data-y-index=\"1\" data-wptb-css-td-auto-width=\"true\"><div class=\"wptb-text-container wptb-ph-element wptb-element-text-9\" style=\"color: rgb(74, 85, 104); font-size: 15px;\"><div class=\"\" style=\"position: relative;\"><p style=\"text-align: center;\">140 cm<\/p><\/div><\/div><\/td><td class=\"wptb-cell\" style=\"padding: 8px;\" data-x-index=\"2\" data-y-index=\"1\" data-wptb-css-td-auto-width=\"true\"><div class=\"wptb-text-container wptb-ph-element wptb-element-text-13\" style=\"color: rgb(74, 85, 104); font-size: 15px;\"><div class=\"\" style=\"position: relative;\"><p style=\"text-align: center;\">160 cm<\/p><\/div><\/div><\/td><td class=\"wptb-cell\" style=\"padding: 8px;\" data-x-index=\"3\" data-y-index=\"1\" data-wptb-css-td-auto-width=\"true\"><div class=\"wptb-text-container wptb-ph-element wptb-element-text-15\" style=\"color: rgb(74, 85, 104); font-size: 15px;\"><div class=\"\" style=\"position: relative;\"><p style=\"text-align: center;\">180 cm<\/p><\/div><\/div><\/td><td class=\"wptb-cell\" style=\"padding: 8px;\" data-x-index=\"4\" data-y-index=\"1\" data-wptb-css-td-auto-width=\"true\"><div class=\"wptb-text-container wptb-ph-element wptb-element-text-17\" style=\"color: rgb(74, 85, 104); font-size: 15px;\"><div class=\"\" style=\"position: relative;\"><p style=\"text-align: center;\">4<\/p><\/div><\/div><\/td><td class=\"wptb-cell\" style=\"padding: 8px;\" data-x-index=\"5\" data-y-index=\"1\" data-wptb-css-td-auto-width=\"true\"><div class=\"wptb-text-container wptb-ph-element wptb-element-text-40\" style=\"color: rgb(74, 85, 104); font-size: 15px;\"><div class=\"\" style=\"position: relative;\"><p style=\"text-align: center;\">305 Kg<\/p><\/div><\/div><\/td><\/tr><tr class=\"wptb-row\"><td class=\"wptb-cell\" style=\"padding: 8px;\" data-x-index=\"0\" data-y-index=\"2\" data-wptb-css-td-auto-width=\"true\"><div class=\"wptb-text-container wptb-ph-element wptb-element-text-32\" style=\"color: rgb(74, 85, 104); font-size: 15px;\"><div class=\"\" style=\"position: relative;\"><p style=\"text-align: center;\">SVB2<\/p><p><\/p><\/div><\/div><\/td><td class=\"wptb-cell\" style=\"padding: 8px;\" data-x-index=\"1\" data-y-index=\"2\" data-wptb-css-td-auto-width=\"true\"><div class=\"wptb-text-container wptb-ph-element wptb-element-text-33\" style=\"color: rgb(74, 85, 104); font-size: 15px;\"><div class=\"\" style=\"position: relative;\"><p style=\"text-align: center;\">140 cm<\/p><p><\/p><\/div><\/div><\/td><td class=\"wptb-cell\" style=\"padding: 8px;\" data-x-index=\"2\" data-y-index=\"2\" data-wptb-css-td-auto-width=\"true\"><div class=\"wptb-text-container wptb-ph-element wptb-element-text-34\" style=\"color: rgb(74, 85, 104); font-size: 15px;\"><div class=\"\" style=\"position: relative;\"><p style=\"text-align: center;\">160 cm<\/p><p><\/p><\/div><\/div><\/td><td class=\"wptb-cell\" style=\"padding: 8px;\" data-x-index=\"3\" data-y-index=\"2\" data-wptb-css-td-auto-width=\"true\"><div class=\"wptb-text-container wptb-ph-element wptb-element-text-64\" style=\"color: rgb(74, 85, 104); font-size: 15px;\"><div class=\"\" style=\"position: relative;\"><p style=\"text-align: center;\">219 cm<\/p><p><\/p><\/div><\/div><\/td><td class=\"wptb-cell\" style=\"padding: 8px;\" data-x-index=\"4\" data-y-index=\"2\" data-wptb-css-td-auto-width=\"true\"><div class=\"wptb-text-container wptb-ph-element wptb-element-text-36\" style=\"color: rgb(74, 85, 104); font-size: 15px;\"><div class=\"\" style=\"position: relative;\"><p style=\"text-align: center;\">6<\/p><p><\/p><\/div><\/div><\/td><td class=\"wptb-cell\" style=\"padding: 8px;\" data-x-index=\"5\" data-y-index=\"2\" data-wptb-css-td-auto-width=\"true\"><div class=\"wptb-text-container wptb-ph-element wptb-element-text-41\" style=\"color: rgb(74, 85, 104); font-size: 15px;\"><div class=\"\" style=\"position: relative;\"><p style=\"text-align: center;\">440 Kg<\/p><\/div><\/div><\/td><\/tr><tr class=\"wptb-row\"><td class=\"wptb-cell\" style=\"padding: 8px;\" data-x-index=\"0\" data-y-index=\"3\" data-wptb-css-td-auto-width=\"true\"><div class=\"wptb-text-container wptb-ph-element wptb-element-text-65\" style=\"color: rgb(74, 85, 104); font-size: 15px;\"><div class=\"\" style=\"position: relative;\"><p style=\"text-align: center;\">SVB3<\/p><\/div><\/div><\/td><td class=\"wptb-cell\" style=\"padding: 8px;\" data-x-index=\"1\" data-y-index=\"3\" data-wptb-css-td-auto-width=\"true\"><div class=\"wptb-text-container wptb-ph-element wptb-element-text-66\" style=\"color: rgb(74, 85, 104); font-size: 15px;\"><div class=\"\" style=\"position: relative;\"><p style=\"text-align: center;\">140 cm<\/p><\/div><\/div><\/td><td class=\"wptb-cell\" style=\"padding: 8px;\" data-x-index=\"2\" data-y-index=\"3\" data-wptb-css-td-auto-width=\"true\"><div class=\"wptb-text-container wptb-ph-element wptb-element-text-67\" style=\"color: rgb(74, 85, 104); font-size: 15px;\"><div class=\"\" style=\"position: relative;\"><p style=\"text-align: center;\">160 cm<\/p><\/div><\/div><\/td><td class=\"wptb-cell\" style=\"padding: 8px;\" data-x-index=\"3\" data-y-index=\"3\" data-wptb-css-td-auto-width=\"true\"><div class=\"wptb-text-container wptb-ph-element wptb-element-text-68\" style=\"color: rgb(74, 85, 104); font-size: 15px;\"><div class=\"\" style=\"position: relative;\"><p style=\"text-align: center;\">219 cm<\/p><\/div><\/div><\/td><td class=\"wptb-cell\" style=\"padding: 8px;\" data-x-index=\"4\" data-y-index=\"3\" data-wptb-css-td-auto-width=\"true\"><div class=\"wptb-text-container wptb-ph-element wptb-element-text-69\" style=\"color: rgb(74, 85, 104); font-size: 15px;\"><div class=\"\" style=\"position: relative;\"><p style=\"text-align: center;\">5<\/p><\/div><\/div><\/td><td class=\"wptb-cell\" style=\"padding: 8px;\" data-x-index=\"5\" data-y-index=\"3\" data-wptb-css-td-auto-width=\"true\"><div class=\"wptb-text-container wptb-ph-element wptb-element-text-70 edit-active\" style=\"color: rgb(74, 85, 104); font-size: 15px;\"><div class=\"\" style=\"position: relative;\"><p style=\"text-align: center;\">390 Kg<\/p><\/div><\/div><\/td><\/tr><\/tbody><\/table><\/div><\/div>\n[\/vc_column_text][vc_empty_space height=\u00a0\u00bb5px\u00a0\u00bb]\t<div class=\"thb_title  style13  \" id=\"thb-title-69e73558ca5f5\">\n\t\t<div class=\"thb_title_inner\">\n\t\t\t\n\t\t\t\t\t\t<h2>DOCUMENTATION ET CATALOGUES DES PRODUITS<\/h2>\n\t\t\t\n\t\t\t\t\t\t\t<a href=\"https:\/\/rcm-agrimeccanica.it\/wp-content\/uploads\/2020\/01\/SVB-IT-EN.pdf\" target=\"_blank\" class=\"thb_title_link\">T\u00c9L\u00c9CHARGEZ NOTRE BROCHURE <svg xmlns=\"http:\/\/www.w3.org\/2000\/svg\" xmlns:xlink=\"http:\/\/www.w3.org\/1999\/xlink\" x=\"0px\" y=\"0px\"\r\n\t width=\"30px\" height=\"18px\" viewBox=\"0 0 30 18\" enable-background=\"new 0 0 30 18\" xml:space=\"preserve\">\r\n<path class=\"handle\" d=\"M20.305,16.212c-0.407,0.409-0.407,1.071,0,1.479s1.068,0.408,1.476,0l7.914-7.952c0.408-0.409,0.408-1.071,0-1.481\r\n\tl-7.914-7.952c-0.407-0.409-1.068-0.409-1.476,0s-0.407,1.071,0,1.48l7.185,7.221L20.305,16.212z\"\/>\r\n<path class=\"bar\" fill-rule=\"evenodd\" clip-rule=\"evenodd\" d=\"M1,8h28.001c0.551,0,1,0.448,1,1c0,0.553-0.449,1-1,1H1c-0.553,0-1-0.447-1-1\r\n\tC0,8.448,0.447,8,1,8z\"\/>\r\n<\/svg>\r\n<\/a>\n\t\t\t\t\t<\/div>\n\t\t\t\t\t\t\t<\/div>\n\t[\/vc_column][\/vc_row]\n<\/div>","protected":false},"excerpt":{"rendered":"<p>Le d\u00e9rouleur de fil \u00abBIG\u00bb peut \u00eatre appliqu\u00e9 sur le troisi\u00e8me point de chaque tracteur. Il a \u00e9t\u00e9 con\u00e7u pour les professionnels qui souhaitent r\u00e9aliser plusieurs volets en m\u00eame temps pour limiter le nombre d\u2019\u00e9tapes dans le vignoble.<br \/>\nIl a une structure robuste et la conformation du double cadre permet au fil d\u2019\u00eatre d\u00e9roul\u00e9 des c\u00f4t\u00e9s droit et gauche. Il est possible de r\u00e9aliser diff\u00e9rents proc\u00e9d\u00e9s en fonction du diam\u00e8tre des rouleaux de fil, de l\u2019\u00e9paisseur et de la possibilit\u00e9 de faire varier le point de d\u00e9roulement du fil.<\/p>\n<p><a href=\"https:\/\/rcm-agrimeccanica.it\/fr\/contacts\/#contacts\" rel=\"noopener\"><button class=\"single_add_to_cart_button button alt\" name=\"add-to-cart\" type=\"submit\" value=\"204\">DEMANDE D\u2019INFORMATION<\/button><\/a><\/p>\n","protected":false},"featured_media":2853,"template":"","meta":{"ngg_post_thumbnail":0},"product_cat":[353],"product_tag":[],"yoast_head":"<!-- This site is optimized with the Yoast SEO plugin v20.5 - https:\/\/yoast.com\/wordpress\/plugins\/seo\/ -->\n<title>Derouleur de dil - mod. SVB - RCM Agrimeccanica: Macchine agricole ed industriali<\/title>\n<meta name=\"description\" content=\"RCM Agrimeccanica: esperti in macchinari agricoli e industriali con oltre 30 anni di innovazione e qualit\u00e0 in Italia. Scopri le nostre soluzioni.\" \/>\n<meta name=\"robots\" content=\"index, follow, max-snippet:-1, max-image-preview:large, max-video-preview:-1\" \/>\n<link rel=\"canonical\" href=\"https:\/\/rcm-agrimeccanica.it\/fr\/product\/derouleur-de-dil-mod-svb\/\" \/>\n<meta property=\"og:locale\" content=\"fr_FR\" \/>\n<meta property=\"og:type\" content=\"article\" \/>\n<meta property=\"og:title\" content=\"Derouleur de dil - mod. SVB - RCM Agrimeccanica: Macchine agricole ed industriali\" \/>\n<meta property=\"og:description\" content=\"RCM Agrimeccanica: esperti in macchinari agricoli e industriali con oltre 30 anni di innovazione e qualit\u00e0 in Italia. Scopri le nostre soluzioni.\" \/>\n<meta property=\"og:url\" content=\"https:\/\/rcm-agrimeccanica.it\/fr\/product\/derouleur-de-dil-mod-svb\/\" \/>\n<meta property=\"og:site_name\" content=\"RCM Agrimeccanica: Macchine agricole ed industriali\" \/>\n<meta property=\"article:modified_time\" content=\"2023-11-23T16:15:44+00:00\" \/>\n<meta property=\"og:image\" content=\"https:\/\/rcm-agrimeccanica.it\/wp-content\/uploads\/2022\/09\/svolgi_filo_big_srotola_interfila_vigneto_01.jpg\" \/>\n\t<meta property=\"og:image:width\" content=\"500\" \/>\n\t<meta property=\"og:image:height\" content=\"374\" \/>\n\t<meta property=\"og:image:type\" content=\"image\/jpeg\" \/>\n<meta name=\"twitter:card\" content=\"summary_large_image\" \/>\n<meta name=\"twitter:label1\" content=\"Dur\u00e9e de lecture estim\u00e9e\" \/>\n\t<meta name=\"twitter:data1\" content=\"1 minute\" \/>\n<script type=\"application\/ld+json\" class=\"yoast-schema-graph\">{\"@context\":\"https:\/\/schema.org\",\"@graph\":[{\"@type\":\"WebPage\",\"@id\":\"https:\/\/rcm-agrimeccanica.it\/fr\/product\/derouleur-de-dil-mod-svb\/\",\"url\":\"https:\/\/rcm-agrimeccanica.it\/fr\/product\/derouleur-de-dil-mod-svb\/\",\"name\":\"Derouleur de dil - mod. SVB - RCM Agrimeccanica: Macchine agricole ed industriali\",\"isPartOf\":{\"@id\":\"https:\/\/rcm-agrimeccanica.it\/en\/#website\"},\"datePublished\":\"2022-09-23T09:31:40+00:00\",\"dateModified\":\"2023-11-23T16:15:44+00:00\",\"description\":\"RCM Agrimeccanica: esperti in macchinari agricoli e industriali con oltre 30 anni di innovazione e qualit\u00e0 in Italia. Scopri le nostre soluzioni.\",\"breadcrumb\":{\"@id\":\"https:\/\/rcm-agrimeccanica.it\/fr\/product\/derouleur-de-dil-mod-svb\/#breadcrumb\"},\"inLanguage\":\"fr-FR\",\"potentialAction\":[{\"@type\":\"ReadAction\",\"target\":[\"https:\/\/rcm-agrimeccanica.it\/fr\/product\/derouleur-de-dil-mod-svb\/\"]}]},{\"@type\":\"BreadcrumbList\",\"@id\":\"https:\/\/rcm-agrimeccanica.it\/fr\/product\/derouleur-de-dil-mod-svb\/#breadcrumb\",\"itemListElement\":[{\"@type\":\"ListItem\",\"position\":1,\"name\":\"Home\",\"item\":\"https:\/\/rcm-agrimeccanica.it\/fr\/\"},{\"@type\":\"ListItem\",\"position\":2,\"name\":\"Produits\",\"item\":\"https:\/\/rcm-agrimeccanica.it\/fr\/shop\/\"},{\"@type\":\"ListItem\",\"position\":3,\"name\":\"Derouleur de dil &#8211; mod. SVB\"}]},{\"@type\":\"WebSite\",\"@id\":\"https:\/\/rcm-agrimeccanica.it\/en\/#website\",\"url\":\"https:\/\/rcm-agrimeccanica.it\/en\/\",\"name\":\"RCM Agrimeccanica\",\"description\":\"\",\"alternateName\":\"RCM Agrimeccanica\",\"potentialAction\":[{\"@type\":\"SearchAction\",\"target\":{\"@type\":\"EntryPoint\",\"urlTemplate\":\"https:\/\/rcm-agrimeccanica.it\/en\/?s={search_term_string}\"},\"query-input\":\"required name=search_term_string\"}],\"inLanguage\":\"fr-FR\"}]}<\/script>\n<!-- \/ Yoast SEO plugin. -->","yoast_head_json":{"title":"Derouleur de dil - mod. SVB - RCM Agrimeccanica: Macchine agricole ed industriali","description":"RCM Agrimeccanica: esperti in macchinari agricoli e industriali con oltre 30 anni di innovazione e qualit\u00e0 in Italia. Scopri le nostre soluzioni.","robots":{"index":"index","follow":"follow","max-snippet":"max-snippet:-1","max-image-preview":"max-image-preview:large","max-video-preview":"max-video-preview:-1"},"canonical":"https:\/\/rcm-agrimeccanica.it\/fr\/product\/derouleur-de-dil-mod-svb\/","og_locale":"fr_FR","og_type":"article","og_title":"Derouleur de dil - mod. SVB - RCM Agrimeccanica: Macchine agricole ed industriali","og_description":"RCM Agrimeccanica: esperti in macchinari agricoli e industriali con oltre 30 anni di innovazione e qualit\u00e0 in Italia. Scopri le nostre soluzioni.","og_url":"https:\/\/rcm-agrimeccanica.it\/fr\/product\/derouleur-de-dil-mod-svb\/","og_site_name":"RCM Agrimeccanica: Macchine agricole ed industriali","article_modified_time":"2023-11-23T16:15:44+00:00","og_image":[{"width":500,"height":374,"url":"https:\/\/rcm-agrimeccanica.it\/wp-content\/uploads\/2022\/09\/svolgi_filo_big_srotola_interfila_vigneto_01.jpg","type":"image\/jpeg"}],"twitter_card":"summary_large_image","twitter_misc":{"Dur\u00e9e de lecture estim\u00e9e":"1 minute"},"schema":{"@context":"https:\/\/schema.org","@graph":[{"@type":"WebPage","@id":"https:\/\/rcm-agrimeccanica.it\/fr\/product\/derouleur-de-dil-mod-svb\/","url":"https:\/\/rcm-agrimeccanica.it\/fr\/product\/derouleur-de-dil-mod-svb\/","name":"Derouleur de dil - mod. SVB - RCM Agrimeccanica: Macchine agricole ed industriali","isPartOf":{"@id":"https:\/\/rcm-agrimeccanica.it\/en\/#website"},"datePublished":"2022-09-23T09:31:40+00:00","dateModified":"2023-11-23T16:15:44+00:00","description":"RCM Agrimeccanica: esperti in macchinari agricoli e industriali con oltre 30 anni di innovazione e qualit\u00e0 in Italia. Scopri le nostre soluzioni.","breadcrumb":{"@id":"https:\/\/rcm-agrimeccanica.it\/fr\/product\/derouleur-de-dil-mod-svb\/#breadcrumb"},"inLanguage":"fr-FR","potentialAction":[{"@type":"ReadAction","target":["https:\/\/rcm-agrimeccanica.it\/fr\/product\/derouleur-de-dil-mod-svb\/"]}]},{"@type":"BreadcrumbList","@id":"https:\/\/rcm-agrimeccanica.it\/fr\/product\/derouleur-de-dil-mod-svb\/#breadcrumb","itemListElement":[{"@type":"ListItem","position":1,"name":"Home","item":"https:\/\/rcm-agrimeccanica.it\/fr\/"},{"@type":"ListItem","position":2,"name":"Produits","item":"https:\/\/rcm-agrimeccanica.it\/fr\/shop\/"},{"@type":"ListItem","position":3,"name":"Derouleur de dil &#8211; mod. SVB"}]},{"@type":"WebSite","@id":"https:\/\/rcm-agrimeccanica.it\/en\/#website","url":"https:\/\/rcm-agrimeccanica.it\/en\/","name":"RCM Agrimeccanica","description":"","alternateName":"RCM Agrimeccanica","potentialAction":[{"@type":"SearchAction","target":{"@type":"EntryPoint","urlTemplate":"https:\/\/rcm-agrimeccanica.it\/en\/?s={search_term_string}"},"query-input":"required name=search_term_string"}],"inLanguage":"fr-FR"}]}},"_links":{"self":[{"href":"https:\/\/rcm-agrimeccanica.it\/fr\/wp-json\/wp\/v3\/product\/4321"}],"collection":[{"href":"https:\/\/rcm-agrimeccanica.it\/fr\/wp-json\/wp\/v3\/product"}],"about":[{"href":"https:\/\/rcm-agrimeccanica.it\/fr\/wp-json\/wp\/v2\/types\/product"}],"wp:featuredmedia":[{"embeddable":true,"href":"https:\/\/rcm-agrimeccanica.it\/fr\/wp-json\/wp\/v2\/media\/2853"}],"wp:attachment":[{"href":"https:\/\/rcm-agrimeccanica.it\/fr\/wp-json\/wp\/v2\/media?parent=4321"}],"wp:term":[{"taxonomy":"product_cat","embeddable":true,"href":"https:\/\/rcm-agrimeccanica.it\/fr\/wp-json\/wp\/v2\/product_cat?post=4321"},{"taxonomy":"product_tag","embeddable":true,"href":"https:\/\/rcm-agrimeccanica.it\/fr\/wp-json\/wp\/v2\/product_tag?post=4321"}],"curies":[{"name":"wp","href":"https:\/\/api.w.org\/{rel}","templated":true}]}}