{"id":4310,"date":"2022-09-20T09:02:26","date_gmt":"2022-09-20T09:02:26","guid":{"rendered":"https:\/\/rcm-agrimeccanica.it\/sviluppo\/?post_type=product&#038;p=4310"},"modified":"2023-11-23T16:01:36","modified_gmt":"2023-11-23T16:01:36","slug":"microgranulateur-mod-mig46","status":"publish","type":"product","link":"https:\/\/rcm-agrimeccanica.it\/fr\/produit\/microgranulateur-mod-mig46\/","title":{"rendered":"Microgranulateur &#8211; mod. MIG46"},"content":{"rendered":"<div class=\"wpb-content-wrapper\">[vc_row][vc_column][vc_column_text]https:\/\/www.youtube.com\/watch?v=EAitrgcoMqk[\/vc_column_text][\/vc_column][\/vc_row][vc_row][vc_column][vc_column_text]Un ordinateur mont\u00e9 sur le tracteur vous permet d\u2019ajuster automatiquement la distribution des produits en fonction du syst\u00e8me de plantation, la vitesse du tracteur et la quantit\u00e9 de produit \u00e0 distribuer par hectare.<\/p>\n<p>La machine est indiqu\u00e9e pour la distribution des produits MICOSAT F de la Soci\u00e9t\u00e9 CCS.[\/vc_column_text][\/vc_column][\/vc_row][vc_row][vc_column][vc_empty_space][\/vc_column][\/vc_row][vc_row][vc_column]\t<div class=\"thb_title  style13  \" id=\"thb-title-6a00154474ea7\">\n\t\t<div class=\"thb_title_inner\">\n\t\t\t\n\t\t\t\t\t\t<h2>CARACTERISTIQUES TECHNIQUES<\/h2>\n\t\t\t\n\t\t\t\t\t<\/div>\n\t\t\t\t\t\t\t<\/div>\n\t[vc_column_text]<div class=\"wptb-table-container wptb-table-1168\"><div class=\"wptb-table-container-matrix\" id=\"wptb-table-id-1168\" data-wptb-version=\"2.0.6\" data-wptb-pro-status=\"false\"><table class=\"wptb-preview-table wptb-table-preview-head wptb-element-main-table_setting-1802\" data-reconstraction=\"1\" data-wptb-adaptive-table=\"0\" data-wptb-table-tds-sum-max-width=\"928\" data-wptb-cells-width-auto-count=\"8\" style=\"display: table;\" data-table-columns=\"8\" role=\"table\" data-wptb-responsive-directives=\"eyJyZXNwb25zaXZlRW5hYmxlZCI6dHJ1ZSwicmVzcG9uc2l2ZU1vZGUiOiJhdXRvIiwicHJlc2VydmVSb3dDb2xvciI6ZmFsc2UsInJlbGF0aXZlV2lkdGgiOiJ3aW5kb3ciLCJoZWFkZXJGdWxseU1lcmdlZCI6ZmFsc2UsIm1vZGVPcHRpb25zIjp7ImF1dG8iOnsiZGlzYWJsZWQiOnsiZGVza3RvcCI6ZmFsc2UsInRhYmxldCI6ZmFsc2UsIm1vYmlsZSI6ZmFsc2V9LCJ0b3BSb3dBc0hlYWRlciI6eyJkZXNrdG9wIjpmYWxzZSwidGFibGV0Ijp0cnVlLCJtb2JpbGUiOnRydWV9LCJyZXBlYXRNZXJnZWRIZWFkZXIiOnsiZGVza3RvcCI6dHJ1ZSwidGFibGV0Ijp0cnVlLCJtb2JpbGUiOnRydWV9LCJzdGF0aWNUb3BSb3ciOnsiZGVza3RvcCI6ZmFsc2UsInRhYmxldCI6ZmFsc2UsIm1vYmlsZSI6ZmFsc2V9LCJjZWxsU3RhY2tEaXJlY3Rpb24iOnsiZGVza3RvcCI6InJvdyIsInRhYmxldCI6InJvdyIsIm1vYmlsZSI6InJvdyJ9LCJjZWxsc1BlclJvdyI6eyJkZXNrdG9wIjoxLCJ0YWJsZXQiOjIsIm1vYmlsZSI6MX19fSwiYnJlYWtwb2ludHMiOnsiZGVza3RvcCI6eyJuYW1lIjoiZGVza3RvcCIsIndpZHRoIjoxMDI0fSwidGFibGV0Ijp7Im5hbWUiOiJ0YWJsZXQiLCJ3aWR0aCI6NzAwfSwibW9iaWxlIjp7Im5hbWUiOiJtb2JpbGUiLCJ3aWR0aCI6MzAwfX19\" data-wptb-table-directives=\"eyJpbm5lckJvcmRlcnMiOnsiYWN0aXZlIjoiYWxsIiwiYm9yZGVyV2lkdGgiOiIiLCJib3JkZXJSYWRpdXNlcyI6eyJhbGwiOmZhbHNlfX19\" data-wptb-extra-styles=\"LyogRW50ZXIgeW91ciBjdXN0b20gQ1NTIHJ1bGVzIGhlcmUgKi8=\" data-wptb-horizontal-scroll-status=\"false\" data-wptb-header-background-color=\"#FEF730FF\"><tbody><tr class=\"wptb-row wptb-table-head\" style=\"background-color: rgb(254, 247, 48);\" data-wptb-bg-color=\"#DD9933\"><td class=\"wptb-cell\" data-x-index=\"0\" data-wptb-css-td-auto-width=\"true\" style=\"padding: 8px;\" data-y-index=\"0\" data-sorted-vertical=\"ask-disabled\"><div class=\"wptb-text-container wptb-ph-element wptb-element-text-2\" style=\"color: rgb(74, 85, 104); font-size: 14px;\"><div class=\"\" style=\"position: relative;\"><p style=\"text-align: center;\"><strong>Modello<\/strong><\/p><\/div><\/div><\/td><td class=\"wptb-cell\" data-x-index=\"1\" data-wptb-css-td-auto-width=\"true\" style=\"padding: 8px;\" data-y-index=\"0\" data-sorted-vertical=\"ask-disabled\"><div class=\"wptb-text-container wptb-ph-element wptb-element-text-3\" style=\"color: rgb(74, 85, 104); font-size: 14px;\"><div class=\"\" style=\"position: relative;\"><p style=\"text-align: center;\"><strong>Larghezza macchina&#65279; min-max.<br><\/strong><\/p><\/div><\/div><\/td><td class=\"wptb-cell\" data-x-index=\"2\" data-wptb-css-td-auto-width=\"true\" style=\"padding: 8px;\" data-y-index=\"0\" data-sorted-vertical=\"ask-disabled\"><div class=\"wptb-text-container wptb-ph-element wptb-element-text-4\" style=\"color: rgb(74, 85, 104); font-size: 14px;\"><div class=\"\" style=\"position: relative;\"><p style=\"text-align: center;\"><strong>Lunghezza macchina<br><\/strong><\/p><\/div><\/div><\/td><td class=\"wptb-cell\" style=\"padding: 8px;\" data-x-index=\"3\" data-y-index=\"0\" data-wptb-css-td-auto-width=\"true\"><div class=\"wptb-text-container wptb-ph-element wptb-element-text-169\" style=\"color: rgb(74, 85, 104); font-size: 15px;\"><div class=\"\" style=\"position: relative;\"><p style=\"text-align: center;\"><strong>Altezza macchina<br><\/strong><\/p><p><\/p><\/div><\/div><\/td><td class=\"wptb-cell\" style=\"padding: 8px;\" data-x-index=\"4\" data-y-index=\"0\" data-wptb-css-td-auto-width=\"true\"><div class=\"wptb-text-container wptb-ph-element wptb-element-text-173\" style=\"color: rgb(74, 85, 104); font-size: 15px;\"><div class=\"\" style=\"position: relative;\"><p style=\"text-align: center;\"><strong>Interasse interratori min.-max.<br><\/strong><\/p><\/div><\/div><\/td><td class=\"wptb-cell\" style=\"padding: 8px;\" data-x-index=\"5\" data-y-index=\"0\" data-wptb-css-td-auto-width=\"true\"><div class=\"wptb-text-container wptb-ph-element wptb-element-text-180\" style=\"color: rgb(74, 85, 104); font-size: 15px;\"><div class=\"\" style=\"position: relative;\"><p style=\"text-align: center;\"><strong>Denti interratori&#65279;<\/strong><\/p><\/div><\/div><\/td><td class=\"wptb-cell\" style=\"padding: 8px;\" data-x-index=\"6\" data-y-index=\"0\" data-wptb-css-td-auto-width=\"true\"><div class=\"wptb-text-container wptb-ph-element wptb-element-text-183\" style=\"color: rgb(74, 85, 104); font-size: 15px;\"><div class=\"\" style=\"position: relative;\"><p style=\"text-align: center;\"><strong>Capacit&agrave; tramoggia<br><\/strong><\/p><\/div><\/div><\/td><td class=\"wptb-cell\" style=\"padding: 8px;\" data-x-index=\"7\" data-y-index=\"0\" data-wptb-css-td-auto-width=\"true\"><div class=\"wptb-text-container wptb-ph-element wptb-element-text-186\" style=\"color: rgb(74, 85, 104); font-size: 15px;\"><div class=\"\" style=\"position: relative;\"><p style=\"text-align: center;\"><strong>Peso macchina&#65279;<\/strong><\/p><\/div><\/div><\/td><\/tr><tr class=\"wptb-row\" data-wptb-bg-color=\"\" style=\"--hover-bg-color: undefined;\"><td class=\"wptb-cell\" data-x-index=\"0\" data-wptb-css-td-auto-width=\"true\" style=\"padding: 8px;\" data-wptb-title-column=\"Name\" data-wptb-title-column-font-size=\"\" data-wptb-title-column-color=\"rgb(255, 255, 255)\" data-wptb-title-background-color=\"rgb(221, 153, 51)\" data-wptb-title-align=\"center\" data-y-index=\"1\"><div class=\"wptb-text-container wptb-ph-element wptb-element-text-6\" style=\"color: rgb(74, 85, 104); font-size: 15px;\"><div class=\"\" style=\"position: relative;\"><p style=\"text-align: center;\">MIG46a<br><\/p><\/div><\/div><\/td><td class=\"wptb-cell\" data-x-index=\"1\" data-wptb-css-td-auto-width=\"true\" style=\"padding: 8px;\" data-wptb-title-column=\"Position\" data-wptb-title-column-font-size=\"\" data-wptb-title-column-color=\"rgb(255, 255, 255)\" data-wptb-title-background-color=\"rgb(221, 153, 51)\" data-wptb-title-align=\"center\" data-y-index=\"1\"><div class=\"wptb-text-container wptb-ph-element wptb-element-text-9\" style=\"color: rgb(74, 85, 104); font-size: 15px;\"><div class=\"\" style=\"position: relative;\"><p style=\"text-align: center;\">155-191<br><\/p><\/div><\/div><\/td><td class=\"wptb-cell\" data-x-index=\"2\" data-wptb-css-td-auto-width=\"true\" style=\"padding: 8px;\" data-wptb-title-column=\"Office\" data-wptb-title-column-font-size=\"\" data-wptb-title-column-color=\"rgb(255, 255, 255)\" data-wptb-title-background-color=\"rgb(221, 153, 51)\" data-wptb-title-align=\"center\" data-y-index=\"1\"><div class=\"wptb-text-container wptb-ph-element wptb-element-text-14\" style=\"color: rgb(74, 85, 104); font-size: 15px;\"><div class=\"\" style=\"position: relative;\"><p style=\"text-align: center;\">115 cm<br><\/p><\/div><\/div><\/td><td class=\"wptb-cell\" style=\"padding: 8px;\" data-x-index=\"3\" data-y-index=\"1\" data-wptb-css-td-auto-width=\"true\"><div class=\"wptb-text-container wptb-ph-element wptb-element-text-87\" style=\"color: rgb(74, 85, 104); font-size: 15px;\"><div class=\"\" style=\"position: relative;\"><p style=\"text-align: center;\">165 cm<\/p><\/div><\/div><\/td><td class=\"wptb-cell\" style=\"padding: 8px;\" data-x-index=\"4\" data-y-index=\"1\" data-wptb-css-td-auto-width=\"true\"><div class=\"wptb-text-container wptb-ph-element wptb-element-text-174\" style=\"color: rgb(74, 85, 104); font-size: 15px;\"><div class=\"\" style=\"position: relative;\"><p style=\"text-align: center;\">85-140 cm<br><\/p><\/div><\/div><\/td><td class=\"wptb-cell\" style=\"padding: 8px;\" data-x-index=\"5\" data-y-index=\"1\" data-wptb-css-td-auto-width=\"true\"><div class=\"wptb-text-container wptb-ph-element wptb-element-text-181\" style=\"color: rgb(74, 85, 104); font-size: 15px;\"><div class=\"\" style=\"position: relative;\"><p style=\"text-align: center;\">n&deg; 2<br><\/p><\/div><\/div><\/td><td class=\"wptb-cell\" style=\"padding: 8px;\" data-x-index=\"6\" data-y-index=\"1\" data-wptb-css-td-auto-width=\"true\"><div class=\"wptb-text-container wptb-ph-element wptb-element-text-184\" style=\"color: rgb(74, 85, 104); font-size: 15px;\"><div class=\"\" style=\"position: relative;\"><p style=\"text-align: center;\">50 litri<br><\/p><\/div><\/div><\/td><td class=\"wptb-cell\" style=\"padding: 8px;\" data-x-index=\"7\" data-y-index=\"1\" data-wptb-css-td-auto-width=\"true\"><div class=\"wptb-text-container wptb-ph-element wptb-element-text-187\" style=\"color: rgb(74, 85, 104); font-size: 15px;\"><div class=\"\" style=\"position: relative;\"><p style=\"text-align: center;\">285 Kg<br><\/p><\/div><\/div><\/td><\/tr><tr class=\"wptb-row\" style=\"--hover-bg-color: undefined;\"><td class=\"wptb-cell\" style=\"padding: 8px;\" data-x-index=\"0\" data-y-index=\"2\" data-wptb-css-td-auto-width=\"true\"><div class=\"wptb-text-container wptb-ph-element wptb-element-text-190\" style=\"color: rgb(74, 85, 104); font-size: 15px;\"><div class=\"\" style=\"position: relative;\"><p style=\"text-align: center;\">MIG46b<\/p><\/div><\/div><\/td><td class=\"wptb-cell\" style=\"padding: 8px;\" data-x-index=\"1\" data-y-index=\"2\" data-wptb-css-td-auto-width=\"true\"><div class=\"wptb-text-container wptb-ph-element wptb-element-text-191\" style=\"color: rgb(74, 85, 104); font-size: 15px;\"><div class=\"\" style=\"position: relative;\"><p style=\"text-align: center;\">155-191<br><\/p><\/div><\/div><\/td><td class=\"wptb-cell\" style=\"padding: 8px;\" data-x-index=\"2\" data-y-index=\"2\" data-wptb-css-td-auto-width=\"true\"><div class=\"wptb-text-container wptb-ph-element wptb-element-text-192\" style=\"color: rgb(74, 85, 104); font-size: 15px;\"><div class=\"\" style=\"position: relative;\"><p style=\"text-align: center;\">115 cm<br><\/p><\/div><\/div><\/td><td class=\"wptb-cell\" style=\"padding: 8px;\" data-x-index=\"3\" data-y-index=\"2\" data-wptb-css-td-auto-width=\"true\"><div class=\"wptb-text-container wptb-ph-element wptb-element-text-193\" style=\"color: rgb(74, 85, 104); font-size: 15px;\"><div class=\"\" style=\"position: relative;\"><p style=\"text-align: center;\">165 cm<br><\/p><\/div><\/div><\/td><td class=\"wptb-cell\" style=\"padding: 8px;\" data-x-index=\"4\" data-y-index=\"2\" data-wptb-css-td-auto-width=\"true\"><div class=\"wptb-text-container wptb-ph-element wptb-element-text-194\" style=\"color: rgb(74, 85, 104); font-size: 15px;\"><div class=\"\" style=\"position: relative;\"><p style=\"text-align: center;\">85-140 cm<br><\/p><p><\/p><\/div><\/div><\/td><td class=\"wptb-cell\" style=\"padding: 8px;\" data-x-index=\"5\" data-y-index=\"2\" data-wptb-css-td-auto-width=\"true\"><div class=\"wptb-text-container wptb-ph-element wptb-element-text-195\" style=\"color: rgb(74, 85, 104); font-size: 15px;\"><div class=\"\" style=\"position: relative;\"><p style=\"text-align: center;\">n&deg; 2<br><\/p><\/div><\/div><\/td><td class=\"wptb-cell\" style=\"padding: 8px;\" data-x-index=\"6\" data-y-index=\"2\" data-wptb-css-td-auto-width=\"true\"><div class=\"wptb-text-container wptb-ph-element wptb-element-text-196\" style=\"color: rgb(74, 85, 104); font-size: 15px;\"><div class=\"\" style=\"position: relative;\"><p style=\"text-align: center;\">100 litri<\/p><\/div><\/div><\/td><td class=\"wptb-cell\" style=\"padding: 8px;\" data-x-index=\"7\" data-y-index=\"2\" data-wptb-css-td-auto-width=\"true\"><div class=\"wptb-text-container wptb-ph-element wptb-element-text-197\" style=\"color: rgb(74, 85, 104); font-size: 15px;\"><div class=\"\" style=\"position: relative;\"><p style=\"text-align: center;\">335 Kg<br><\/p><\/div><\/div><\/td><\/tr><\/tbody><\/table><\/div><\/div>\n[\/vc_column_text][vc_empty_space height=\u00a0\u00bb5px\u00a0\u00bb]\t<div class=\"thb_title  style13  \" id=\"thb-title-6a00154475ab8\">\n\t\t<div class=\"thb_title_inner\">\n\t\t\t\n\t\t\t\t\t\t<h2>DOCUMENTATION ET CATALOGUES DES PRODUITS<\/h2>\n\t\t\t\n\t\t\t\t\t\t\t<a href=\"https:\/\/rcm-agrimeccanica.it\/wp-content\/uploads\/2020\/01\/MIG46.pdf\" target=\"_blank\" class=\"thb_title_link\">T\u00c9L\u00c9CHARGEZ NOTRE BROCHURE <svg xmlns=\"http:\/\/www.w3.org\/2000\/svg\" xmlns:xlink=\"http:\/\/www.w3.org\/1999\/xlink\" x=\"0px\" y=\"0px\"\r\n\t width=\"30px\" height=\"18px\" viewBox=\"0 0 30 18\" enable-background=\"new 0 0 30 18\" xml:space=\"preserve\">\r\n<path class=\"handle\" d=\"M20.305,16.212c-0.407,0.409-0.407,1.071,0,1.479s1.068,0.408,1.476,0l7.914-7.952c0.408-0.409,0.408-1.071,0-1.481\r\n\tl-7.914-7.952c-0.407-0.409-1.068-0.409-1.476,0s-0.407,1.071,0,1.48l7.185,7.221L20.305,16.212z\"\/>\r\n<path class=\"bar\" fill-rule=\"evenodd\" clip-rule=\"evenodd\" d=\"M1,8h28.001c0.551,0,1,0.448,1,1c0,0.553-0.449,1-1,1H1c-0.553,0-1-0.447-1-1\r\n\tC0,8.448,0.447,8,1,8z\"\/>\r\n<\/svg>\r\n<\/a>\n\t\t\t\t\t<\/div>\n\t\t\t\t\t\t\t<\/div>\n\t[\/vc_column][\/vc_row]\n<\/div>","protected":false},"excerpt":{"rendered":"<p>La microgranulatrice permet de renforcer la vigne et nombreux d\u2019autres types de plantes pour traiter les maladies qui affectent leur vitalit\u00e9.<\/p>\n<p>Il s\u2019agit d\u2019une machine robuste mais simple, con\u00e7ue pour distribuer dans une fa\u00e7on pr\u00e9cise et lin\u00e9aire des produits microgranulaires et les faire p\u00e9n\u00e9trer dans le sol \u00e0 travers deux enterreurs jusqu\u2019\u00e0 une profondeur de 45 cm.<\/p>\n<p><a href=\"https:\/\/rcm-agrimeccanica.it\/fr\/contacts\/#contacts\" rel=\"noopener\"><button class=\"single_add_to_cart_button button alt\" name=\"add-to-cart\" type=\"submit\" value=\"204\">DEMANDE D\u2019INFORMATION<\/button><\/a><\/p>\n","protected":false},"featured_media":2819,"template":"","meta":{"ngg_post_thumbnail":0},"product_cat":[346],"product_tag":[],"yoast_head":"<!-- This site is optimized with the Yoast SEO plugin v20.5 - https:\/\/yoast.com\/wordpress\/plugins\/seo\/ -->\n<title>Microgranulateur - mod. MIG46 - RCM Agrimeccanica: Macchine agricole ed industriali<\/title>\n<meta name=\"description\" content=\"RCM Agrimeccanica: esperti in macchinari agricoli e industriali con oltre 30 anni di innovazione e qualit\u00e0 in Italia. Scopri le nostre soluzioni.\" \/>\n<meta name=\"robots\" content=\"index, follow, max-snippet:-1, max-image-preview:large, max-video-preview:-1\" \/>\n<link rel=\"canonical\" href=\"https:\/\/rcm-agrimeccanica.it\/fr\/product\/microgranulateur-mod-mig46\/\" \/>\n<meta property=\"og:locale\" content=\"fr_FR\" \/>\n<meta property=\"og:type\" content=\"article\" \/>\n<meta property=\"og:title\" content=\"Microgranulateur - mod. MIG46 - RCM Agrimeccanica: Macchine agricole ed industriali\" \/>\n<meta property=\"og:description\" content=\"RCM Agrimeccanica: esperti in macchinari agricoli e industriali con oltre 30 anni di innovazione e qualit\u00e0 in Italia. Scopri le nostre soluzioni.\" \/>\n<meta property=\"og:url\" content=\"https:\/\/rcm-agrimeccanica.it\/fr\/product\/microgranulateur-mod-mig46\/\" \/>\n<meta property=\"og:site_name\" content=\"RCM Agrimeccanica: Macchine agricole ed industriali\" \/>\n<meta property=\"article:modified_time\" content=\"2023-11-23T16:01:36+00:00\" \/>\n<meta property=\"og:image\" content=\"https:\/\/rcm-agrimeccanica.it\/wp-content\/uploads\/2022\/09\/microgranulatrice_concime_naturale_micorize_micosat_MIG-46_01-500x350-1.jpg\" \/>\n\t<meta property=\"og:image:width\" content=\"500\" \/>\n\t<meta property=\"og:image:height\" content=\"350\" \/>\n\t<meta property=\"og:image:type\" content=\"image\/jpeg\" \/>\n<meta name=\"twitter:card\" content=\"summary_large_image\" \/>\n<meta name=\"twitter:label1\" content=\"Dur\u00e9e de lecture estim\u00e9e\" \/>\n\t<meta name=\"twitter:data1\" content=\"1 minute\" \/>\n<script type=\"application\/ld+json\" class=\"yoast-schema-graph\">{\"@context\":\"https:\/\/schema.org\",\"@graph\":[{\"@type\":\"WebPage\",\"@id\":\"https:\/\/rcm-agrimeccanica.it\/fr\/product\/microgranulateur-mod-mig46\/\",\"url\":\"https:\/\/rcm-agrimeccanica.it\/fr\/product\/microgranulateur-mod-mig46\/\",\"name\":\"Microgranulateur - mod. MIG46 - RCM Agrimeccanica: Macchine agricole ed industriali\",\"isPartOf\":{\"@id\":\"https:\/\/rcm-agrimeccanica.it\/en\/#website\"},\"datePublished\":\"2022-09-20T09:02:26+00:00\",\"dateModified\":\"2023-11-23T16:01:36+00:00\",\"description\":\"RCM Agrimeccanica: esperti in macchinari agricoli e industriali con oltre 30 anni di innovazione e qualit\u00e0 in Italia. Scopri le nostre soluzioni.\",\"breadcrumb\":{\"@id\":\"https:\/\/rcm-agrimeccanica.it\/fr\/product\/microgranulateur-mod-mig46\/#breadcrumb\"},\"inLanguage\":\"fr-FR\",\"potentialAction\":[{\"@type\":\"ReadAction\",\"target\":[\"https:\/\/rcm-agrimeccanica.it\/fr\/product\/microgranulateur-mod-mig46\/\"]}]},{\"@type\":\"BreadcrumbList\",\"@id\":\"https:\/\/rcm-agrimeccanica.it\/fr\/product\/microgranulateur-mod-mig46\/#breadcrumb\",\"itemListElement\":[{\"@type\":\"ListItem\",\"position\":1,\"name\":\"Home\",\"item\":\"https:\/\/rcm-agrimeccanica.it\/fr\/\"},{\"@type\":\"ListItem\",\"position\":2,\"name\":\"Produits\",\"item\":\"https:\/\/rcm-agrimeccanica.it\/fr\/shop\/\"},{\"@type\":\"ListItem\",\"position\":3,\"name\":\"Microgranulateur &#8211; mod. MIG46\"}]},{\"@type\":\"WebSite\",\"@id\":\"https:\/\/rcm-agrimeccanica.it\/en\/#website\",\"url\":\"https:\/\/rcm-agrimeccanica.it\/en\/\",\"name\":\"RCM Agrimeccanica\",\"description\":\"\",\"alternateName\":\"RCM Agrimeccanica\",\"potentialAction\":[{\"@type\":\"SearchAction\",\"target\":{\"@type\":\"EntryPoint\",\"urlTemplate\":\"https:\/\/rcm-agrimeccanica.it\/en\/?s={search_term_string}\"},\"query-input\":\"required name=search_term_string\"}],\"inLanguage\":\"fr-FR\"}]}<\/script>\n<!-- \/ Yoast SEO plugin. -->","yoast_head_json":{"title":"Microgranulateur - mod. MIG46 - RCM Agrimeccanica: Macchine agricole ed industriali","description":"RCM Agrimeccanica: esperti in macchinari agricoli e industriali con oltre 30 anni di innovazione e qualit\u00e0 in Italia. Scopri le nostre soluzioni.","robots":{"index":"index","follow":"follow","max-snippet":"max-snippet:-1","max-image-preview":"max-image-preview:large","max-video-preview":"max-video-preview:-1"},"canonical":"https:\/\/rcm-agrimeccanica.it\/fr\/product\/microgranulateur-mod-mig46\/","og_locale":"fr_FR","og_type":"article","og_title":"Microgranulateur - mod. MIG46 - RCM Agrimeccanica: Macchine agricole ed industriali","og_description":"RCM Agrimeccanica: esperti in macchinari agricoli e industriali con oltre 30 anni di innovazione e qualit\u00e0 in Italia. Scopri le nostre soluzioni.","og_url":"https:\/\/rcm-agrimeccanica.it\/fr\/product\/microgranulateur-mod-mig46\/","og_site_name":"RCM Agrimeccanica: Macchine agricole ed industriali","article_modified_time":"2023-11-23T16:01:36+00:00","og_image":[{"width":500,"height":350,"url":"https:\/\/rcm-agrimeccanica.it\/wp-content\/uploads\/2022\/09\/microgranulatrice_concime_naturale_micorize_micosat_MIG-46_01-500x350-1.jpg","type":"image\/jpeg"}],"twitter_card":"summary_large_image","twitter_misc":{"Dur\u00e9e de lecture estim\u00e9e":"1 minute"},"schema":{"@context":"https:\/\/schema.org","@graph":[{"@type":"WebPage","@id":"https:\/\/rcm-agrimeccanica.it\/fr\/product\/microgranulateur-mod-mig46\/","url":"https:\/\/rcm-agrimeccanica.it\/fr\/product\/microgranulateur-mod-mig46\/","name":"Microgranulateur - mod. MIG46 - RCM Agrimeccanica: Macchine agricole ed industriali","isPartOf":{"@id":"https:\/\/rcm-agrimeccanica.it\/en\/#website"},"datePublished":"2022-09-20T09:02:26+00:00","dateModified":"2023-11-23T16:01:36+00:00","description":"RCM Agrimeccanica: esperti in macchinari agricoli e industriali con oltre 30 anni di innovazione e qualit\u00e0 in Italia. Scopri le nostre soluzioni.","breadcrumb":{"@id":"https:\/\/rcm-agrimeccanica.it\/fr\/product\/microgranulateur-mod-mig46\/#breadcrumb"},"inLanguage":"fr-FR","potentialAction":[{"@type":"ReadAction","target":["https:\/\/rcm-agrimeccanica.it\/fr\/product\/microgranulateur-mod-mig46\/"]}]},{"@type":"BreadcrumbList","@id":"https:\/\/rcm-agrimeccanica.it\/fr\/product\/microgranulateur-mod-mig46\/#breadcrumb","itemListElement":[{"@type":"ListItem","position":1,"name":"Home","item":"https:\/\/rcm-agrimeccanica.it\/fr\/"},{"@type":"ListItem","position":2,"name":"Produits","item":"https:\/\/rcm-agrimeccanica.it\/fr\/shop\/"},{"@type":"ListItem","position":3,"name":"Microgranulateur &#8211; mod. MIG46"}]},{"@type":"WebSite","@id":"https:\/\/rcm-agrimeccanica.it\/en\/#website","url":"https:\/\/rcm-agrimeccanica.it\/en\/","name":"RCM Agrimeccanica","description":"","alternateName":"RCM Agrimeccanica","potentialAction":[{"@type":"SearchAction","target":{"@type":"EntryPoint","urlTemplate":"https:\/\/rcm-agrimeccanica.it\/en\/?s={search_term_string}"},"query-input":"required name=search_term_string"}],"inLanguage":"fr-FR"}]}},"_links":{"self":[{"href":"https:\/\/rcm-agrimeccanica.it\/fr\/wp-json\/wp\/v3\/product\/4310"}],"collection":[{"href":"https:\/\/rcm-agrimeccanica.it\/fr\/wp-json\/wp\/v3\/product"}],"about":[{"href":"https:\/\/rcm-agrimeccanica.it\/fr\/wp-json\/wp\/v2\/types\/product"}],"wp:featuredmedia":[{"embeddable":true,"href":"https:\/\/rcm-agrimeccanica.it\/fr\/wp-json\/wp\/v2\/media\/2819"}],"wp:attachment":[{"href":"https:\/\/rcm-agrimeccanica.it\/fr\/wp-json\/wp\/v2\/media?parent=4310"}],"wp:term":[{"taxonomy":"product_cat","embeddable":true,"href":"https:\/\/rcm-agrimeccanica.it\/fr\/wp-json\/wp\/v2\/product_cat?post=4310"},{"taxonomy":"product_tag","embeddable":true,"href":"https:\/\/rcm-agrimeccanica.it\/fr\/wp-json\/wp\/v2\/product_tag?post=4310"}],"curies":[{"name":"wp","href":"https:\/\/api.w.org\/{rel}","templated":true}]}}