{"id":4218,"date":"2022-10-26T13:38:32","date_gmt":"2022-10-26T13:38:32","guid":{"rendered":"https:\/\/rcm-agrimeccanica.it\/sviluppo\/?post_type=product&#038;p=4218"},"modified":"2023-01-31T08:21:32","modified_gmt":"2023-01-31T08:21:32","slug":"engrais-organiques-micosat-f","status":"publish","type":"product","link":"https:\/\/rcm-agrimeccanica.it\/fr\/produit\/engrais-organiques-micosat-f\/","title":{"rendered":"Engrais organiques Micosat &#8211; F"},"content":{"rendered":"<div class=\"wpb-content-wrapper\">[vc_row][vc_column][vc_column_text]<strong>QUE SONT LES MYCORRIZES?<\/strong><br \/>\nLes mycorhizes sont un processus de formation symbiotique, qui se produit entre l\u2019\u00e9l\u00e9ment principal du champignon, appel\u00e9 myc\u00e9lium, et la racine d\u2019une plante \u00e0 l\u2019int\u00e9rieur de la rhizosph\u00e8re, ou la zone du sol entourant la plante elle-m\u00eame.<\/p>\n<p>Ce processus, inscrit dans le concept d\u2019agriculture symbiotique, permet une relation de b\u00e9n\u00e9fice mutuel avec un \u00e9change de substances \u00e9nerg\u00e9tiques au profit du champignon et d\u2019\u00e9l\u00e9ments nutritifs et b\u00e9n\u00e9fiques au profit de la plante.<\/p>\n<p><strong>COMBIEN Y A-T-IL DE TYPES DE MYCORRIZES?<\/strong><br \/>\nLes mycorhizes sont divis\u00e9s en trois types principaux:<\/p>\n<p>1. Endotrophe:<br \/>\nLa masse filamenteuse du champignon (ifa) pousse profond\u00e9ment jusqu\u2019\u00e0 ce qu\u2019elle atteigne les cellules du cortex.<\/p>\n<p>2. Ectotrophe:<br \/>\nLa masse du champignon filamenteux (ifa), reste \u00e0 la surface, formant une couche de myc\u00e9lium (hyphes ensemble) autour des racines. Un exemple typique de ce ph\u00e9nom\u00e8ne symbiotique est la truffe. En fait, bien qu\u2019il trouve son habitat naturel \u00e0 l\u2019int\u00e9rieur du sol, il n\u2019atteint pas la racine de la plante.<\/p>\n<p>3. Ectoendotrophe:<br \/>\nLorsque la masse filamenteuse (ifa), il est capable de p\u00e9n\u00e9trer m\u00eame l\u2019\u00e9paisseur de la racine elle-m\u00eame, en restant dans les espaces intercellulaires.<\/p>\n<p><strong>QUELS SONT LES AVANTAGES D\u2019UNE PLANTE MICRORIS\u00c9E?<\/strong><br \/>\nGr\u00e2ce \u00e0 la mycorhization, il y a une augmentation significative du syst\u00e8me racinaire de la plante (\u00e0 la fois r\u00e9elle et suppl\u00e9mentaire). En cons\u00e9quence, cela apporte des avantages et des b\u00e9n\u00e9ficies fr\u00e9quent s:<\/p>\n<p>1) Augmentation de la capacit\u00e9 d\u2019absorption et de stockage de l\u2019eau;<br \/>\n2) Absorption \u00e9lev\u00e9e des nutriments d\u00e9j\u00e0 pr\u00e9sents dans le sol ou ajout\u00e9s;<br \/>\n3) Une plus grande tol\u00e9rance au stress: greffe, s\u00e9cheresse, thermique, etc.<br \/>\n4) induction pr\u00e9ventive de l\u2019autod\u00e9fense pr\u00e9sente dans les plantes;<br \/>\n5) Restauration de la biodiversit\u00e9 microbienne du sol, partie int\u00e9grante de la fertilit\u00e9;<\/p>\n<p>La cr\u00e9ation de ce microenvironnement particulier qui se cr\u00e9e dans la rhizosph\u00e8re g\u00e9n\u00e8re une activit\u00e9 d\u2019antagonisme en supprimant l\u2019espace des pathog\u00e8nes radicaux qui permet \u00e0 la plante une meilleure sant\u00e9.<\/p>\n<p>L\u2019utilisation de formulations commerciales \u00e0 base de champignons mycorhiziens offre d\u2019autres avantages. \u00c0 eux seuls, ces produits commerciaux n\u2019ont aucun impact r\u00e9siduel et environnemental.[\/vc_column_text][\/vc_column][\/vc_row][vc_row][vc_column][vc_empty_space][\/vc_column][\/vc_row][vc_row][vc_column width=\u00a0\u00bb1\/4&Prime;][vc_single_image image=\u00a0\u00bb3052&Prime; img_size=\u00a0\u00bbmedium\u00a0\u00bb][vc_empty_space height=\u00a0\u00bb10px\u00a0\u00bb][vc_column_text]\n<p style=\"text-align: center;\"><strong>MICOSAT F FITO<br \/>\n<\/strong>&nbsp;Paquet de 1kg<\/p>\n[\/vc_column_text][\/vc_column][vc_column width=\u00a0\u00bb1\/4&Prime;][vc_single_image image=\u00a0\u00bb3055&Prime; img_size=\u00a0\u00bbmedium\u00a0\u00bb][vc_empty_space height=\u00a0\u00bb10px\u00a0\u00bb][vc_column_text]\n<p style=\"text-align: center;\"><strong>MICOSAT F DP10<\/strong><br \/>\n&nbsp;Paquet de 1kg<\/p>\n[\/vc_column_text][\/vc_column][vc_column width=\u00a0\u00bb1\/4&Prime;][vc_single_image image=\u00a0\u00bb3058&Prime; img_size=\u00a0\u00bbmedium\u00a0\u00bb][vc_empty_space height=\u00a0\u00bb10px\u00a0\u00bb][vc_column_text]\n<p style=\"text-align: center;\"><strong>MICOSAT F LEN<\/strong><br \/>\n&nbsp;Paquet de 1kg<\/p>\n[\/vc_column_text][\/vc_column][vc_column width=\u00a0\u00bb1\/4&Prime;][vc_single_image image=\u00a0\u00bb3061&Prime; img_size=\u00a0\u00bbmedium\u00a0\u00bb][vc_empty_space height=\u00a0\u00bb10px\u00a0\u00bb][vc_column_text]\n<p style=\"text-align: center;\"><strong>MICOSAT F GO<\/strong><br \/>\n&nbsp;Paquet de 500gr<\/p>\n[\/vc_column_text][\/vc_column][\/vc_row][vc_row][vc_column][vc_empty_space][\/vc_column][\/vc_row][vc_row][vc_column width=\u00a0\u00bb1\/4&Prime;][vc_single_image image=\u00a0\u00bb3064&Prime; img_size=\u00a0\u00bbmedium\u00a0\u00bb][vc_empty_space height=\u00a0\u00bb10px\u00a0\u00bb][vc_column_text]\n<p style=\"text-align: center;\"><strong>MICOSAT F CEREALI<br \/>\n<\/strong>&nbsp;Paquet de 5kg<\/p>\n[\/vc_column_text][\/vc_column][vc_column width=\u00a0\u00bb1\/4&Prime;][vc_single_image image=\u00a0\u00bb3067&Prime; img_size=\u00a0\u00bbmedium\u00a0\u00bb][vc_empty_space height=\u00a0\u00bb10px\u00a0\u00bb][vc_column_text]\n<p style=\"text-align: center;\"><strong>MICOSAT F FORESTALI<\/strong><br \/>\n&nbsp;Paquet de 5kg<\/p>\n[\/vc_column_text][\/vc_column][vc_column width=\u00a0\u00bb1\/4&Prime;][vc_single_image image=\u00a0\u00bb3070&Prime; img_size=\u00a0\u00bbmedium\u00a0\u00bb][vc_empty_space height=\u00a0\u00bb10px\u00a0\u00bb][vc_column_text]\n<p style=\"text-align: center;\"><strong>MICOSAT F MO<\/strong><br \/>\n&nbsp;Paquet de 5kg<\/p>\n[\/vc_column_text][\/vc_column][vc_column width=\u00a0\u00bb1\/4&Prime;][vc_single_image image=\u00a0\u00bb3073&Prime; img_size=\u00a0\u00bbmedium\u00a0\u00bb][vc_empty_space height=\u00a0\u00bb10px\u00a0\u00bb][vc_column_text]\n<p style=\"text-align: center;\"><strong>MICOSAT F MX<\/strong><br \/>\n&nbsp;Paquet de 3kg<\/p>\n[\/vc_column_text][\/vc_column][\/vc_row][vc_row][vc_column][vc_empty_space][\/vc_column][\/vc_row][vc_row][vc_column width=\u00a0\u00bb1\/4&Prime;][vc_single_image image=\u00a0\u00bb3076&Prime; img_size=\u00a0\u00bbmedium\u00a0\u00bb][vc_empty_space height=\u00a0\u00bb10px\u00a0\u00bb][vc_column_text]\n<p style=\"text-align: center;\"><strong>MICOSAT F OLIVO<\/strong><br \/>\n&nbsp;Paquet de 5kg<\/p>\n[\/vc_column_text][\/vc_column][vc_column width=\u00a0\u00bb1\/4&Prime;][\/vc_column][vc_column width=\u00a0\u00bb1\/4&Prime;][\/vc_column][vc_column width=\u00a0\u00bb1\/4&Prime;][\/vc_column][\/vc_row]\n<\/div>","protected":false},"excerpt":{"rendered":"<p><em>Rendez votre sol plus fertile avec des processus symbiotiques naturels.<\/em><\/p>\n<p>Biostimulants avec des champignons mycorhiziens (mycorhizes) pour les plantes. Ils augmentent la tol\u00e9rance au stress, pr\u00e9viennent les maladies radicales, optimisent l\u2019utilisation d\u2019engrais organiques, augmentent les antioxydants dans les produits de la cha\u00eene agroalimentaire, r\u00e9g\u00e9n\u00e8rent les sols, indiqu\u00e9s dans la \u00abfatigue\u00bb du sol.<\/p>\n<p><strong>QUE SIGNIFIE MYCORRIZA?<\/strong><br \/>\nCommen\u00e7ons d\u2019abord par expliquer la signification de ce mot. Le terme mycorhize est le lien symbiotique entre une plante et un champignon appel\u00e9 mycorhize. Etymologiquement, il vient du grec: \u00ab mycos \u00bb signifie champignon et \u00ab rhiza \u00bb, racine ou champignon qui se lie \u00e0 la racine.<\/p>\n<p><a href=\"https:\/\/rcm-agrimeccanica.it\/fr\/contacts\/#contacts\"><button class=\"single_add_to_cart_button button alt\" name=\"add-to-cart\" type=\"submit\" value=\"204\">informations requises<\/button><\/a><\/p>\n","protected":false},"featured_media":2627,"template":"","meta":{"ngg_post_thumbnail":0},"product_cat":[327],"product_tag":[],"yoast_head":"<!-- This site is optimized with the Yoast SEO plugin v20.5 - https:\/\/yoast.com\/wordpress\/plugins\/seo\/ -->\n<title>Engrais organiques Micosat - F - RCM Agrimeccanica: Macchine agricole ed industriali<\/title>\n<meta name=\"description\" content=\"RCM Agrimeccanica: esperti in macchinari agricoli e industriali con oltre 30 anni di innovazione e qualit\u00e0 in Italia. Scopri le nostre soluzioni.\" \/>\n<meta name=\"robots\" content=\"index, follow, max-snippet:-1, max-image-preview:large, max-video-preview:-1\" \/>\n<link rel=\"canonical\" href=\"https:\/\/rcm-agrimeccanica.it\/fr\/product\/engrais-organiques-micosat-f\/\" \/>\n<meta property=\"og:locale\" content=\"fr_FR\" \/>\n<meta property=\"og:type\" content=\"article\" \/>\n<meta property=\"og:title\" content=\"Engrais organiques Micosat - F - RCM Agrimeccanica: Macchine agricole ed industriali\" \/>\n<meta property=\"og:description\" content=\"RCM Agrimeccanica: esperti in macchinari agricoli e industriali con oltre 30 anni di innovazione e qualit\u00e0 in Italia. Scopri le nostre soluzioni.\" \/>\n<meta property=\"og:url\" content=\"https:\/\/rcm-agrimeccanica.it\/fr\/product\/engrais-organiques-micosat-f\/\" \/>\n<meta property=\"og:site_name\" content=\"RCM Agrimeccanica: Macchine agricole ed industriali\" \/>\n<meta property=\"article:modified_time\" content=\"2023-01-31T08:21:32+00:00\" \/>\n<meta property=\"og:image\" content=\"https:\/\/rcm-agrimeccanica.it\/wp-content\/uploads\/2022\/06\/micosatf-rcm_-500x350-1.jpg\" \/>\n\t<meta property=\"og:image:width\" content=\"500\" \/>\n\t<meta property=\"og:image:height\" content=\"350\" \/>\n\t<meta property=\"og:image:type\" content=\"image\/jpeg\" \/>\n<meta name=\"twitter:card\" content=\"summary_large_image\" \/>\n<meta name=\"twitter:label1\" content=\"Dur\u00e9e de lecture estim\u00e9e\" \/>\n\t<meta name=\"twitter:data1\" content=\"4 minutes\" \/>\n<script type=\"application\/ld+json\" class=\"yoast-schema-graph\">{\"@context\":\"https:\/\/schema.org\",\"@graph\":[{\"@type\":\"WebPage\",\"@id\":\"https:\/\/rcm-agrimeccanica.it\/fr\/product\/engrais-organiques-micosat-f\/\",\"url\":\"https:\/\/rcm-agrimeccanica.it\/fr\/product\/engrais-organiques-micosat-f\/\",\"name\":\"Engrais organiques Micosat - F - RCM Agrimeccanica: Macchine agricole ed industriali\",\"isPartOf\":{\"@id\":\"https:\/\/rcm-agrimeccanica.it\/en\/#website\"},\"datePublished\":\"2022-10-26T13:38:32+00:00\",\"dateModified\":\"2023-01-31T08:21:32+00:00\",\"description\":\"RCM Agrimeccanica: esperti in macchinari agricoli e industriali con oltre 30 anni di innovazione e qualit\u00e0 in Italia. Scopri le nostre soluzioni.\",\"breadcrumb\":{\"@id\":\"https:\/\/rcm-agrimeccanica.it\/fr\/product\/engrais-organiques-micosat-f\/#breadcrumb\"},\"inLanguage\":\"fr-FR\",\"potentialAction\":[{\"@type\":\"ReadAction\",\"target\":[\"https:\/\/rcm-agrimeccanica.it\/fr\/product\/engrais-organiques-micosat-f\/\"]}]},{\"@type\":\"BreadcrumbList\",\"@id\":\"https:\/\/rcm-agrimeccanica.it\/fr\/product\/engrais-organiques-micosat-f\/#breadcrumb\",\"itemListElement\":[{\"@type\":\"ListItem\",\"position\":1,\"name\":\"Home\",\"item\":\"https:\/\/rcm-agrimeccanica.it\/fr\/\"},{\"@type\":\"ListItem\",\"position\":2,\"name\":\"Produits\",\"item\":\"https:\/\/rcm-agrimeccanica.it\/fr\/shop\/\"},{\"@type\":\"ListItem\",\"position\":3,\"name\":\"Engrais organiques Micosat &#8211; F\"}]},{\"@type\":\"WebSite\",\"@id\":\"https:\/\/rcm-agrimeccanica.it\/en\/#website\",\"url\":\"https:\/\/rcm-agrimeccanica.it\/en\/\",\"name\":\"RCM Agrimeccanica\",\"description\":\"\",\"alternateName\":\"RCM Agrimeccanica\",\"potentialAction\":[{\"@type\":\"SearchAction\",\"target\":{\"@type\":\"EntryPoint\",\"urlTemplate\":\"https:\/\/rcm-agrimeccanica.it\/en\/?s={search_term_string}\"},\"query-input\":\"required name=search_term_string\"}],\"inLanguage\":\"fr-FR\"}]}<\/script>\n<!-- \/ Yoast SEO plugin. -->","yoast_head_json":{"title":"Engrais organiques Micosat - F - RCM Agrimeccanica: Macchine agricole ed industriali","description":"RCM Agrimeccanica: esperti in macchinari agricoli e industriali con oltre 30 anni di innovazione e qualit\u00e0 in Italia. Scopri le nostre soluzioni.","robots":{"index":"index","follow":"follow","max-snippet":"max-snippet:-1","max-image-preview":"max-image-preview:large","max-video-preview":"max-video-preview:-1"},"canonical":"https:\/\/rcm-agrimeccanica.it\/fr\/product\/engrais-organiques-micosat-f\/","og_locale":"fr_FR","og_type":"article","og_title":"Engrais organiques Micosat - F - RCM Agrimeccanica: Macchine agricole ed industriali","og_description":"RCM Agrimeccanica: esperti in macchinari agricoli e industriali con oltre 30 anni di innovazione e qualit\u00e0 in Italia. Scopri le nostre soluzioni.","og_url":"https:\/\/rcm-agrimeccanica.it\/fr\/product\/engrais-organiques-micosat-f\/","og_site_name":"RCM Agrimeccanica: Macchine agricole ed industriali","article_modified_time":"2023-01-31T08:21:32+00:00","og_image":[{"width":500,"height":350,"url":"https:\/\/rcm-agrimeccanica.it\/wp-content\/uploads\/2022\/06\/micosatf-rcm_-500x350-1.jpg","type":"image\/jpeg"}],"twitter_card":"summary_large_image","twitter_misc":{"Dur\u00e9e de lecture estim\u00e9e":"4 minutes"},"schema":{"@context":"https:\/\/schema.org","@graph":[{"@type":"WebPage","@id":"https:\/\/rcm-agrimeccanica.it\/fr\/product\/engrais-organiques-micosat-f\/","url":"https:\/\/rcm-agrimeccanica.it\/fr\/product\/engrais-organiques-micosat-f\/","name":"Engrais organiques Micosat - F - RCM Agrimeccanica: Macchine agricole ed industriali","isPartOf":{"@id":"https:\/\/rcm-agrimeccanica.it\/en\/#website"},"datePublished":"2022-10-26T13:38:32+00:00","dateModified":"2023-01-31T08:21:32+00:00","description":"RCM Agrimeccanica: esperti in macchinari agricoli e industriali con oltre 30 anni di innovazione e qualit\u00e0 in Italia. Scopri le nostre soluzioni.","breadcrumb":{"@id":"https:\/\/rcm-agrimeccanica.it\/fr\/product\/engrais-organiques-micosat-f\/#breadcrumb"},"inLanguage":"fr-FR","potentialAction":[{"@type":"ReadAction","target":["https:\/\/rcm-agrimeccanica.it\/fr\/product\/engrais-organiques-micosat-f\/"]}]},{"@type":"BreadcrumbList","@id":"https:\/\/rcm-agrimeccanica.it\/fr\/product\/engrais-organiques-micosat-f\/#breadcrumb","itemListElement":[{"@type":"ListItem","position":1,"name":"Home","item":"https:\/\/rcm-agrimeccanica.it\/fr\/"},{"@type":"ListItem","position":2,"name":"Produits","item":"https:\/\/rcm-agrimeccanica.it\/fr\/shop\/"},{"@type":"ListItem","position":3,"name":"Engrais organiques Micosat &#8211; F"}]},{"@type":"WebSite","@id":"https:\/\/rcm-agrimeccanica.it\/en\/#website","url":"https:\/\/rcm-agrimeccanica.it\/en\/","name":"RCM Agrimeccanica","description":"","alternateName":"RCM Agrimeccanica","potentialAction":[{"@type":"SearchAction","target":{"@type":"EntryPoint","urlTemplate":"https:\/\/rcm-agrimeccanica.it\/en\/?s={search_term_string}"},"query-input":"required name=search_term_string"}],"inLanguage":"fr-FR"}]}},"_links":{"self":[{"href":"https:\/\/rcm-agrimeccanica.it\/fr\/wp-json\/wp\/v3\/product\/4218"}],"collection":[{"href":"https:\/\/rcm-agrimeccanica.it\/fr\/wp-json\/wp\/v3\/product"}],"about":[{"href":"https:\/\/rcm-agrimeccanica.it\/fr\/wp-json\/wp\/v2\/types\/product"}],"wp:featuredmedia":[{"embeddable":true,"href":"https:\/\/rcm-agrimeccanica.it\/fr\/wp-json\/wp\/v2\/media\/2627"}],"wp:attachment":[{"href":"https:\/\/rcm-agrimeccanica.it\/fr\/wp-json\/wp\/v2\/media?parent=4218"}],"wp:term":[{"taxonomy":"product_cat","embeddable":true,"href":"https:\/\/rcm-agrimeccanica.it\/fr\/wp-json\/wp\/v2\/product_cat?post=4218"},{"taxonomy":"product_tag","embeddable":true,"href":"https:\/\/rcm-agrimeccanica.it\/fr\/wp-json\/wp\/v2\/product_tag?post=4218"}],"curies":[{"name":"wp","href":"https:\/\/api.w.org\/{rel}","templated":true}]}}