{"id":4513,"date":"2023-01-20T13:38:33","date_gmt":"2023-01-20T13:38:33","guid":{"rendered":"https:\/\/rcm-agrimeccanica.it\/sviluppo\/?page_id=4513"},"modified":"2023-02-06T10:55:55","modified_gmt":"2023-02-06T10:55:55","slug":"rcm-in-campo-2023","status":"publish","type":"page","link":"https:\/\/rcm-agrimeccanica.it\/fr\/rcm-in-campo-2023\/","title":{"rendered":"Rcm in campo 2023"},"content":{"rendered":"<div class=\"wpb-content-wrapper\">[vc_row][vc_column width=\u00a0\u00bb1\/3&Prime;][vc_single_image image=\u00a0\u00bb4476&Prime; img_size=\u00a0\u00bbmedium\u00a0\u00bb][\/vc_column][vc_column width=\u00a0\u00bb1\/3&Prime;][\/vc_column][vc_column width=\u00a0\u00bb1\/3&Prime;][\/vc_column][\/vc_row][vc_row][vc_column][vc_empty_space][\/vc_column][\/vc_row][vc_row][vc_column][vc_column_text]\n<div id=\"thb-title-63cab7114bc26\" class=\"thb_title style8 titolo-prodotti text-left\">\n<div class=\"thb_title_inner\">Essais de machines dans le vignoble exp\u00e9rimental du RCM &#8211;<strong> SAMEDI 1ER AVRIL, Regione Casale, 7\/B Alice Bel Colle (AL)<\/strong><\/div>\n<\/div>\n[\/vc_column_text][\/vc_column][\/vc_row][vc_row][vc_column][vc_column_text]\n<div id=\"thb-title-63cab7114bc26\" class=\"thb_title style8 titolo-prodotti text-left\">\n<div class=\"thb_title_inner\">\n<p>Cette ann\u00e9e encore, nous vous invitons \u00e0 l&rsquo;\u00e9v\u00e9nement organis\u00e9 pour la pr\u00e9sentation et la mise en service de nos meilleures machines \u00e0 vigne.<\/p>\n<p>Dans l&rsquo;affiche ci-jointe, vous trouverez le programme complet de la journ\u00e9e, qui donnera \u00e0 tous les participants l&rsquo;occasion de se rendre compte par eux-m\u00eames de la qualit\u00e9 de nos produits et de passer un agr\u00e9able samedi ensemble tout en profitant d&rsquo;un arr\u00eat pour se rafra\u00eechir.<\/p>\n<p>Pour ceux qui souhaitent s&rsquo;arr\u00eater pour d\u00e9jeuner, il existe des accords avantageux avec les restaurants locaux. Parking r\u00e9serv\u00e9.<\/p>\n<p>L&rsquo;\u00e9v\u00e9nement de cette ann\u00e9e &#8211; parrain\u00e9 par la municipalit\u00e9 d&rsquo;Alice Bel Colle &#8211; a l&rsquo;honneur de compter parmi ses invit\u00e9s certaines des personnalit\u00e9s les plus illustres de notre r\u00e9alit\u00e9 politique et \u00e9conomique locale : nous tenons \u00e0 les remercier pour leur importante contribution aux travaux de valorisation du territoire d&rsquo;Aquese, que la RCM s&rsquo;est toujours engag\u00e9e \u00e0 soutenir.<\/p>\n<p>&nbsp;<\/p>\n<p>Nous vous demandons de bien vouloir confirmer votre participation en remplissant le formulaire.<\/p>\n<p>&nbsp;<\/p>\n<\/div>\n<\/div>\n[\/vc_column_text][\/vc_column][\/vc_row][vc_row][vc_column][vc_column_text]\n<p style=\"text-align: center;\"><div class=\"wpforms-container wpforms-container-full\" id=\"wpforms-4536\"><form id=\"wpforms-form-4536\" class=\"wpforms-validate wpforms-form wpforms-ajax-form\" data-formid=\"4536\" method=\"post\" enctype=\"multipart\/form-data\" action=\"\/fr\/wp-json\/wp\/v2\/pages\/4513\" data-token=\"875fdb6d147cb02ad8fd9f1ff489f706\" data-token-time=\"1777545600\"><noscript class=\"wpforms-error-noscript\">Veuillez activer JavaScript dans votre navigateur pour remplir ce formulaire.<\/noscript><div class=\"wpforms-field-container\"><div id=\"wpforms-4536-field_0-container\" class=\"wpforms-field wpforms-field-name\" data-field-id=\"0\"><label class=\"wpforms-field-label\">Nom et pr\u00e9nom <span class=\"wpforms-required-label\">*<\/span><\/label><div class=\"wpforms-field-row wpforms-field-large\"><div class=\"wpforms-field-row-block wpforms-first wpforms-one-half\"><input type=\"text\" id=\"wpforms-4536-field_0\" class=\"wpforms-field-name-first wpforms-field-required\" name=\"wpforms[fields][0][first]\" required><label for=\"wpforms-4536-field_0\" class=\"wpforms-field-sublabel after\">Pr\u00e9nom<\/label><\/div><div class=\"wpforms-field-row-block wpforms-one-half\"><input type=\"text\" id=\"wpforms-4536-field_0-last\" class=\"wpforms-field-name-last wpforms-field-required\" name=\"wpforms[fields][0][last]\" required><label for=\"wpforms-4536-field_0-last\" class=\"wpforms-field-sublabel after\">Nom<\/label><\/div><\/div><\/div><div id=\"wpforms-4536-field_3-container\" class=\"wpforms-field wpforms-field-text\" data-field-id=\"3\"><label class=\"wpforms-field-label\" for=\"wpforms-4536-field_3\">Soci\u00e9t\u00e9<\/label><input type=\"text\" id=\"wpforms-4536-field_3\" class=\"wpforms-field-large\" name=\"wpforms[fields][3]\" ><\/div><div id=\"wpforms-4536-field_1-container\" class=\"wpforms-field wpforms-field-email wpforms-one-half wpforms-first\" data-field-id=\"1\"><label class=\"wpforms-field-label\" for=\"wpforms-4536-field_1\">E-mail <span class=\"wpforms-required-label\">*<\/span><\/label><input type=\"email\" id=\"wpforms-4536-field_1\" class=\"wpforms-field-large wpforms-field-required\" name=\"wpforms[fields][1]\" spellcheck=\"false\" required><\/div><div id=\"wpforms-4536-field_4-container\" class=\"wpforms-field wpforms-field-number wpforms-one-half\" data-field-id=\"4\"><label class=\"wpforms-field-label\" for=\"wpforms-4536-field_4\">Num\u00e9ro de t\u00e9l\u00e9phone  <span class=\"wpforms-required-label\">*<\/span><\/label><input type=\"number\" id=\"wpforms-4536-field_4\" class=\"wpforms-field-large wpforms-field-required\" name=\"wpforms[fields][4]\" step=\"any\" required><\/div><div id=\"wpforms-4536-field_13-container\" class=\"wpforms-field wpforms-field-text\" data-field-id=\"13\"><label class=\"wpforms-field-label\" for=\"wpforms-4536-field_13\">Village <span class=\"wpforms-required-label\">*<\/span><\/label><input type=\"text\" id=\"wpforms-4536-field_13\" class=\"wpforms-field-large wpforms-field-required\" name=\"wpforms[fields][13]\" required><\/div><div id=\"wpforms-4536-field_9-container\" class=\"wpforms-field wpforms-field-text\" data-field-id=\"9\"><label class=\"wpforms-field-label\" for=\"wpforms-4536-field_9\">Ville <span class=\"wpforms-required-label\">*<\/span><\/label><input type=\"text\" id=\"wpforms-4536-field_9\" class=\"wpforms-field-large wpforms-field-required\" name=\"wpforms[fields][9]\" required><\/div><div id=\"wpforms-4536-field_10-container\" class=\"wpforms-field wpforms-field-text\" data-field-id=\"10\"><label class=\"wpforms-field-label\" for=\"wpforms-4536-field_10\">Province <span class=\"wpforms-required-label\">*<\/span><\/label><input type=\"text\" id=\"wpforms-4536-field_10\" class=\"wpforms-field-large wpforms-field-required\" name=\"wpforms[fields][10]\" required><\/div><div id=\"wpforms-4536-field_11-container\" class=\"wpforms-field wpforms-field-text\" data-field-id=\"11\"><label class=\"wpforms-field-label\" for=\"wpforms-4536-field_11\">R\u00e9gion <span class=\"wpforms-required-label\">*<\/span><\/label><input type=\"text\" id=\"wpforms-4536-field_11\" class=\"wpforms-field-large wpforms-field-required\" name=\"wpforms[fields][11]\" required><\/div><div id=\"wpforms-4536-field_6-container\" class=\"wpforms-field wpforms-field-checkbox\" data-field-id=\"6\"><ul id=\"wpforms-4536-field_6\" class=\"wpforms-field-required\"><li class=\"choice-1 depth-1\"><input type=\"checkbox\" id=\"wpforms-4536-field_6_1\" name=\"wpforms[fields][6][]\" value=\"J&#039;autorise le traitement de mes donn\u00e9es personnelles conform\u00e9ment au d\u00e9cret l\u00e9gislatif 196 du 30 juin 2003 et \u00e0 l&#039;art. 13 RGPD (R\u00e8glement UE 2016\/679)\" required ><label class=\"wpforms-field-label-inline\" for=\"wpforms-4536-field_6_1\">J'autorise le traitement de mes donn\u00e9es personnelles conform\u00e9ment au d\u00e9cret l\u00e9gislatif 196 du 30 juin 2003 et \u00e0 l'art. 13 RGPD (R\u00e8glement UE 2016\/679)<\/label><\/li><\/ul><\/div><\/div><!-- .wpforms-field-container --><div class=\"wpforms-submit-container\" ><input type=\"hidden\" name=\"wpforms[id]\" value=\"4536\"><input type=\"hidden\" name=\"page_title\" value=\"\"><input type=\"hidden\" name=\"page_url\" value=\"https:\/\/rcm-agrimeccanica.it\/fr\/wp-json\/wp\/v2\/pages\/4513\"><input type=\"hidden\" name=\"url_referer\" value=\"\"><button type=\"submit\" name=\"wpforms[submit]\" id=\"wpforms-submit-4536\" class=\"wpforms-submit\" data-alt-text=\"Envoi en cours...\" data-submit-text=\"Soumettre\" aria-live=\"assertive\" value=\"wpforms-submit\">Soumettre<\/button><img src=\"data:image\/gif;base64,R0lGODlhAQABAAAAACH5BAEKAAEALAAAAAABAAEAAAICTAEAOw==\" data-src=\"https:\/\/rcm-agrimeccanica.it\/wp-content\/plugins\/wpforms-lite\/assets\/images\/submit-spin.svg\" class=\"wpforms-submit-spinner lazyload\" style=\"display: none;\" width=\"26\" height=\"26\" alt=\"Chargement en cours\"><\/div><\/form><\/div>  <!-- .wpforms-container -->\n[\/vc_column_text][\/vc_column][\/vc_row][vc_row][vc_column][vc_empty_space][\/vc_column][\/vc_row]\n<\/div>","protected":false},"excerpt":{"rendered":"<p>[vc_row][vc_column width=\u00a0\u00bb1\/3&Prime;][vc_single_image image=\u00a0\u00bb4476&Prime; img_size=\u00a0\u00bbmedium\u00a0\u00bb][\/vc_column][vc_column width=\u00a0\u00bb1\/3&Prime;][\/vc_column][vc_column width=\u00a0\u00bb1\/3&Prime;][\/vc_column][\/vc_row][vc_row][vc_column][vc_empty_space][\/vc_column][\/vc_row][vc_row][vc_column][vc_column_text] Essais de machines dans le vignoble exp\u00e9rimental du RCM &#8211; SAMEDI 1ER AVRIL, Regione Casale, 7\/B Alice Bel Colle (AL) [\/vc_column_text][\/vc_column][\/vc_row][vc_row][vc_column][vc_column_text] Cette ann\u00e9e encore, nous vous invitons \u00e0 l&rsquo;\u00e9v\u00e9nement organis\u00e9 pour la pr\u00e9sentation et la mise en service de nos meilleures machines \u00e0 vigne. Dans l&rsquo;affiche ci-jointe, vous trouverez&hellip;<\/p>\n","protected":false},"author":1,"featured_media":0,"parent":0,"menu_order":43,"comment_status":"closed","ping_status":"closed","template":"page-default.php","meta":{"ngg_post_thumbnail":0},"yoast_head":"<!-- This site is optimized with the Yoast SEO plugin v20.5 - https:\/\/yoast.com\/wordpress\/plugins\/seo\/ -->\n<title>Rcm in campo 2023 - RCM Agrimeccanica: Macchine agricole ed industriali<\/title>\n<meta name=\"description\" content=\"RCM Agrimeccanica: esperti in macchinari agricoli e industriali con oltre 30 anni di innovazione e qualit\u00e0 in Italia. Scopri le nostre soluzioni.\" \/>\n<meta name=\"robots\" content=\"index, follow, max-snippet:-1, max-image-preview:large, max-video-preview:-1\" \/>\n<link rel=\"canonical\" href=\"https:\/\/rcm-agrimeccanica.it\/fr\/rcm-in-campo-2023\/\" \/>\n<meta property=\"og:locale\" content=\"fr_FR\" \/>\n<meta property=\"og:type\" content=\"article\" \/>\n<meta property=\"og:title\" content=\"Rcm in campo 2023 - RCM Agrimeccanica: Macchine agricole ed industriali\" \/>\n<meta property=\"og:description\" content=\"RCM Agrimeccanica: esperti in macchinari agricoli e industriali con oltre 30 anni di innovazione e qualit\u00e0 in Italia. Scopri le nostre soluzioni.\" \/>\n<meta property=\"og:url\" content=\"https:\/\/rcm-agrimeccanica.it\/fr\/rcm-in-campo-2023\/\" \/>\n<meta property=\"og:site_name\" content=\"RCM Agrimeccanica: Macchine agricole ed industriali\" \/>\n<meta property=\"article:modified_time\" content=\"2023-02-06T10:55:55+00:00\" \/>\n<meta name=\"twitter:card\" content=\"summary_large_image\" \/>\n<meta name=\"twitter:label1\" content=\"Dur\u00e9e de lecture estim\u00e9e\" \/>\n\t<meta name=\"twitter:data1\" content=\"1 minute\" \/>\n<script type=\"application\/ld+json\" class=\"yoast-schema-graph\">{\"@context\":\"https:\/\/schema.org\",\"@graph\":[{\"@type\":\"WebPage\",\"@id\":\"https:\/\/rcm-agrimeccanica.it\/fr\/rcm-in-campo-2023\/\",\"url\":\"https:\/\/rcm-agrimeccanica.it\/fr\/rcm-in-campo-2023\/\",\"name\":\"Rcm in campo 2023 - RCM Agrimeccanica: Macchine agricole ed industriali\",\"isPartOf\":{\"@id\":\"https:\/\/rcm-agrimeccanica.it\/en\/#website\"},\"datePublished\":\"2023-01-20T13:38:33+00:00\",\"dateModified\":\"2023-02-06T10:55:55+00:00\",\"description\":\"RCM Agrimeccanica: esperti in macchinari agricoli e industriali con oltre 30 anni di innovazione e qualit\u00e0 in Italia. Scopri le nostre soluzioni.\",\"breadcrumb\":{\"@id\":\"https:\/\/rcm-agrimeccanica.it\/fr\/rcm-in-campo-2023\/#breadcrumb\"},\"inLanguage\":\"fr-FR\",\"potentialAction\":[{\"@type\":\"ReadAction\",\"target\":[\"https:\/\/rcm-agrimeccanica.it\/fr\/rcm-in-campo-2023\/\"]}]},{\"@type\":\"BreadcrumbList\",\"@id\":\"https:\/\/rcm-agrimeccanica.it\/fr\/rcm-in-campo-2023\/#breadcrumb\",\"itemListElement\":[{\"@type\":\"ListItem\",\"position\":1,\"name\":\"Home\",\"item\":\"https:\/\/rcm-agrimeccanica.it\/fr\/\"},{\"@type\":\"ListItem\",\"position\":2,\"name\":\"Rcm in campo 2023\"}]},{\"@type\":\"WebSite\",\"@id\":\"https:\/\/rcm-agrimeccanica.it\/en\/#website\",\"url\":\"https:\/\/rcm-agrimeccanica.it\/en\/\",\"name\":\"RCM Agrimeccanica\",\"description\":\"\",\"alternateName\":\"RCM Agrimeccanica\",\"potentialAction\":[{\"@type\":\"SearchAction\",\"target\":{\"@type\":\"EntryPoint\",\"urlTemplate\":\"https:\/\/rcm-agrimeccanica.it\/en\/?s={search_term_string}\"},\"query-input\":\"required name=search_term_string\"}],\"inLanguage\":\"fr-FR\"}]}<\/script>\n<!-- \/ Yoast SEO plugin. -->","yoast_head_json":{"title":"Rcm in campo 2023 - RCM Agrimeccanica: Macchine agricole ed industriali","description":"RCM Agrimeccanica: esperti in macchinari agricoli e industriali con oltre 30 anni di innovazione e qualit\u00e0 in Italia. Scopri le nostre soluzioni.","robots":{"index":"index","follow":"follow","max-snippet":"max-snippet:-1","max-image-preview":"max-image-preview:large","max-video-preview":"max-video-preview:-1"},"canonical":"https:\/\/rcm-agrimeccanica.it\/fr\/rcm-in-campo-2023\/","og_locale":"fr_FR","og_type":"article","og_title":"Rcm in campo 2023 - RCM Agrimeccanica: Macchine agricole ed industriali","og_description":"RCM Agrimeccanica: esperti in macchinari agricoli e industriali con oltre 30 anni di innovazione e qualit\u00e0 in Italia. Scopri le nostre soluzioni.","og_url":"https:\/\/rcm-agrimeccanica.it\/fr\/rcm-in-campo-2023\/","og_site_name":"RCM Agrimeccanica: Macchine agricole ed industriali","article_modified_time":"2023-02-06T10:55:55+00:00","twitter_card":"summary_large_image","twitter_misc":{"Dur\u00e9e de lecture estim\u00e9e":"1 minute"},"schema":{"@context":"https:\/\/schema.org","@graph":[{"@type":"WebPage","@id":"https:\/\/rcm-agrimeccanica.it\/fr\/rcm-in-campo-2023\/","url":"https:\/\/rcm-agrimeccanica.it\/fr\/rcm-in-campo-2023\/","name":"Rcm in campo 2023 - RCM Agrimeccanica: Macchine agricole ed industriali","isPartOf":{"@id":"https:\/\/rcm-agrimeccanica.it\/en\/#website"},"datePublished":"2023-01-20T13:38:33+00:00","dateModified":"2023-02-06T10:55:55+00:00","description":"RCM Agrimeccanica: esperti in macchinari agricoli e industriali con oltre 30 anni di innovazione e qualit\u00e0 in Italia. Scopri le nostre soluzioni.","breadcrumb":{"@id":"https:\/\/rcm-agrimeccanica.it\/fr\/rcm-in-campo-2023\/#breadcrumb"},"inLanguage":"fr-FR","potentialAction":[{"@type":"ReadAction","target":["https:\/\/rcm-agrimeccanica.it\/fr\/rcm-in-campo-2023\/"]}]},{"@type":"BreadcrumbList","@id":"https:\/\/rcm-agrimeccanica.it\/fr\/rcm-in-campo-2023\/#breadcrumb","itemListElement":[{"@type":"ListItem","position":1,"name":"Home","item":"https:\/\/rcm-agrimeccanica.it\/fr\/"},{"@type":"ListItem","position":2,"name":"Rcm in campo 2023"}]},{"@type":"WebSite","@id":"https:\/\/rcm-agrimeccanica.it\/en\/#website","url":"https:\/\/rcm-agrimeccanica.it\/en\/","name":"RCM Agrimeccanica","description":"","alternateName":"RCM Agrimeccanica","potentialAction":[{"@type":"SearchAction","target":{"@type":"EntryPoint","urlTemplate":"https:\/\/rcm-agrimeccanica.it\/en\/?s={search_term_string}"},"query-input":"required name=search_term_string"}],"inLanguage":"fr-FR"}]}},"_links":{"self":[{"href":"https:\/\/rcm-agrimeccanica.it\/fr\/wp-json\/wp\/v2\/pages\/4513"}],"collection":[{"href":"https:\/\/rcm-agrimeccanica.it\/fr\/wp-json\/wp\/v2\/pages"}],"about":[{"href":"https:\/\/rcm-agrimeccanica.it\/fr\/wp-json\/wp\/v2\/types\/page"}],"author":[{"embeddable":true,"href":"https:\/\/rcm-agrimeccanica.it\/fr\/wp-json\/wp\/v2\/users\/1"}],"replies":[{"embeddable":true,"href":"https:\/\/rcm-agrimeccanica.it\/fr\/wp-json\/wp\/v2\/comments?post=4513"}],"version-history":[{"count":8,"href":"https:\/\/rcm-agrimeccanica.it\/fr\/wp-json\/wp\/v2\/pages\/4513\/revisions"}],"predecessor-version":[{"id":4675,"href":"https:\/\/rcm-agrimeccanica.it\/fr\/wp-json\/wp\/v2\/pages\/4513\/revisions\/4675"}],"wp:attachment":[{"href":"https:\/\/rcm-agrimeccanica.it\/fr\/wp-json\/wp\/v2\/media?parent=4513"}],"curies":[{"name":"wp","href":"https:\/\/api.w.org\/{rel}","templated":true}]}}