{"id":4361,"date":"2023-01-12T00:07:56","date_gmt":"2023-01-12T00:07:56","guid":{"rendered":"https:\/\/rcm-agrimeccanica.it\/sviluppo\/?page_id=4361"},"modified":"2023-01-19T16:14:57","modified_gmt":"2023-01-19T16:14:57","slug":"chariots-elevateurs-industriels","status":"publish","type":"page","link":"https:\/\/rcm-agrimeccanica.it\/fr\/chariots-elevateurs-industriels\/","title":{"rendered":"Chariots \u00e9l\u00e9vateurs industriels"},"content":{"rendered":"<div class=\"wpb-content-wrapper\">[vc_row][vc_column]\t<div class=\"thb_title  style8 titolo-prodotti text-left\" id=\"thb-title-69e53c69891e5\">\n\t\t<div class=\"thb_title_inner\">\n\t\t\t\n\t\t\t\t\t\t<h2>CHARIOTS \u00c9L\u00c9VATEURS \u00c0 FOURCHE<\/h2>\n\t\t\t\n\t\t\t\t\t<\/div>\n\t\t\t\t\t\t\t<\/div>\n\t[\/vc_column][\/vc_row][vc_row][vc_column]\n\t\t<ul class=\"products row thb-regular-grid  thb-products-spacing-30 \" data-columns=\"4\" data-autoplay=\"\" data-autoplay-speed=\"4000\" data-pagination=\"true\" data-navigation=\"true\">\n\t\t\t\t\t\t\t\t\t\t\t\t\t\t\t<li class=\"small-6 medium-3 columns thb-listing-style3 thb-align-left thb-listing-button-style1 product type-product post-4693 status-publish first instock product_cat-chariots-elevateurs-a-fourche has-post-thumbnail shipping-taxable product-type-simple\">\n\t<div class=\"thb-product-inner-wrapper\">\n\t\t\t\t<figure class=\"product-thumbnail\">\n\t\t\t<a href=\"https:\/\/rcm-agrimeccanica.it\/fr\/produit\/balayeuse-avec-reservoir-de-collecte-pour-chariot-elevateur-mod-bcc\/\" title=\"Balayeuse avec r\u00e9servoir de collecte pour chariot \u00e9l\u00e9vateur &#8211; mod. BCC\" class=\"thb-product-image-link\">\n\t<img width=\"300\" height=\"224\" src=\"data:image\/gif;base64,R0lGODlhAQABAAAAACH5BAEKAAEALAAAAAABAAEAAAICTAEAOw==\" class=\"attachment-woocommerce_thumbnail size-woocommerce_thumbnail thb-lazyload lazyload\" alt=\"\" decoding=\"async\" loading=\"lazy\" sizes=\"(max-width: 300px) 100vw, 300px\" data-src=\"https:\/\/rcm-agrimeccanica.it\/wp-content\/uploads\/2023\/02\/BCC_copertina-300x224.jpg\" data-sizes=\"auto\" data-srcset=\"https:\/\/rcm-agrimeccanica.it\/wp-content\/uploads\/2023\/02\/BCC_copertina-300x224.jpg 300w, https:\/\/rcm-agrimeccanica.it\/wp-content\/uploads\/2023\/02\/BCC_copertina-20x15.jpg 20w, https:\/\/rcm-agrimeccanica.it\/wp-content\/uploads\/2023\/02\/BCC_copertina-290x217.jpg 290w\" \/><\/a>\n\t\t\t\t\t<div class=\"\n\t\t\t\t\tthb-product-icon yith-wcwl-add-to-wishlist add-to-wishlist-4693 \">\n\t\t\t<div class=\"yith-wcwl-add-button\" style=\"display: block\">\n\t\t\t\t<a href=\"\/fr\/wp-json\/wp\/v2\/pages\/4361?add_to_wishlist=4693\"\n\t\t\t\t\tdata-product-id=\"4693\"\n\t\t\t\t\tdata-product-type=\"simple\"\n\t\t\t\t\tclass=\"add_to_wishlist\"\n\t\t\t\t\trel=\"nofollow\">\n\t\t\t\t\t<span class=\"\n\t\t\t\t\t\t\t\t\t\t\tthb-icon-text\">Add To Wishlist<\/span><i class=\"thb-icon-favorite\"><\/i>\n\t\t\t\t<\/a>\n\t\t\t<\/div>\n\t\t\t<div class=\"yith-wcwl-wishlistexistsbrowse\">\n\t\t\t\t<a href=\"\/fr\/wp-json\/wp\/v2\/pages\/4361?wishlist-action&#038;lang=fr\">\n\t\t\t\t\t<span class=\"\n\t\t\t\t\t\t\t\t\t\t\tthb-icon-text\">View Wishlist<\/span><i class=\"thb-icon-heart\"><\/i>\n\t\t\t\t<\/a>\n\t\t\t<\/div>\n\t\t<\/div>\n\t\t\t\t<\/figure>\n\t\t<div class=\"thb-product-inner-content\">\n\t\t\t\t\t<h2 class=\"woocommerce-loop-product__title\"><a href=\"https:\/\/rcm-agrimeccanica.it\/fr\/produit\/balayeuse-avec-reservoir-de-collecte-pour-chariot-elevateur-mod-bcc\/\" title=\"Balayeuse avec r\u00e9servoir de collecte pour chariot \u00e9l\u00e9vateur &#8211; mod. BCC\">Balayeuse avec r\u00e9servoir de collecte pour chariot \u00e9l\u00e9vateur &#8211; mod. BCC<\/a><\/h2>\n\t\t\t<\/div>\n\t<\/div>\n<\/li>\n\t\t\t\t\t\t\t\t\t\t\t\t\t\t\t<li class=\"small-6 medium-3 columns thb-listing-style3 thb-align-left thb-listing-button-style1 product type-product post-4365 status-publish instock product_cat-chariots-elevateurs-a-fourche has-post-thumbnail shipping-taxable product-type-simple\">\n\t<div class=\"thb-product-inner-wrapper\">\n\t\t\t\t<figure class=\"product-thumbnail\">\n\t\t\t<a href=\"https:\/\/rcm-agrimeccanica.it\/fr\/produit\/balayeuse-pour-chariots-elevateurs-mod-bc\/\" title=\"Balayeuse Pour Chariots Elevateurs &#8211; mod. BC\" class=\"thb-product-image-link\">\n\t<img width=\"300\" height=\"224\" src=\"data:image\/gif;base64,R0lGODlhAQABAAAAACH5BAEKAAEALAAAAAABAAEAAAICTAEAOw==\" class=\"attachment-woocommerce_thumbnail size-woocommerce_thumbnail thb-lazyload lazyload\" alt=\"\" decoding=\"async\" loading=\"lazy\" sizes=\"(max-width: 300px) 100vw, 300px\" data-src=\"https:\/\/rcm-agrimeccanica.it\/wp-content\/uploads\/2022\/10\/spazzatrice__carrello_elevatore_muletto_-300x224.jpg\" data-sizes=\"auto\" data-srcset=\"https:\/\/rcm-agrimeccanica.it\/wp-content\/uploads\/2022\/10\/spazzatrice__carrello_elevatore_muletto_-300x224.jpg 300w, https:\/\/rcm-agrimeccanica.it\/wp-content\/uploads\/2022\/10\/spazzatrice__carrello_elevatore_muletto_-20x15.jpg 20w, https:\/\/rcm-agrimeccanica.it\/wp-content\/uploads\/2022\/10\/spazzatrice__carrello_elevatore_muletto_-290x217.jpg 290w\" \/><\/a>\n\t\t\t\t\t<div class=\"\n\t\t\t\t\tthb-product-icon yith-wcwl-add-to-wishlist add-to-wishlist-4365 \">\n\t\t\t<div class=\"yith-wcwl-add-button\" style=\"display: block\">\n\t\t\t\t<a href=\"\/fr\/wp-json\/wp\/v2\/pages\/4361?add_to_wishlist=4365\"\n\t\t\t\t\tdata-product-id=\"4365\"\n\t\t\t\t\tdata-product-type=\"simple\"\n\t\t\t\t\tclass=\"add_to_wishlist\"\n\t\t\t\t\trel=\"nofollow\">\n\t\t\t\t\t<span class=\"\n\t\t\t\t\t\t\t\t\t\t\tthb-icon-text\">Add To Wishlist<\/span><i class=\"thb-icon-favorite\"><\/i>\n\t\t\t\t<\/a>\n\t\t\t<\/div>\n\t\t\t<div class=\"yith-wcwl-wishlistexistsbrowse\">\n\t\t\t\t<a href=\"\/fr\/wp-json\/wp\/v2\/pages\/4361?wishlist-action&#038;lang=fr\">\n\t\t\t\t\t<span class=\"\n\t\t\t\t\t\t\t\t\t\t\tthb-icon-text\">View Wishlist<\/span><i class=\"thb-icon-heart\"><\/i>\n\t\t\t\t<\/a>\n\t\t\t<\/div>\n\t\t<\/div>\n\t\t\t\t<\/figure>\n\t\t<div class=\"thb-product-inner-content\">\n\t\t\t\t\t<h2 class=\"woocommerce-loop-product__title\"><a href=\"https:\/\/rcm-agrimeccanica.it\/fr\/produit\/balayeuse-pour-chariots-elevateurs-mod-bc\/\" title=\"Balayeuse Pour Chariots Elevateurs &#8211; mod. BC\">Balayeuse Pour Chariots Elevateurs &#8211; mod. BC<\/a><\/h2>\n\t\t\t<\/div>\n\t<\/div>\n<\/li>\n\t\t\t\t\t\t\t\t\t\t\t\t\t\t\t<li class=\"small-6 medium-3 columns thb-listing-style3 thb-align-left thb-listing-button-style1 product type-product post-4366 status-publish instock product_cat-chariots-elevateurs-a-fourche has-post-thumbnail shipping-taxable product-type-simple\">\n\t<div class=\"thb-product-inner-wrapper\">\n\t\t\t\t<figure class=\"product-thumbnail\">\n\t\t\t<a href=\"https:\/\/rcm-agrimeccanica.it\/fr\/produit\/grattoir-mivelleuse-pour-charriots-eleevateurs-mod-rm\/\" title=\"Grattoir mivelleuse pour charriots \u00e8le\u00e8vateurs &#8211; mod. RM\" class=\"thb-product-image-link\">\n\t<img width=\"300\" height=\"224\" src=\"data:image\/gif;base64,R0lGODlhAQABAAAAACH5BAEKAAEALAAAAAABAAEAAAICTAEAOw==\" class=\"attachment-woocommerce_thumbnail size-woocommerce_thumbnail thb-lazyload lazyload\" alt=\"\" decoding=\"async\" loading=\"lazy\" sizes=\"(max-width: 300px) 100vw, 300px\" data-src=\"https:\/\/rcm-agrimeccanica.it\/wp-content\/uploads\/2022\/10\/RM_copertina-1-300x224.jpg\" data-sizes=\"auto\" data-srcset=\"https:\/\/rcm-agrimeccanica.it\/wp-content\/uploads\/2022\/10\/RM_copertina-1-300x224.jpg 300w, https:\/\/rcm-agrimeccanica.it\/wp-content\/uploads\/2022\/10\/RM_copertina-1-20x15.jpg 20w, https:\/\/rcm-agrimeccanica.it\/wp-content\/uploads\/2022\/10\/RM_copertina-1-290x217.jpg 290w\" \/><\/a>\n\t\t\t\t\t<div class=\"\n\t\t\t\t\tthb-product-icon yith-wcwl-add-to-wishlist add-to-wishlist-4366 \">\n\t\t\t<div class=\"yith-wcwl-add-button\" style=\"display: block\">\n\t\t\t\t<a href=\"\/fr\/wp-json\/wp\/v2\/pages\/4361?add_to_wishlist=4366\"\n\t\t\t\t\tdata-product-id=\"4366\"\n\t\t\t\t\tdata-product-type=\"simple\"\n\t\t\t\t\tclass=\"add_to_wishlist\"\n\t\t\t\t\trel=\"nofollow\">\n\t\t\t\t\t<span class=\"\n\t\t\t\t\t\t\t\t\t\t\tthb-icon-text\">Add To Wishlist<\/span><i class=\"thb-icon-favorite\"><\/i>\n\t\t\t\t<\/a>\n\t\t\t<\/div>\n\t\t\t<div class=\"yith-wcwl-wishlistexistsbrowse\">\n\t\t\t\t<a href=\"\/fr\/wp-json\/wp\/v2\/pages\/4361?wishlist-action&#038;lang=fr\">\n\t\t\t\t\t<span class=\"\n\t\t\t\t\t\t\t\t\t\t\tthb-icon-text\">View Wishlist<\/span><i class=\"thb-icon-heart\"><\/i>\n\t\t\t\t<\/a>\n\t\t\t<\/div>\n\t\t<\/div>\n\t\t\t\t<\/figure>\n\t\t<div class=\"thb-product-inner-content\">\n\t\t\t\t\t<h2 class=\"woocommerce-loop-product__title\"><a href=\"https:\/\/rcm-agrimeccanica.it\/fr\/produit\/grattoir-mivelleuse-pour-charriots-eleevateurs-mod-rm\/\" title=\"Grattoir mivelleuse pour charriots \u00e8le\u00e8vateurs &#8211; mod. RM\">Grattoir mivelleuse pour charriots \u00e8le\u00e8vateurs &#8211; mod. RM<\/a><\/h2>\n\t\t\t<\/div>\n\t<\/div>\n<\/li>\n\t\t\t\t\t<\/ul>\n\n\t\t[\/vc_column][\/vc_row][vc_row][vc_column]\t<div class=\"thb_title  style8 titolo-prodotti text-left\" id=\"thb-title-69e53c698e932\">\n\t\t<div class=\"thb_title_inner\">\n\t\t\t\n\t\t\t\t\t\t<h2>SELLES POUR CHARIOTS \u00c9L\u00c9VATEURS \u00c0 FOURCHE<\/h2>\n\t\t\t\n\t\t\t\t\t<\/div>\n\t\t\t\t\t\t\t<\/div>\n\t[\/vc_column][\/vc_row][vc_row][vc_column]\n\t\t<ul class=\"products row thb-regular-grid  thb-products-spacing-30 \" data-columns=\"4\" data-autoplay=\"\" data-autoplay-speed=\"4000\" data-pagination=\"true\" data-navigation=\"true\">\n\t\t\t\t\t\t\t\t\t\t\t\t\t\t\t<li class=\"small-6 medium-3 columns thb-listing-style3 thb-align-left thb-listing-button-style1 product type-product post-4367 status-publish last instock product_cat-selle-pour-chariots-elevateurs-a-fourche has-post-thumbnail shipping-taxable product-type-simple\">\n\t<div class=\"thb-product-inner-wrapper\">\n\t\t\t\t<figure class=\"product-thumbnail\">\n\t\t\t<a href=\"https:\/\/rcm-agrimeccanica.it\/fr\/produit\/selle-pour-chariots-elevateurs-a-fourche\/\" title=\"Selle pour chariots \u00e9l\u00e9vateurs \u00e0 fourche\" class=\"thb-product-image-link\">\n\t<img width=\"300\" height=\"224\" src=\"data:image\/gif;base64,R0lGODlhAQABAAAAACH5BAEKAAEALAAAAAABAAEAAAICTAEAOw==\" class=\"attachment-woocommerce_thumbnail size-woocommerce_thumbnail thb-lazyload lazyload\" alt=\"\" decoding=\"async\" loading=\"lazy\" sizes=\"(max-width: 300px) 100vw, 300px\" data-src=\"https:\/\/rcm-agrimeccanica.it\/wp-content\/uploads\/2022\/10\/sella_carrello_elevatore_copertina-300x224.jpg\" data-sizes=\"auto\" data-srcset=\"https:\/\/rcm-agrimeccanica.it\/wp-content\/uploads\/2022\/10\/sella_carrello_elevatore_copertina-300x224.jpg 300w, https:\/\/rcm-agrimeccanica.it\/wp-content\/uploads\/2022\/10\/sella_carrello_elevatore_copertina-20x15.jpg 20w, https:\/\/rcm-agrimeccanica.it\/wp-content\/uploads\/2022\/10\/sella_carrello_elevatore_copertina-290x217.jpg 290w\" \/><\/a>\n\t\t\t\t\t<div class=\"\n\t\t\t\t\tthb-product-icon yith-wcwl-add-to-wishlist add-to-wishlist-4367 \">\n\t\t\t<div class=\"yith-wcwl-add-button\" style=\"display: block\">\n\t\t\t\t<a href=\"\/fr\/wp-json\/wp\/v2\/pages\/4361?add_to_wishlist=4367\"\n\t\t\t\t\tdata-product-id=\"4367\"\n\t\t\t\t\tdata-product-type=\"simple\"\n\t\t\t\t\tclass=\"add_to_wishlist\"\n\t\t\t\t\trel=\"nofollow\">\n\t\t\t\t\t<span class=\"\n\t\t\t\t\t\t\t\t\t\t\tthb-icon-text\">Add To Wishlist<\/span><i class=\"thb-icon-favorite\"><\/i>\n\t\t\t\t<\/a>\n\t\t\t<\/div>\n\t\t\t<div class=\"yith-wcwl-wishlistexistsbrowse\">\n\t\t\t\t<a href=\"\/fr\/wp-json\/wp\/v2\/pages\/4361?wishlist-action&#038;lang=fr\">\n\t\t\t\t\t<span class=\"\n\t\t\t\t\t\t\t\t\t\t\tthb-icon-text\">View Wishlist<\/span><i class=\"thb-icon-heart\"><\/i>\n\t\t\t\t<\/a>\n\t\t\t<\/div>\n\t\t<\/div>\n\t\t\t\t<\/figure>\n\t\t<div class=\"thb-product-inner-content\">\n\t\t\t\t\t<h2 class=\"woocommerce-loop-product__title\"><a href=\"https:\/\/rcm-agrimeccanica.it\/fr\/produit\/selle-pour-chariots-elevateurs-a-fourche\/\" title=\"Selle pour chariots \u00e9l\u00e9vateurs \u00e0 fourche\">Selle pour chariots \u00e9l\u00e9vateurs \u00e0 fourche<\/a><\/h2>\n\t\t\t<\/div>\n\t<\/div>\n<\/li>\n\t\t\t\t\t<\/ul>\n\n\t\t[\/vc_column][\/vc_row]\n<\/div>","protected":false},"excerpt":{"rendered":"<p>[vc_row][vc_column][\/vc_column][\/vc_row][vc_row][vc_column][\/vc_column][\/vc_row][vc_row][vc_column][\/vc_column][\/vc_row][vc_row][vc_column][\/vc_column][\/vc_row]<\/p>\n","protected":false},"author":1,"featured_media":0,"parent":0,"menu_order":10,"comment_status":"closed","ping_status":"closed","template":"","meta":{"ngg_post_thumbnail":0},"yoast_head":"<!-- This site is optimized with the Yoast SEO plugin v20.5 - https:\/\/yoast.com\/wordpress\/plugins\/seo\/ -->\n<title>Chariots \u00e9l\u00e9vateurs industriels - RCM Agrimeccanica: Macchine agricole ed industriali<\/title>\n<meta name=\"description\" content=\"RCM Agrimeccanica: esperti in macchinari agricoli e industriali con oltre 30 anni di innovazione e qualit\u00e0 in Italia. Scopri le nostre soluzioni.\" \/>\n<meta name=\"robots\" content=\"index, follow, max-snippet:-1, max-image-preview:large, max-video-preview:-1\" \/>\n<link rel=\"canonical\" href=\"https:\/\/rcm-agrimeccanica.it\/fr\/chariots-elevateurs-industriels\/\" \/>\n<meta property=\"og:locale\" content=\"fr_FR\" \/>\n<meta property=\"og:type\" content=\"article\" \/>\n<meta property=\"og:title\" content=\"Chariots \u00e9l\u00e9vateurs industriels - RCM Agrimeccanica: Macchine agricole ed industriali\" \/>\n<meta property=\"og:description\" content=\"RCM Agrimeccanica: esperti in macchinari agricoli e industriali con oltre 30 anni di innovazione e qualit\u00e0 in Italia. Scopri le nostre soluzioni.\" \/>\n<meta property=\"og:url\" content=\"https:\/\/rcm-agrimeccanica.it\/fr\/chariots-elevateurs-industriels\/\" \/>\n<meta property=\"og:site_name\" content=\"RCM Agrimeccanica: Macchine agricole ed industriali\" \/>\n<meta property=\"article:modified_time\" content=\"2023-01-19T16:14:57+00:00\" \/>\n<meta name=\"twitter:card\" content=\"summary_large_image\" \/>\n<script type=\"application\/ld+json\" class=\"yoast-schema-graph\">{\"@context\":\"https:\/\/schema.org\",\"@graph\":[{\"@type\":\"WebPage\",\"@id\":\"https:\/\/rcm-agrimeccanica.it\/fr\/chariots-elevateurs-industriels\/\",\"url\":\"https:\/\/rcm-agrimeccanica.it\/fr\/chariots-elevateurs-industriels\/\",\"name\":\"Chariots \u00e9l\u00e9vateurs industriels - RCM Agrimeccanica: Macchine agricole ed industriali\",\"isPartOf\":{\"@id\":\"https:\/\/rcm-agrimeccanica.it\/en\/#website\"},\"datePublished\":\"2023-01-12T00:07:56+00:00\",\"dateModified\":\"2023-01-19T16:14:57+00:00\",\"description\":\"RCM Agrimeccanica: esperti in macchinari agricoli e industriali con oltre 30 anni di innovazione e qualit\u00e0 in Italia. Scopri le nostre soluzioni.\",\"breadcrumb\":{\"@id\":\"https:\/\/rcm-agrimeccanica.it\/fr\/chariots-elevateurs-industriels\/#breadcrumb\"},\"inLanguage\":\"fr-FR\",\"potentialAction\":[{\"@type\":\"ReadAction\",\"target\":[\"https:\/\/rcm-agrimeccanica.it\/fr\/chariots-elevateurs-industriels\/\"]}]},{\"@type\":\"BreadcrumbList\",\"@id\":\"https:\/\/rcm-agrimeccanica.it\/fr\/chariots-elevateurs-industriels\/#breadcrumb\",\"itemListElement\":[{\"@type\":\"ListItem\",\"position\":1,\"name\":\"Home\",\"item\":\"https:\/\/rcm-agrimeccanica.it\/fr\/\"},{\"@type\":\"ListItem\",\"position\":2,\"name\":\"Chariots \u00e9l\u00e9vateurs industriels\"}]},{\"@type\":\"WebSite\",\"@id\":\"https:\/\/rcm-agrimeccanica.it\/en\/#website\",\"url\":\"https:\/\/rcm-agrimeccanica.it\/en\/\",\"name\":\"RCM Agrimeccanica\",\"description\":\"\",\"alternateName\":\"RCM Agrimeccanica\",\"potentialAction\":[{\"@type\":\"SearchAction\",\"target\":{\"@type\":\"EntryPoint\",\"urlTemplate\":\"https:\/\/rcm-agrimeccanica.it\/en\/?s={search_term_string}\"},\"query-input\":\"required name=search_term_string\"}],\"inLanguage\":\"fr-FR\"}]}<\/script>\n<!-- \/ Yoast SEO plugin. -->","yoast_head_json":{"title":"Chariots \u00e9l\u00e9vateurs industriels - RCM Agrimeccanica: Macchine agricole ed industriali","description":"RCM Agrimeccanica: esperti in macchinari agricoli e industriali con oltre 30 anni di innovazione e qualit\u00e0 in Italia. Scopri le nostre soluzioni.","robots":{"index":"index","follow":"follow","max-snippet":"max-snippet:-1","max-image-preview":"max-image-preview:large","max-video-preview":"max-video-preview:-1"},"canonical":"https:\/\/rcm-agrimeccanica.it\/fr\/chariots-elevateurs-industriels\/","og_locale":"fr_FR","og_type":"article","og_title":"Chariots \u00e9l\u00e9vateurs industriels - RCM Agrimeccanica: Macchine agricole ed industriali","og_description":"RCM Agrimeccanica: esperti in macchinari agricoli e industriali con oltre 30 anni di innovazione e qualit\u00e0 in Italia. Scopri le nostre soluzioni.","og_url":"https:\/\/rcm-agrimeccanica.it\/fr\/chariots-elevateurs-industriels\/","og_site_name":"RCM Agrimeccanica: Macchine agricole ed industriali","article_modified_time":"2023-01-19T16:14:57+00:00","twitter_card":"summary_large_image","schema":{"@context":"https:\/\/schema.org","@graph":[{"@type":"WebPage","@id":"https:\/\/rcm-agrimeccanica.it\/fr\/chariots-elevateurs-industriels\/","url":"https:\/\/rcm-agrimeccanica.it\/fr\/chariots-elevateurs-industriels\/","name":"Chariots \u00e9l\u00e9vateurs industriels - RCM Agrimeccanica: Macchine agricole ed industriali","isPartOf":{"@id":"https:\/\/rcm-agrimeccanica.it\/en\/#website"},"datePublished":"2023-01-12T00:07:56+00:00","dateModified":"2023-01-19T16:14:57+00:00","description":"RCM Agrimeccanica: esperti in macchinari agricoli e industriali con oltre 30 anni di innovazione e qualit\u00e0 in Italia. Scopri le nostre soluzioni.","breadcrumb":{"@id":"https:\/\/rcm-agrimeccanica.it\/fr\/chariots-elevateurs-industriels\/#breadcrumb"},"inLanguage":"fr-FR","potentialAction":[{"@type":"ReadAction","target":["https:\/\/rcm-agrimeccanica.it\/fr\/chariots-elevateurs-industriels\/"]}]},{"@type":"BreadcrumbList","@id":"https:\/\/rcm-agrimeccanica.it\/fr\/chariots-elevateurs-industriels\/#breadcrumb","itemListElement":[{"@type":"ListItem","position":1,"name":"Home","item":"https:\/\/rcm-agrimeccanica.it\/fr\/"},{"@type":"ListItem","position":2,"name":"Chariots \u00e9l\u00e9vateurs industriels"}]},{"@type":"WebSite","@id":"https:\/\/rcm-agrimeccanica.it\/en\/#website","url":"https:\/\/rcm-agrimeccanica.it\/en\/","name":"RCM Agrimeccanica","description":"","alternateName":"RCM Agrimeccanica","potentialAction":[{"@type":"SearchAction","target":{"@type":"EntryPoint","urlTemplate":"https:\/\/rcm-agrimeccanica.it\/en\/?s={search_term_string}"},"query-input":"required name=search_term_string"}],"inLanguage":"fr-FR"}]}},"_links":{"self":[{"href":"https:\/\/rcm-agrimeccanica.it\/fr\/wp-json\/wp\/v2\/pages\/4361"}],"collection":[{"href":"https:\/\/rcm-agrimeccanica.it\/fr\/wp-json\/wp\/v2\/pages"}],"about":[{"href":"https:\/\/rcm-agrimeccanica.it\/fr\/wp-json\/wp\/v2\/types\/page"}],"author":[{"embeddable":true,"href":"https:\/\/rcm-agrimeccanica.it\/fr\/wp-json\/wp\/v2\/users\/1"}],"replies":[{"embeddable":true,"href":"https:\/\/rcm-agrimeccanica.it\/fr\/wp-json\/wp\/v2\/comments?post=4361"}],"version-history":[{"count":2,"href":"https:\/\/rcm-agrimeccanica.it\/fr\/wp-json\/wp\/v2\/pages\/4361\/revisions"}],"predecessor-version":[{"id":4363,"href":"https:\/\/rcm-agrimeccanica.it\/fr\/wp-json\/wp\/v2\/pages\/4361\/revisions\/4363"}],"wp:attachment":[{"href":"https:\/\/rcm-agrimeccanica.it\/fr\/wp-json\/wp\/v2\/media?parent=4361"}],"curies":[{"name":"wp","href":"https:\/\/api.w.org\/{rel}","templated":true}]}}