{"id":4210,"date":"2020-03-02T11:38:11","date_gmt":"2020-03-02T11:38:11","guid":{"rendered":"https:\/\/rcm-agrimeccanica.it\/sviluppo\/lentreprise\/"},"modified":"2023-01-15T22:02:31","modified_gmt":"2023-01-15T22:02:31","slug":"lentreprise","status":"publish","type":"page","link":"https:\/\/rcm-agrimeccanica.it\/fr\/lentreprise\/","title":{"rendered":"L\u2019entreprise"},"content":{"rendered":"<div class=\"wpb-content-wrapper\">[vc_row][vc_column][vc_column_text]\n<p style=\"text-align: justify;\"><a href=\"https:\/\/rcm-agrimeccanica.it\/wp-content\/uploads\/2022\/06\/azienda-640x480-1-300x225.jpg\" class=\"mfp-image\" target=\"_blank\" rel=\"noopener\"><img decoding=\"async\" loading=\"lazy\" class=\"wp-image-801 alignleft lazyload\" src=\"data:image\/gif;base64,R0lGODlhAQABAAAAACH5BAEKAAEALAAAAAABAAEAAAICTAEAOw==\" data-src=\"https:\/\/rcm-agrimeccanica.it\/wp-content\/uploads\/2022\/06\/azienda-640x480-1-300x225.jpg\" alt=\"\" width=\"362\" height=\"271\" data-sizes=\"auto\" data-srcset=\"https:\/\/rcm-agrimeccanica.it\/wp-content\/uploads\/2022\/06\/azienda-640x480-1-300x225.jpg 300w, https:\/\/rcm-agrimeccanica.it\/wp-content\/uploads\/2022\/06\/azienda-640x480-1-20x15.jpg 20w, https:\/\/rcm-agrimeccanica.it\/wp-content\/uploads\/2022\/06\/azienda-640x480-1-290x218.jpg 290w\" sizes=\"(max-width: 362px) 100vw, 362px\" \/><\/a><\/p>\n<p>RCM S.r.l., est sp\u00e9cialis\u00e9e dans la production et r\u00e9paration d\u2019\u00e9quipements et machines agricoles, depuis plus de trente ans. L\u2019Entreprise est n\u00e9e gr\u00e2ce \u00e0 l\u2019initiative entreprenante de son fondateur, Mario Roffredo et de son fils, Claudio Roffredo, directeur juridique de l\u2019entreprise.<\/p>\n<p>En 1960, Mario Roffredo commence \u00e0 travailler dans le secteur de la m\u00e9canique et quelques ann\u00e9es plus tard, Il ouvre son propre atelier de r\u00e9paration et production de mat\u00e9riel agricole.<\/p>\n<p>En 1973, il a con\u00e7u et construit le premier mod\u00e8le de fraiseuse, une machine qui fournira \u00e0 l\u2019entreprise un grand succ\u00e8s avec le lancement sur le march\u00e9 de Mod\u00e8les de Broyeurs.<br \/>\nL\u2019augmentation continue de la production aboutit \u00e0 une gamme vaste et compl\u00e8te d\u2019\u00e9quipements et machines dont une grande augmentation des celles m\u00e9caniques et agricoles.<\/p>\n<p>Fondamentale pour l\u2019Entreprise est la contribution de M. Claudio Roffredo qui, une fois dipl\u00f4m\u00e9 expert technique, rejoint la Soci\u00e9t\u00e9 traitant principalement le secteur des machines-outils, puis au traitement m\u00e9canique, conduisant la programmation des machines \u00e0 contr\u00f4le num\u00e9rique.<\/p>\n<p>Cette collaboration consolide ainsi les bases de la gestion de l\u2019Entreprise, en apportant \u00e0 la Soci\u00e9t\u00e9 un haut savoir-faire technologique qui correspond bien \u00e0 son objectif de qualit\u00e9 totale.<\/p>\n<p>Depuis plusieurs ann\u00e9es, Claudio Roffredo suit \u00e9galement le march\u00e9 du vin et a fait quelques changements de conception sur diff\u00e9rents \u00e9quipements agricoles en utilisant le syst\u00e8me CAD\/CAM, en r\u00e9alisant des machines de plus en plus avanc\u00e9es.<\/p>\n<p><strong>USINE ET ATELIER SP\u00c9CIALIS\u00c9S DANS L\u2019\u00c9QUIPEMENT ET LES MACHINES AGRICOLES<\/strong><\/p>\n<p>L\u2019actuelle Soci\u00e9t\u00e9 RCM S.r.l. (fond\u00e9e en 2002) dans les derni\u00e8res ann\u00e9es a apport\u00e9 aux machines agricoles des changements importants. Gr\u00e2ce \u00e0 l\u2019engagement continu des partenaires, a d\u00e9velopp\u00e9 des projets int\u00e9ressants pour des nouveaux \u00e9quipements, tels que, par exemple, la Charrue Interceps, le Broyeur pour Excavateur, une tondeuse hydraulique interceps et tondeuse hydraulique pour excavateur qui est son point de force<\/p>\n<p><strong>EN PLUS DES MACHINES AGRICOLES D\u00c9J\u00c0 INDIQU\u00c9ES, L\u2019USINE PRODUIT:<\/strong><\/p>\n<p>Ebourgeonneuse pour vignobles \u2013 Ebourgeonneuse pour vergers \u2013 Ecimeuse pour vignobles \u2013 Broyeur interfilaire pour vignobles et vergers \u2013 Broyeurs pour excavateur \u2013D\u00e9rouleur pour vignobles \u2013 Fendeuse bois \u00e0 vis pour excavateur \u2013 Foreuse pour excavateur \u2013 Broyeur pour excavateur\u2013 Charrue pour excavateur \u2013 Taille-haie pour excavateur \u2013 Elagueur pour excavateur.<\/p>\n<p><strong>DISTRIBUTEUR OFFICIEL MICOSAFT-F<\/strong><\/p>\n<p>Biostimulants avec des champignons mycorhiziens (mycorhizes) pour les plantes. Ils augmentent la tol\u00e9rance au stress, pr\u00e9viennent les maladies radicales, optimisent l\u2019utilisation des engrais, augmentent les antioxydants dans les produits de la cha\u00eene agroalimentaire, r\u00e9g\u00e9n\u00e8rent les sols, indiqu\u00e9s dans la \u00ab fatigue \u00bb du sol.<br \/>\n[\/vc_column_text][\/vc_column][\/vc_row][vc_row][vc_column][vc_empty_space][\/vc_column][\/vc_row]\n<\/div>","protected":false},"excerpt":{"rendered":"<p>[vc_row][vc_column][vc_column_text] RCM S.r.l., est sp\u00e9cialis\u00e9e dans la production et r\u00e9paration d\u2019\u00e9quipements et machines agricoles, depuis plus de trente ans. L\u2019Entreprise est n\u00e9e gr\u00e2ce \u00e0 l\u2019initiative entreprenante de son fondateur, Mario Roffredo et de son fils, Claudio Roffredo, directeur juridique de l\u2019entreprise. En 1960, Mario Roffredo commence \u00e0 travailler dans le secteur de la m\u00e9canique et&hellip;<\/p>\n","protected":false},"author":1,"featured_media":0,"parent":0,"menu_order":41,"comment_status":"closed","ping_status":"closed","template":"page-default.php","meta":{"ngg_post_thumbnail":0},"yoast_head":"<!-- This site is optimized with the Yoast SEO plugin v20.5 - https:\/\/yoast.com\/wordpress\/plugins\/seo\/ -->\n<title>L\u2019entreprise - RCM Agrimeccanica: Macchine agricole ed industriali<\/title>\n<meta name=\"description\" content=\"RCM Agrimeccanica: esperti in macchinari agricoli e industriali con oltre 30 anni di innovazione e qualit\u00e0 in Italia. Scopri le nostre soluzioni.\" \/>\n<meta name=\"robots\" content=\"index, follow, max-snippet:-1, max-image-preview:large, max-video-preview:-1\" \/>\n<link rel=\"canonical\" href=\"https:\/\/rcm-agrimeccanica.it\/fr\/lentreprise\/\" \/>\n<meta property=\"og:locale\" content=\"fr_FR\" \/>\n<meta property=\"og:type\" content=\"article\" \/>\n<meta property=\"og:title\" content=\"L\u2019entreprise - RCM Agrimeccanica: Macchine agricole ed industriali\" \/>\n<meta property=\"og:description\" content=\"RCM Agrimeccanica: esperti in macchinari agricoli e industriali con oltre 30 anni di innovazione e qualit\u00e0 in Italia. Scopri le nostre soluzioni.\" \/>\n<meta property=\"og:url\" content=\"https:\/\/rcm-agrimeccanica.it\/fr\/lentreprise\/\" \/>\n<meta property=\"og:site_name\" content=\"RCM Agrimeccanica: Macchine agricole ed industriali\" \/>\n<meta property=\"article:modified_time\" content=\"2023-01-15T22:02:31+00:00\" \/>\n<meta property=\"og:image\" content=\"https:\/\/rcm-agrimeccanica.it\/wp-content\/uploads\/2022\/06\/azienda-640x480-1-300x225.jpg\" \/>\n<meta name=\"twitter:card\" content=\"summary_large_image\" \/>\n<meta name=\"twitter:label1\" content=\"Dur\u00e9e de lecture estim\u00e9e\" \/>\n\t<meta name=\"twitter:data1\" content=\"2 minutes\" \/>\n<script type=\"application\/ld+json\" class=\"yoast-schema-graph\">{\"@context\":\"https:\/\/schema.org\",\"@graph\":[{\"@type\":\"WebPage\",\"@id\":\"https:\/\/rcm-agrimeccanica.it\/fr\/lentreprise\/\",\"url\":\"https:\/\/rcm-agrimeccanica.it\/fr\/lentreprise\/\",\"name\":\"L\u2019entreprise - RCM Agrimeccanica: Macchine agricole ed industriali\",\"isPartOf\":{\"@id\":\"https:\/\/rcm-agrimeccanica.it\/en\/#website\"},\"datePublished\":\"2020-03-02T11:38:11+00:00\",\"dateModified\":\"2023-01-15T22:02:31+00:00\",\"description\":\"RCM Agrimeccanica: esperti in macchinari agricoli e industriali con oltre 30 anni di innovazione e qualit\u00e0 in Italia. Scopri le nostre soluzioni.\",\"breadcrumb\":{\"@id\":\"https:\/\/rcm-agrimeccanica.it\/fr\/lentreprise\/#breadcrumb\"},\"inLanguage\":\"fr-FR\",\"potentialAction\":[{\"@type\":\"ReadAction\",\"target\":[\"https:\/\/rcm-agrimeccanica.it\/fr\/lentreprise\/\"]}]},{\"@type\":\"BreadcrumbList\",\"@id\":\"https:\/\/rcm-agrimeccanica.it\/fr\/lentreprise\/#breadcrumb\",\"itemListElement\":[{\"@type\":\"ListItem\",\"position\":1,\"name\":\"Home\",\"item\":\"https:\/\/rcm-agrimeccanica.it\/fr\/\"},{\"@type\":\"ListItem\",\"position\":2,\"name\":\"L\u2019entreprise\"}]},{\"@type\":\"WebSite\",\"@id\":\"https:\/\/rcm-agrimeccanica.it\/en\/#website\",\"url\":\"https:\/\/rcm-agrimeccanica.it\/en\/\",\"name\":\"RCM Agrimeccanica\",\"description\":\"\",\"alternateName\":\"RCM Agrimeccanica\",\"potentialAction\":[{\"@type\":\"SearchAction\",\"target\":{\"@type\":\"EntryPoint\",\"urlTemplate\":\"https:\/\/rcm-agrimeccanica.it\/en\/?s={search_term_string}\"},\"query-input\":\"required name=search_term_string\"}],\"inLanguage\":\"fr-FR\"}]}<\/script>\n<!-- \/ Yoast SEO plugin. -->","yoast_head_json":{"title":"L\u2019entreprise - RCM Agrimeccanica: Macchine agricole ed industriali","description":"RCM Agrimeccanica: esperti in macchinari agricoli e industriali con oltre 30 anni di innovazione e qualit\u00e0 in Italia. Scopri le nostre soluzioni.","robots":{"index":"index","follow":"follow","max-snippet":"max-snippet:-1","max-image-preview":"max-image-preview:large","max-video-preview":"max-video-preview:-1"},"canonical":"https:\/\/rcm-agrimeccanica.it\/fr\/lentreprise\/","og_locale":"fr_FR","og_type":"article","og_title":"L\u2019entreprise - RCM Agrimeccanica: Macchine agricole ed industriali","og_description":"RCM Agrimeccanica: esperti in macchinari agricoli e industriali con oltre 30 anni di innovazione e qualit\u00e0 in Italia. Scopri le nostre soluzioni.","og_url":"https:\/\/rcm-agrimeccanica.it\/fr\/lentreprise\/","og_site_name":"RCM Agrimeccanica: Macchine agricole ed industriali","article_modified_time":"2023-01-15T22:02:31+00:00","og_image":[{"url":"https:\/\/rcm-agrimeccanica.it\/wp-content\/uploads\/2022\/06\/azienda-640x480-1-300x225.jpg"}],"twitter_card":"summary_large_image","twitter_misc":{"Dur\u00e9e de lecture estim\u00e9e":"2 minutes"},"schema":{"@context":"https:\/\/schema.org","@graph":[{"@type":"WebPage","@id":"https:\/\/rcm-agrimeccanica.it\/fr\/lentreprise\/","url":"https:\/\/rcm-agrimeccanica.it\/fr\/lentreprise\/","name":"L\u2019entreprise - RCM Agrimeccanica: Macchine agricole ed industriali","isPartOf":{"@id":"https:\/\/rcm-agrimeccanica.it\/en\/#website"},"datePublished":"2020-03-02T11:38:11+00:00","dateModified":"2023-01-15T22:02:31+00:00","description":"RCM Agrimeccanica: esperti in macchinari agricoli e industriali con oltre 30 anni di innovazione e qualit\u00e0 in Italia. Scopri le nostre soluzioni.","breadcrumb":{"@id":"https:\/\/rcm-agrimeccanica.it\/fr\/lentreprise\/#breadcrumb"},"inLanguage":"fr-FR","potentialAction":[{"@type":"ReadAction","target":["https:\/\/rcm-agrimeccanica.it\/fr\/lentreprise\/"]}]},{"@type":"BreadcrumbList","@id":"https:\/\/rcm-agrimeccanica.it\/fr\/lentreprise\/#breadcrumb","itemListElement":[{"@type":"ListItem","position":1,"name":"Home","item":"https:\/\/rcm-agrimeccanica.it\/fr\/"},{"@type":"ListItem","position":2,"name":"L\u2019entreprise"}]},{"@type":"WebSite","@id":"https:\/\/rcm-agrimeccanica.it\/en\/#website","url":"https:\/\/rcm-agrimeccanica.it\/en\/","name":"RCM Agrimeccanica","description":"","alternateName":"RCM Agrimeccanica","potentialAction":[{"@type":"SearchAction","target":{"@type":"EntryPoint","urlTemplate":"https:\/\/rcm-agrimeccanica.it\/en\/?s={search_term_string}"},"query-input":"required name=search_term_string"}],"inLanguage":"fr-FR"}]}},"_links":{"self":[{"href":"https:\/\/rcm-agrimeccanica.it\/fr\/wp-json\/wp\/v2\/pages\/4210"}],"collection":[{"href":"https:\/\/rcm-agrimeccanica.it\/fr\/wp-json\/wp\/v2\/pages"}],"about":[{"href":"https:\/\/rcm-agrimeccanica.it\/fr\/wp-json\/wp\/v2\/types\/page"}],"author":[{"embeddable":true,"href":"https:\/\/rcm-agrimeccanica.it\/fr\/wp-json\/wp\/v2\/users\/1"}],"replies":[{"embeddable":true,"href":"https:\/\/rcm-agrimeccanica.it\/fr\/wp-json\/wp\/v2\/comments?post=4210"}],"version-history":[{"count":2,"href":"https:\/\/rcm-agrimeccanica.it\/fr\/wp-json\/wp\/v2\/pages\/4210\/revisions"}],"predecessor-version":[{"id":4212,"href":"https:\/\/rcm-agrimeccanica.it\/fr\/wp-json\/wp\/v2\/pages\/4210\/revisions\/4212"}],"wp:attachment":[{"href":"https:\/\/rcm-agrimeccanica.it\/fr\/wp-json\/wp\/v2\/media?parent=4210"}],"curies":[{"name":"wp","href":"https:\/\/api.w.org\/{rel}","templated":true}]}}