{"id":4200,"date":"2020-01-28T14:57:23","date_gmt":"2020-01-28T14:57:23","guid":{"rendered":"https:\/\/rcm-agrimeccanica.it\/sviluppo\/?page_id=4200"},"modified":"2023-01-20T12:00:07","modified_gmt":"2023-01-20T12:00:07","slug":"contacts","status":"publish","type":"page","link":"https:\/\/rcm-agrimeccanica.it\/fr\/contacts\/","title":{"rendered":"Contacts"},"content":{"rendered":"<div class=\"wpb-content-wrapper\">[vc_row][vc_column width=\u00a0\u00bb1\/2&Prime;][vc_empty_space height=\u00a0\u00bb30px\u00a0\u00bb][vc_column_text]\n<h3><strong>Site de production:<\/strong><\/h3>\n<p>&nbsp;[\/vc_column_text][vc_raw_html]JTNDaWZyYW1lJTIwc3JjJTNEJTIyaHR0cHMlM0ElMkYlMkZ3d3cuZ29vZ2xlLmNvbSUyRm1hcHMlMkZlbWJlZCUzRnBiJTNEJTIxMW0xNCUyMTFtOCUyMTFtMyUyMTFkMjgzNC43MDkxMDg5MDIxOTclMjEyZDguNDM3MjIzMDAwMDAwMDAxJTIxM2Q0NC43MjU1NDglMjEzbTIlMjExaTEwMjQlMjEyaTc2OCUyMTRmMTMuMSUyMTNtMyUyMTFtMiUyMTFzMHgwJTI1M0EweGM2NTdiOTc2OTBiOTFhNDElMjEyc1JDTSUyNTIwTWFjY2hpbmUlMjUyMGFncmljb2xlJTI1MjBlJTI1MjBpbmR1c3RyaWFsaSUyMTVlMCUyMTNtMiUyMTFzaXQlMjEyc2l0JTIxNHYxNjU0MjQ4NDExNzc2JTIxNW0yJTIxMXNpdCUyMTJzaXQlMjIlMjB3aWR0aCUzRCUyMjEwMCUyNSUyMiUyMGhlaWdodCUzRCUyMjQ1MCUyMiUyMHN0eWxlJTNEJTIyYm9yZGVyJTNBMCUzQiUyMiUyMGFsbG93ZnVsbHNjcmVlbiUzRCUyMiUyMiUyMGxvYWRpbmclM0QlMjJsYXp5JTIyJTIwcmVmZXJyZXJwb2xpY3klM0QlMjJuby1yZWZlcnJlci13aGVuLWRvd25ncmFkZSUyMiUzRSUzQyUyRmlmcmFtZSUzRQ==[\/vc_raw_html][vc_empty_space height=\u00a0\u00bb50px\u00a0\u00bb][\/vc_column][vc_column width=\u00a0\u00bb1\/2&Prime;][vc_empty_space height=\u00a0\u00bb30px\u00a0\u00bb][vc_column_text]\n<h3><strong>Emplacement logistique:<\/strong><\/h3>\n<p>&nbsp;[\/vc_column_text][vc_raw_html]JTNDaWZyYW1lJTIwc3JjJTNEJTIyaHR0cHMlM0ElMkYlMkZ3d3cuZ29vZ2xlLmNvbSUyRm1hcHMlMkZlbWJlZCUzRnBiJTNEJTIxMW0xOCUyMTFtMTIlMjExbTMlMjExZDI4MzcuMzkyNzk1MzMxMjcyMyUyMTJkOC40ODA1ODc4JTIxM2Q0NC42NzA3NTYxJTIxMm0zJTIxMWYwJTIxMmYwJTIxM2YwJTIxM20yJTIxMWkxMDI0JTIxMmk3NjglMjE0ZjEzLjElMjEzbTMlMjExbTIlMjExczB4MTJkMmQ1NWVjYzQ3MWJlNyUyNTNBMHgyZWYxZDIwZTVlNWE0YmQyJTIxMnNWaWElMjUyMEx1Y2ElMjUyMEJsZXNpJTI1MkMlMjUyMDU0JTI1MkMlMjUyMDE1MDExJTI1MjBBY3F1aSUyNTIwVGVybWUlMjUyMEFMJTIxNWUwJTIxM20yJTIxMXNpdCUyMTJzaXQlMjE0djE2NzIyNjI2Mzk5ODMlMjE1bTIlMjExc2l0JTIxMnNpdCUyMiUyMHdpZHRoJTNEJTIyMTAwJTI1JTIyJTIwaGVpZ2h0JTNEJTIyNDUwJTIyJTIwc3R5bGUlM0QlMjJib3JkZXIlM0EwJTNCJTIyJTIwYWxsb3dmdWxsc2NyZWVuJTNEJTIyJTIyJTIwbG9hZGluZyUzRCUyMmxhenklMjIlMjByZWZlcnJlcnBvbGljeSUzRCUyMm5vLXJlZmVycmVyLXdoZW4tZG93bmdyYWRlJTIyJTNFJTNDJTJGaWZyYW1lJTNF[\/vc_raw_html][vc_empty_space height=\u00a0\u00bb50px\u00a0\u00bb][\/vc_column][\/vc_row][vc_row el_id=\u00a0\u00bbcontacts\u00a0\u00bb][vc_column width=\u00a0\u00bb3\/4&Prime; css=\u00a0\u00bb.vc_custom_1581948845321{padding-right: 5% !important;}\u00a0\u00bb][vc_column_text]\n<h3>Nous contacter:<\/h3>\n<p>&nbsp;[\/vc_column_text][vc_empty_space height=\u00a0\u00bb40px\u00a0\u00bb]\n<div class=\"wpcf7 no-js\" id=\"wpcf7-f4421-o1\" lang=\"it-IT\" dir=\"ltr\">\n<div class=\"screen-reader-response\"><p role=\"status\" aria-live=\"polite\" aria-atomic=\"true\"><\/p> <ul><\/ul><\/div>\n<form action=\"\/fr\/wp-json\/wp\/v2\/pages\/4200#wpcf7-f4421-o1\" method=\"post\" class=\"wpcf7-form init\" aria-label=\"Modulo di contatto\" novalidate=\"novalidate\" data-status=\"init\">\n<div style=\"display: none;\">\n<input type=\"hidden\" name=\"_wpcf7\" value=\"4421\" \/>\n<input type=\"hidden\" name=\"_wpcf7_version\" value=\"5.7.5.1\" \/>\n<input type=\"hidden\" name=\"_wpcf7_locale\" value=\"it_IT\" \/>\n<input type=\"hidden\" name=\"_wpcf7_unit_tag\" value=\"wpcf7-f4421-o1\" \/>\n<input type=\"hidden\" name=\"_wpcf7_container_post\" value=\"0\" \/>\n<input type=\"hidden\" name=\"_wpcf7_posted_data_hash\" value=\"\" \/>\n<input type=\"hidden\" name=\"_wpcf7_recaptcha_response\" value=\"\" \/>\n<\/div>\n<div class=\"row\">\n\t<div class=\"small-12 large-6 columns\">\n\t\t<p><label>Nom et pr\u00e9nom<\/label><span class=\"wpcf7-form-control-wrap\" data-name=\"nome-cognome\"><input size=\"40\" class=\"wpcf7-form-control wpcf7-text wpcf7-validates-as-required full\" aria-required=\"true\" aria-invalid=\"false\" value=\"\" type=\"text\" name=\"nome-cognome\" \/><\/span>\n\t\t<\/p>\n\t<\/div>\n\t<div class=\"small-12 large-6 columns\">\n\t\t<p><label>Courriel<\/label><span class=\"wpcf7-form-control-wrap\" data-name=\"email-486\"><input size=\"40\" class=\"wpcf7-form-control wpcf7-text wpcf7-email wpcf7-validates-as-required wpcf7-validates-as-email\" aria-required=\"true\" aria-invalid=\"false\" value=\"Email\" type=\"email\" name=\"email-486\" \/><\/span>\n\t\t<\/p>\n\t<\/div>\n\t<div class=\"small-12 large-6 columns\">\n\t\t<p><label>Num\u00e9ro de t\u00e9l\u00e9phone<\/label><span class=\"wpcf7-form-control-wrap\" data-name=\"telefono\"><input size=\"40\" class=\"wpcf7-form-control wpcf7-text wpcf7-validates-as-required full\" aria-required=\"true\" aria-invalid=\"false\" value=\"\" type=\"text\" name=\"telefono\" \/><\/span>\n\t\t<\/p>\n\t<\/div>\n\t<div class=\"small-12 large-6 columns\">\n\t\t<p><label>Cit\u00e9<\/label><span class=\"wpcf7-form-control-wrap\" data-name=\"city\"><input size=\"40\" class=\"wpcf7-form-control wpcf7-text wpcf7-validates-as-required full\" aria-required=\"true\" aria-invalid=\"false\" value=\"\" type=\"text\" name=\"city\" \/><\/span>\n\t\t<\/p>\n\t<\/div>\n\t<div class=\"small-12 columns\">\n\t\t<p><label>Message<\/label><span class=\"wpcf7-form-control-wrap\" data-name=\"messaggio\"><textarea cols=\"40\" rows=\"10\" class=\"wpcf7-form-control wpcf7-textarea full\" aria-invalid=\"false\" name=\"messaggio\"><\/textarea><\/span>\n\t\t<\/p>\n\t<\/div>\n<\/div>\n<div class=\"row\">\n\t<div class=\"small-12 columns\">\n\t\t<p><input class=\"wpcf7-form-control has-spinner wpcf7-submit btn\" type=\"submit\" value=\"Envoyer\" \/>\n\t\t<\/p>\n\t<\/div>\n<\/div><div class=\"wpcf7-response-output\" aria-hidden=\"true\"><\/div>\n<\/form>\n<\/div>\n[vc_empty_space height=\u00a0\u00bb40px\u00a0\u00bb][\/vc_column][vc_column width=\u00a0\u00bb1\/4&Prime;][vc_column_text]\n<h5>Information<\/h5>\n[\/vc_column_text][vc_column_text]<strong>Site de production:<\/strong><\/p>\n<p>Via Stazione 4\/A, 15010<br \/>\nAlice Bel Colle (AL), Italia<br \/>\n<strong>GPS:<\/strong> 44.725804 &#8211; 8.437509<\/p>\n<p><strong>Emplacement logistique:<\/strong><\/p>\n<p>Via Blesi, 54, 15011<br \/>\nAcqui Terme (AL), Italia<br \/>\n<strong>GPS:<\/strong> 44.671059 &#8211; 8.481271[\/vc_column_text][vc_line_chart style=\u00a0\u00bbmodern\u00a0\u00bb legend=\u00a0\u00bb\u00a0\u00bb tooltips=\u00a0\u00bb\u00a0\u00bb x_values=\u00a0\u00bb\u00a0\u00bb values=\u00a0\u00bb%5B%5D\u00a0\u00bb][vc_column_text]<span style=\"font-size: 14px;\"><strong>T\u00e9l\u00e9phone:<\/strong> <a href=\"tel:+390144745424\">+39 0144745424<\/a><\/span><br \/>\n<span style=\"font-size: 14px;\"><strong>Email:<\/strong> <a href=\"mailto:commerciale@rcm-agrimeccanica.it\">commerciale@rcm-agrimeccanica.it<\/a><br \/>\n<strong>Pec:<\/strong> <a href=\"mailto:rcm-srl@registerpec.it\">rcm-srl@registerpec.it<\/a><br \/>\n<strong>P.iva:<\/strong> 01979900063<\/span>[\/vc_column_text][vc_empty_space height=\u00a0\u00bb40px\u00a0\u00bb][\/vc_column][\/vc_row]\n<\/div>","protected":false},"excerpt":{"rendered":"<p>[vc_row][vc_column width=\u00a0\u00bb1\/2&Prime;][vc_empty_space height=\u00a0\u00bb30px\u00a0\u00bb][vc_column_text] Site de production: &nbsp;[\/vc_column_text][vc_raw_html]JTNDaWZyYW1lJTIwc3JjJTNEJTIyaHR0cHMlM0ElMkYlMkZ3d3cuZ29vZ2xlLmNvbSUyRm1hcHMlMkZlbWJlZCUzRnBiJTNEJTIxMW0xNCUyMTFtOCUyMTFtMyUyMTFkMjgzNC43MDkxMDg5MDIxOTclMjEyZDguNDM3MjIzMDAwMDAwMDAxJTIxM2Q0NC43MjU1NDglMjEzbTIlMjExaTEwMjQlMjEyaTc2OCUyMTRmMTMuMSUyMTNtMyUyMTFtMiUyMTFzMHgwJTI1M0EweGM2NTdiOTc2OTBiOTFhNDElMjEyc1JDTSUyNTIwTWFjY2hpbmUlMjUyMGFncmljb2xlJTI1MjBlJTI1MjBpbmR1c3RyaWFsaSUyMTVlMCUyMTNtMiUyMTFzaXQlMjEyc2l0JTIxNHYxNjU0MjQ4NDExNzc2JTIxNW0yJTIxMXNpdCUyMTJzaXQlMjIlMjB3aWR0aCUzRCUyMjEwMCUyNSUyMiUyMGhlaWdodCUzRCUyMjQ1MCUyMiUyMHN0eWxlJTNEJTIyYm9yZGVyJTNBMCUzQiUyMiUyMGFsbG93ZnVsbHNjcmVlbiUzRCUyMiUyMiUyMGxvYWRpbmclM0QlMjJsYXp5JTIyJTIwcmVmZXJyZXJwb2xpY3klM0QlMjJuby1yZWZlcnJlci13aGVuLWRvd25ncmFkZSUyMiUzRSUzQyUyRmlmcmFtZSUzRQ==[\/vc_raw_html][vc_empty_space height=\u00a0\u00bb50px\u00a0\u00bb][\/vc_column][vc_column width=\u00a0\u00bb1\/2&Prime;][vc_empty_space height=\u00a0\u00bb30px\u00a0\u00bb][vc_column_text] Emplacement logistique: &nbsp;[\/vc_column_text][vc_raw_html]JTNDaWZyYW1lJTIwc3JjJTNEJTIyaHR0cHMlM0ElMkYlMkZ3d3cuZ29vZ2xlLmNvbSUyRm1hcHMlMkZlbWJlZCUzRnBiJTNEJTIxMW0xOCUyMTFtMTIlMjExbTMlMjExZDI4MzcuMzkyNzk1MzMxMjcyMyUyMTJkOC40ODA1ODc4JTIxM2Q0NC42NzA3NTYxJTIxMm0zJTIxMWYwJTIxMmYwJTIxM2YwJTIxM20yJTIxMWkxMDI0JTIxMmk3NjglMjE0ZjEzLjElMjEzbTMlMjExbTIlMjExczB4MTJkMmQ1NWVjYzQ3MWJlNyUyNTNBMHgyZWYxZDIwZTVlNWE0YmQyJTIxMnNWaWElMjUyMEx1Y2ElMjUyMEJsZXNpJTI1MkMlMjUyMDU0JTI1MkMlMjUyMDE1MDExJTI1MjBBY3F1aSUyNTIwVGVybWUlMjUyMEFMJTIxNWUwJTIxM20yJTIxMXNpdCUyMTJzaXQlMjE0djE2NzIyNjI2Mzk5ODMlMjE1bTIlMjExc2l0JTIxMnNpdCUyMiUyMHdpZHRoJTNEJTIyMTAwJTI1JTIyJTIwaGVpZ2h0JTNEJTIyNDUwJTIyJTIwc3R5bGUlM0QlMjJib3JkZXIlM0EwJTNCJTIyJTIwYWxsb3dmdWxsc2NyZWVuJTNEJTIyJTIyJTIwbG9hZGluZyUzRCUyMmxhenklMjIlMjByZWZlcnJlcnBvbGljeSUzRCUyMm5vLXJlZmVycmVyLXdoZW4tZG93bmdyYWRlJTIyJTNFJTNDJTJGaWZyYW1lJTNF[\/vc_raw_html][vc_empty_space height=\u00a0\u00bb50px\u00a0\u00bb][\/vc_column][\/vc_row][vc_row el_id=\u00a0\u00bbcontacts\u00a0\u00bb][vc_column width=\u00a0\u00bb3\/4&Prime; css=\u00a0\u00bb.vc_custom_1581948845321{padding-right: 5% !important;}\u00a0\u00bb][vc_column_text] Nous contacter: &nbsp;[\/vc_column_text][vc_empty_space height=\u00a0\u00bb40px\u00a0\u00bb][vc_empty_space height=\u00a0\u00bb40px\u00a0\u00bb][\/vc_column][vc_column width=\u00a0\u00bb1\/4&Prime;][vc_column_text] Information [\/vc_column_text][vc_column_text]Site de production: Via Stazione 4\/A, 15010 Alice Bel Colle (AL), Italia GPS: 44.725804 &#8211; 8.437509 Emplacement logistique: Via Blesi, 54, 15011 Acqui Terme (AL), Italia GPS: 44.671059 &#8211;&hellip;<\/p>\n","protected":false},"author":1,"featured_media":0,"parent":0,"menu_order":54,"comment_status":"closed","ping_status":"closed","template":"page-default.php","meta":{"ngg_post_thumbnail":0},"yoast_head":"<!-- This site is optimized with the Yoast SEO plugin v20.5 - https:\/\/yoast.com\/wordpress\/plugins\/seo\/ -->\n<title>Contacts - RCM Agrimeccanica: Macchine agricole ed industriali<\/title>\n<meta name=\"description\" content=\"RCM Agrimeccanica: esperti in macchinari agricoli e industriali con oltre 30 anni di innovazione e qualit\u00e0 in Italia. Scopri le nostre soluzioni.\" \/>\n<meta name=\"robots\" content=\"index, follow, max-snippet:-1, max-image-preview:large, max-video-preview:-1\" \/>\n<link rel=\"canonical\" href=\"https:\/\/rcm-agrimeccanica.it\/fr\/contacts\/\" \/>\n<meta property=\"og:locale\" content=\"fr_FR\" \/>\n<meta property=\"og:type\" content=\"article\" \/>\n<meta property=\"og:title\" content=\"Contacts - RCM Agrimeccanica: Macchine agricole ed industriali\" \/>\n<meta property=\"og:description\" content=\"RCM Agrimeccanica: esperti in macchinari agricoli e industriali con oltre 30 anni di innovazione e qualit\u00e0 in Italia. Scopri le nostre soluzioni.\" \/>\n<meta property=\"og:url\" content=\"https:\/\/rcm-agrimeccanica.it\/fr\/contacts\/\" \/>\n<meta property=\"og:site_name\" content=\"RCM Agrimeccanica: Macchine agricole ed industriali\" \/>\n<meta property=\"article:modified_time\" content=\"2023-01-20T12:00:07+00:00\" \/>\n<meta name=\"twitter:card\" content=\"summary_large_image\" \/>\n<meta name=\"twitter:label1\" content=\"Dur\u00e9e de lecture estim\u00e9e\" \/>\n\t<meta name=\"twitter:data1\" content=\"1 minute\" \/>\n<script type=\"application\/ld+json\" class=\"yoast-schema-graph\">{\"@context\":\"https:\/\/schema.org\",\"@graph\":[{\"@type\":\"WebPage\",\"@id\":\"https:\/\/rcm-agrimeccanica.it\/fr\/contacts\/\",\"url\":\"https:\/\/rcm-agrimeccanica.it\/fr\/contacts\/\",\"name\":\"Contacts - RCM Agrimeccanica: Macchine agricole ed industriali\",\"isPartOf\":{\"@id\":\"https:\/\/rcm-agrimeccanica.it\/en\/#website\"},\"datePublished\":\"2020-01-28T14:57:23+00:00\",\"dateModified\":\"2023-01-20T12:00:07+00:00\",\"description\":\"RCM Agrimeccanica: esperti in macchinari agricoli e industriali con oltre 30 anni di innovazione e qualit\u00e0 in Italia. Scopri le nostre soluzioni.\",\"breadcrumb\":{\"@id\":\"https:\/\/rcm-agrimeccanica.it\/fr\/contacts\/#breadcrumb\"},\"inLanguage\":\"fr-FR\",\"potentialAction\":[{\"@type\":\"ReadAction\",\"target\":[\"https:\/\/rcm-agrimeccanica.it\/fr\/contacts\/\"]}]},{\"@type\":\"BreadcrumbList\",\"@id\":\"https:\/\/rcm-agrimeccanica.it\/fr\/contacts\/#breadcrumb\",\"itemListElement\":[{\"@type\":\"ListItem\",\"position\":1,\"name\":\"Home\",\"item\":\"https:\/\/rcm-agrimeccanica.it\/fr\/\"},{\"@type\":\"ListItem\",\"position\":2,\"name\":\"Contacts\"}]},{\"@type\":\"WebSite\",\"@id\":\"https:\/\/rcm-agrimeccanica.it\/en\/#website\",\"url\":\"https:\/\/rcm-agrimeccanica.it\/en\/\",\"name\":\"RCM Agrimeccanica\",\"description\":\"\",\"alternateName\":\"RCM Agrimeccanica\",\"potentialAction\":[{\"@type\":\"SearchAction\",\"target\":{\"@type\":\"EntryPoint\",\"urlTemplate\":\"https:\/\/rcm-agrimeccanica.it\/en\/?s={search_term_string}\"},\"query-input\":\"required name=search_term_string\"}],\"inLanguage\":\"fr-FR\"}]}<\/script>\n<!-- \/ Yoast SEO plugin. -->","yoast_head_json":{"title":"Contacts - RCM Agrimeccanica: Macchine agricole ed industriali","description":"RCM Agrimeccanica: esperti in macchinari agricoli e industriali con oltre 30 anni di innovazione e qualit\u00e0 in Italia. Scopri le nostre soluzioni.","robots":{"index":"index","follow":"follow","max-snippet":"max-snippet:-1","max-image-preview":"max-image-preview:large","max-video-preview":"max-video-preview:-1"},"canonical":"https:\/\/rcm-agrimeccanica.it\/fr\/contacts\/","og_locale":"fr_FR","og_type":"article","og_title":"Contacts - RCM Agrimeccanica: Macchine agricole ed industriali","og_description":"RCM Agrimeccanica: esperti in macchinari agricoli e industriali con oltre 30 anni di innovazione e qualit\u00e0 in Italia. Scopri le nostre soluzioni.","og_url":"https:\/\/rcm-agrimeccanica.it\/fr\/contacts\/","og_site_name":"RCM Agrimeccanica: Macchine agricole ed industriali","article_modified_time":"2023-01-20T12:00:07+00:00","twitter_card":"summary_large_image","twitter_misc":{"Dur\u00e9e de lecture estim\u00e9e":"1 minute"},"schema":{"@context":"https:\/\/schema.org","@graph":[{"@type":"WebPage","@id":"https:\/\/rcm-agrimeccanica.it\/fr\/contacts\/","url":"https:\/\/rcm-agrimeccanica.it\/fr\/contacts\/","name":"Contacts - RCM Agrimeccanica: Macchine agricole ed industriali","isPartOf":{"@id":"https:\/\/rcm-agrimeccanica.it\/en\/#website"},"datePublished":"2020-01-28T14:57:23+00:00","dateModified":"2023-01-20T12:00:07+00:00","description":"RCM Agrimeccanica: esperti in macchinari agricoli e industriali con oltre 30 anni di innovazione e qualit\u00e0 in Italia. Scopri le nostre soluzioni.","breadcrumb":{"@id":"https:\/\/rcm-agrimeccanica.it\/fr\/contacts\/#breadcrumb"},"inLanguage":"fr-FR","potentialAction":[{"@type":"ReadAction","target":["https:\/\/rcm-agrimeccanica.it\/fr\/contacts\/"]}]},{"@type":"BreadcrumbList","@id":"https:\/\/rcm-agrimeccanica.it\/fr\/contacts\/#breadcrumb","itemListElement":[{"@type":"ListItem","position":1,"name":"Home","item":"https:\/\/rcm-agrimeccanica.it\/fr\/"},{"@type":"ListItem","position":2,"name":"Contacts"}]},{"@type":"WebSite","@id":"https:\/\/rcm-agrimeccanica.it\/en\/#website","url":"https:\/\/rcm-agrimeccanica.it\/en\/","name":"RCM Agrimeccanica","description":"","alternateName":"RCM Agrimeccanica","potentialAction":[{"@type":"SearchAction","target":{"@type":"EntryPoint","urlTemplate":"https:\/\/rcm-agrimeccanica.it\/en\/?s={search_term_string}"},"query-input":"required name=search_term_string"}],"inLanguage":"fr-FR"}]}},"_links":{"self":[{"href":"https:\/\/rcm-agrimeccanica.it\/fr\/wp-json\/wp\/v2\/pages\/4200"}],"collection":[{"href":"https:\/\/rcm-agrimeccanica.it\/fr\/wp-json\/wp\/v2\/pages"}],"about":[{"href":"https:\/\/rcm-agrimeccanica.it\/fr\/wp-json\/wp\/v2\/types\/page"}],"author":[{"embeddable":true,"href":"https:\/\/rcm-agrimeccanica.it\/fr\/wp-json\/wp\/v2\/users\/1"}],"replies":[{"embeddable":true,"href":"https:\/\/rcm-agrimeccanica.it\/fr\/wp-json\/wp\/v2\/comments?post=4200"}],"version-history":[{"count":4,"href":"https:\/\/rcm-agrimeccanica.it\/fr\/wp-json\/wp\/v2\/pages\/4200\/revisions"}],"predecessor-version":[{"id":4435,"href":"https:\/\/rcm-agrimeccanica.it\/fr\/wp-json\/wp\/v2\/pages\/4200\/revisions\/4435"}],"wp:attachment":[{"href":"https:\/\/rcm-agrimeccanica.it\/fr\/wp-json\/wp\/v2\/media?parent=4200"}],"curies":[{"name":"wp","href":"https:\/\/api.w.org\/{rel}","templated":true}]}}