{"id":5126,"date":"2022-08-01T13:54:43","date_gmt":"2022-08-01T13:54:43","guid":{"rendered":"https:\/\/rcm-agrimeccanica.it\/?post_type=product&#038;p=5126"},"modified":"2023-05-05T13:32:01","modified_gmt":"2023-05-05T13:32:01","slug":"fraiseuse-mod-zlfe","status":"publish","type":"product","link":"https:\/\/rcm-agrimeccanica.it\/de\/produkt\/fraiseuse-mod-zlfe\/","title":{"rendered":"Fraiseuse \u2013 mod. ZLFE"},"content":{"rendered":"<p>Sie eignen sich f\u00fcr Traktoren mit begrenzter Leistung und k\u00f6nnen in Weinbergen, Obstg\u00e4rten<br \/>\nund Olivenhainen eingesetzt werden, wodurch ihre Vielseitigkeit verbessert wird. Sie halten das<br \/>\nVerarbeitungssystem der professionellsten Maschinen unver\u00e4ndert. Der Bearbeitungsmechanismus<br \/>\nwird durch eine Fr\u00e4swelle gew\u00e4hrleistet, die aus oder mehreren Flanschen besteht, von denen<br \/>\njeder vier Hacken hat. Es ist m\u00f6glich, eine seitliche Verschiebung von etwa 10 Zentimetern durch<br \/>\nseitlich positionierte Gleitbuchsen in Bezug auf die Befestigungsarme des Traktors zu erhalten.<\/p>\n","protected":false},"excerpt":{"rendered":"<p style=\"text-align: justify;\">Die ZLFE-Modelle sind f\u00fcr den Einsatz mit Kleintraktoren von 16-25 PS bis 45-55 PS<br \/>\nausgelegt; sie zeichnen sich durch eine kompakte und robuste Leichtbaustruktur aus und sind<br \/>\nqualitativ sehr konkurrenzf\u00e4hig.<\/p>\n<p><a href=\"https:\/\/rcm-agrimeccanica.it\/fr\/contacts\/#contacts\" rel=\"noopener\"><button class=\"single_add_to_cart_button button alt\" name=\"add-to-cart\" type=\"submit\" value=\"204\">DEMANDE D\u2019INFORMATION<\/button><\/a><\/p>\n","protected":false},"featured_media":3816,"template":"","meta":{"ngg_post_thumbnail":0},"product_cat":[],"product_tag":[],"yoast_head":"<!-- This site is optimized with the Yoast SEO plugin v20.5 - https:\/\/yoast.com\/wordpress\/plugins\/seo\/ -->\n<title>Fraiseuse \u2013 mod. ZLFE - RCM Agrimeccanica: Macchine agricole ed industriali<\/title>\n<meta name=\"description\" content=\"RCM Agrimeccanica: esperti in macchinari agricoli e industriali con oltre 30 anni di innovazione e qualit\u00e0 in Italia. Scopri le nostre soluzioni.\" \/>\n<meta name=\"robots\" content=\"index, follow, max-snippet:-1, max-image-preview:large, max-video-preview:-1\" \/>\n<link rel=\"canonical\" href=\"https:\/\/rcm-agrimeccanica.it\/de\/produkt\/fraiseuse-mod-zlfe\/\" \/>\n<meta property=\"og:locale\" content=\"de_DE\" \/>\n<meta property=\"og:type\" content=\"article\" \/>\n<meta property=\"og:title\" content=\"Fraiseuse \u2013 mod. ZLFE - RCM Agrimeccanica: Macchine agricole ed industriali\" \/>\n<meta property=\"og:description\" content=\"RCM Agrimeccanica: esperti in macchinari agricoli e industriali con oltre 30 anni di innovazione e qualit\u00e0 in Italia. Scopri le nostre soluzioni.\" \/>\n<meta property=\"og:url\" content=\"https:\/\/rcm-agrimeccanica.it\/de\/produkt\/fraiseuse-mod-zlfe\/\" \/>\n<meta property=\"og:site_name\" content=\"RCM Agrimeccanica: Macchine agricole ed industriali\" \/>\n<meta property=\"article:modified_time\" content=\"2023-05-05T13:32:01+00:00\" \/>\n<meta property=\"og:image\" content=\"https:\/\/rcm-agrimeccanica.it\/wp-content\/uploads\/2022\/08\/fresatrice_ZLFE-500x350-1.jpg\" \/>\n\t<meta property=\"og:image:width\" content=\"500\" \/>\n\t<meta property=\"og:image:height\" content=\"350\" \/>\n\t<meta property=\"og:image:type\" content=\"image\/jpeg\" \/>\n<meta name=\"twitter:card\" content=\"summary_large_image\" \/>\n<meta name=\"twitter:label1\" content=\"Gesch\u00e4tzte Lesezeit\" \/>\n\t<meta name=\"twitter:data1\" content=\"1\u00a0Minute\" \/>\n<script type=\"application\/ld+json\" class=\"yoast-schema-graph\">{\"@context\":\"https:\/\/schema.org\",\"@graph\":[{\"@type\":\"WebPage\",\"@id\":\"https:\/\/rcm-agrimeccanica.it\/de\/produkt\/fraiseuse-mod-zlfe\/\",\"url\":\"https:\/\/rcm-agrimeccanica.it\/de\/produkt\/fraiseuse-mod-zlfe\/\",\"name\":\"Fraiseuse \u2013 mod. ZLFE - RCM Agrimeccanica: Macchine agricole ed industriali\",\"isPartOf\":{\"@id\":\"https:\/\/rcm-agrimeccanica.it\/en\/#website\"},\"datePublished\":\"2022-08-01T13:54:43+00:00\",\"dateModified\":\"2023-05-05T13:32:01+00:00\",\"description\":\"RCM Agrimeccanica: esperti in macchinari agricoli e industriali con oltre 30 anni di innovazione e qualit\u00e0 in Italia. Scopri le nostre soluzioni.\",\"breadcrumb\":{\"@id\":\"https:\/\/rcm-agrimeccanica.it\/de\/produkt\/fraiseuse-mod-zlfe\/#breadcrumb\"},\"inLanguage\":\"de\",\"potentialAction\":[{\"@type\":\"ReadAction\",\"target\":[\"https:\/\/rcm-agrimeccanica.it\/de\/produkt\/fraiseuse-mod-zlfe\/\"]}]},{\"@type\":\"BreadcrumbList\",\"@id\":\"https:\/\/rcm-agrimeccanica.it\/de\/produkt\/fraiseuse-mod-zlfe\/#breadcrumb\",\"itemListElement\":[{\"@type\":\"ListItem\",\"position\":1,\"name\":\"Home\",\"item\":\"https:\/\/rcm-agrimeccanica.it\/\"},{\"@type\":\"ListItem\",\"position\":2,\"name\":\"Produits\",\"item\":\"https:\/\/rcm-agrimeccanica.it\/fr\/shop\/\"},{\"@type\":\"ListItem\",\"position\":3,\"name\":\"Fraiseuse \u2013 mod. ZLFE\"}]},{\"@type\":\"WebSite\",\"@id\":\"https:\/\/rcm-agrimeccanica.it\/en\/#website\",\"url\":\"https:\/\/rcm-agrimeccanica.it\/en\/\",\"name\":\"RCM Agrimeccanica\",\"description\":\"\",\"alternateName\":\"RCM Agrimeccanica\",\"potentialAction\":[{\"@type\":\"SearchAction\",\"target\":{\"@type\":\"EntryPoint\",\"urlTemplate\":\"https:\/\/rcm-agrimeccanica.it\/en\/?s={search_term_string}\"},\"query-input\":\"required name=search_term_string\"}],\"inLanguage\":\"de\"}]}<\/script>\n<!-- \/ Yoast SEO plugin. -->","yoast_head_json":{"title":"Fraiseuse \u2013 mod. ZLFE - RCM Agrimeccanica: Macchine agricole ed industriali","description":"RCM Agrimeccanica: esperti in macchinari agricoli e industriali con oltre 30 anni di innovazione e qualit\u00e0 in Italia. Scopri le nostre soluzioni.","robots":{"index":"index","follow":"follow","max-snippet":"max-snippet:-1","max-image-preview":"max-image-preview:large","max-video-preview":"max-video-preview:-1"},"canonical":"https:\/\/rcm-agrimeccanica.it\/de\/produkt\/fraiseuse-mod-zlfe\/","og_locale":"de_DE","og_type":"article","og_title":"Fraiseuse \u2013 mod. ZLFE - RCM Agrimeccanica: Macchine agricole ed industriali","og_description":"RCM Agrimeccanica: esperti in macchinari agricoli e industriali con oltre 30 anni di innovazione e qualit\u00e0 in Italia. Scopri le nostre soluzioni.","og_url":"https:\/\/rcm-agrimeccanica.it\/de\/produkt\/fraiseuse-mod-zlfe\/","og_site_name":"RCM Agrimeccanica: Macchine agricole ed industriali","article_modified_time":"2023-05-05T13:32:01+00:00","og_image":[{"width":500,"height":350,"url":"https:\/\/rcm-agrimeccanica.it\/wp-content\/uploads\/2022\/08\/fresatrice_ZLFE-500x350-1.jpg","type":"image\/jpeg"}],"twitter_card":"summary_large_image","twitter_misc":{"Gesch\u00e4tzte Lesezeit":"1\u00a0Minute"},"schema":{"@context":"https:\/\/schema.org","@graph":[{"@type":"WebPage","@id":"https:\/\/rcm-agrimeccanica.it\/de\/produkt\/fraiseuse-mod-zlfe\/","url":"https:\/\/rcm-agrimeccanica.it\/de\/produkt\/fraiseuse-mod-zlfe\/","name":"Fraiseuse \u2013 mod. ZLFE - RCM Agrimeccanica: Macchine agricole ed industriali","isPartOf":{"@id":"https:\/\/rcm-agrimeccanica.it\/en\/#website"},"datePublished":"2022-08-01T13:54:43+00:00","dateModified":"2023-05-05T13:32:01+00:00","description":"RCM Agrimeccanica: esperti in macchinari agricoli e industriali con oltre 30 anni di innovazione e qualit\u00e0 in Italia. Scopri le nostre soluzioni.","breadcrumb":{"@id":"https:\/\/rcm-agrimeccanica.it\/de\/produkt\/fraiseuse-mod-zlfe\/#breadcrumb"},"inLanguage":"de","potentialAction":[{"@type":"ReadAction","target":["https:\/\/rcm-agrimeccanica.it\/de\/produkt\/fraiseuse-mod-zlfe\/"]}]},{"@type":"BreadcrumbList","@id":"https:\/\/rcm-agrimeccanica.it\/de\/produkt\/fraiseuse-mod-zlfe\/#breadcrumb","itemListElement":[{"@type":"ListItem","position":1,"name":"Home","item":"https:\/\/rcm-agrimeccanica.it\/"},{"@type":"ListItem","position":2,"name":"Produits","item":"https:\/\/rcm-agrimeccanica.it\/fr\/shop\/"},{"@type":"ListItem","position":3,"name":"Fraiseuse \u2013 mod. ZLFE"}]},{"@type":"WebSite","@id":"https:\/\/rcm-agrimeccanica.it\/en\/#website","url":"https:\/\/rcm-agrimeccanica.it\/en\/","name":"RCM Agrimeccanica","description":"","alternateName":"RCM Agrimeccanica","potentialAction":[{"@type":"SearchAction","target":{"@type":"EntryPoint","urlTemplate":"https:\/\/rcm-agrimeccanica.it\/en\/?s={search_term_string}"},"query-input":"required name=search_term_string"}],"inLanguage":"de"}]}},"_links":{"self":[{"href":"https:\/\/rcm-agrimeccanica.it\/de\/wp-json\/wp\/v3\/product\/5126"}],"collection":[{"href":"https:\/\/rcm-agrimeccanica.it\/de\/wp-json\/wp\/v3\/product"}],"about":[{"href":"https:\/\/rcm-agrimeccanica.it\/de\/wp-json\/wp\/v2\/types\/product"}],"wp:featuredmedia":[{"embeddable":true,"href":"https:\/\/rcm-agrimeccanica.it\/de\/wp-json\/wp\/v2\/media\/3816"}],"wp:attachment":[{"href":"https:\/\/rcm-agrimeccanica.it\/de\/wp-json\/wp\/v2\/media?parent=5126"}],"wp:term":[{"taxonomy":"product_cat","embeddable":true,"href":"https:\/\/rcm-agrimeccanica.it\/de\/wp-json\/wp\/v2\/product_cat?post=5126"},{"taxonomy":"product_tag","embeddable":true,"href":"https:\/\/rcm-agrimeccanica.it\/de\/wp-json\/wp\/v2\/product_tag?post=5126"}],"curies":[{"name":"wp","href":"https:\/\/api.w.org\/{rel}","templated":true}]}}